{"id":67666,"date":"2025-04-28T05:50:15","date_gmt":"2025-04-28T05:50:15","guid":{"rendered":"https:\/\/e.kosmolat.eu\/product\/gc-kopjoss-samp-visiem-matu-tipiem-pret-matu-izkr-un-traus-500-ml\/"},"modified":"2026-04-21T08:25:59","modified_gmt":"2026-04-21T08:25:59","slug":"gc-kopjoss-samp-visiem-matu-tipiem-pret-matu-izkr-un-traus-500-ml","status":"publish","type":"product","link":"https:\/\/e.kosmolat.eu\/lt\/produktas\/gc-kopjoss-samp-visiem-matu-tipiem-pret-matu-izkr-un-traus-500-ml\/","title":{"rendered":"GREEN COLLECTION \u0160amp\u016bnas vis\u0173 tip\u0173 plaukams nuo plauk\u0173 slinkimo ir trapumo, 500 ml"},"content":{"rendered":"<p>\u0160amp\u016bnas-eliksyras vis\u0173 tip\u0173 plaukams yra praturtintas 23 veikliosiomis med\u017eiagomis, skirtas \u0161velniai valyti plaukus ir galvos od\u0105, taip pat r\u016bpestingai pri\u017ei\u016br\u0117ti linkusius slinkti plaukus. Recepte yra 15 vaistini\u0173 \u017eoleli\u0173, 5 vertingi aliejai, \u012fskaitant varnal\u0117\u0161\u0173, kedr\u0173, lin\u0173, avokad\u0173 ir rozmarin\u0173 aliejus, taip pat praturtintas aktyviais kukur\u016bz\u0173 baltymais ir argininu.<\/p>\n<p>Naudojimas: paskirstykite ant dr\u0117gn\u0173 plauk\u0173, suputokite ir nuplaukite vandeniu.<\/p>\n<p>Atsargumo priemon\u0117s: Tik i\u0161oriniam naudojimui. Patekus \u012f akis, gerai nuplauti vandeniu ir, jei reikia, kreiptis \u012f gydytoj\u0105.<\/p>\n<p>\u012esp\u0117jimas: galimas individualus padid\u0117j\u0119s jautrumas komponentams.<\/p>\n<p>Laikyti nuo +5 iki +25\u00b0C temperat\u016broje, atokiau nuo tiesiogini\u0173 saul\u0117s spinduli\u0173. Laikyti bent 0,5 m atstumu nuo \u0161ildymo prietais\u0173.<\/p>\n<p>Geriausias: 30 m\u0117nesi\u0173 nuo pagaminimo datos.<\/p>\n","protected":false},"excerpt":{"rendered":"<p>\u0160amp\u016bnas-eliksyras vis\u0173 tip\u0173 plaukams yra praturtintas 23 veikliosiomis med\u017eiagomis, skirtas \u0161velniai valyti plaukus ir galvos od\u0105, taip pat r\u016bpestingai pri\u017ei\u016br\u0117ti linkusius slinkti plaukus. Recepte yra 15 vaistini\u0173 \u017eoleli\u0173, 5 vertingi aliejai, \u012fskaitant varnal\u0117\u0161\u0173, kedr\u0173, lin\u0173, avokad\u0173 ir rozmarin\u0173 aliejus, taip pat praturtintas aktyviais kukur\u016bz\u0173 baltymais ir argininu. Naudojimas: paskirstykite ant dr\u0117gn\u0173 plauk\u0173, suputokite ir nuplaukite [&#8230;]\n","protected":false},"featured_media":96882,"template":"","meta":[],"product_cat":[1251],"product_tag":[],"class_list":{"0":"post-67666","1":"product","2":"type-product","3":"status-publish","4":"has-post-thumbnail","6":"product_brand-aljans-krasoti_ua-lt","7":"product_cat-sampunai","9":"first","10":"instock","11":"taxable","12":"shipping-taxable","13":"product-type-simple"},"_links":{"self":[{"href":"https:\/\/e.kosmolat.eu\/lt\/wp-json\/wp\/v2\/product\/67666","targetHints":{"allow":["GET"]}}],"collection":[{"href":"https:\/\/e.kosmolat.eu\/lt\/wp-json\/wp\/v2\/product"}],"about":[{"href":"https:\/\/e.kosmolat.eu\/lt\/wp-json\/wp\/v2\/types\/product"}],"wp:featuredmedia":[{"embeddable":true,"href":"https:\/\/e.kosmolat.eu\/lt\/wp-json\/wp\/v2\/media\/96882"}],"wp:attachment":[{"href":"https:\/\/e.kosmolat.eu\/lt\/wp-json\/wp\/v2\/media?parent=67666"}],"wp:term":[{"taxonomy":"product_cat","embeddable":true,"href":"https:\/\/e.kosmolat.eu\/lt\/wp-json\/wp\/v2\/product_cat?post=67666"},{"taxonomy":"product_tag","embeddable":true,"href":"https:\/\/e.kosmolat.eu\/lt\/wp-json\/wp\/v2\/product_tag?post=67666"}],"curies":[{"name":"wp","href":"https:\/\/api.w.org\/{rel}","templated":true}]}}