{"id":67650,"date":"2025-04-28T05:49:38","date_gmt":"2025-04-28T05:49:38","guid":{"rendered":"https:\/\/e.kosmolat.eu\/product\/pharma-bio-lab-dadzu-sampuns-pret-matu-izkr-200-ml\/"},"modified":"2026-04-02T07:06:14","modified_gmt":"2026-04-02T07:06:14","slug":"pharma-bio-lab-dadzu-sampuns-pret-matu-izkr-200-ml","status":"publish","type":"product","link":"https:\/\/e.kosmolat.eu\/lt\/produktas\/pharma-bio-lab-dadzu-sampuns-pret-matu-izkr-200-ml\/","title":{"rendered":"PHARMA BIO LABORATORY Varnal\u0117\u0161\u0173 \u0161amp\u016bnas nuo plauk\u0173 slinkimo, 200 ml"},"content":{"rendered":"<p>\u0160amp\u016bn\u0105 specialiai suk\u016br\u0117 Pharma BIO Laboratory ekspertai \u0161velniam galvos odos ir plauk\u0173 valymui. Formul\u0117je yra vaistini\u0173 \u017eoleli\u0173 fito kolekcija ir papildomai praturtintas galingu kompleksu CAPAUXEIN (Pranc\u016bzija), kuris padeda pagerinti plauk\u0173 augim\u0105 reguliariai naudojant ir kartu su plauk\u0173 balzamu-kauke ir varnal\u0117\u0161\u0173 aliejumi i\u0161 Pharma BIO Laboratory.<\/p>\n<p>Naudojimas: u\u017etepkite \u0161amp\u016bn\u0105 ant dr\u0117gn\u0173 plauk\u0173, palikite 2-3 minutes ir nuplaukite \u0161iltu vandeniu.<\/p>\n<p>Atsargumo priemon\u0117s: Tik i\u0161oriniam naudojimui. Patekus \u012f akis, gerai nuplauti vandeniu ir, jei reikia, kreiptis \u012f gydytoj\u0105.<\/p>\n<p>\u012esp\u0117jimas: galimas individualus padid\u0117j\u0119s jautrumas komponentams.<\/p>\n<p>Laikyti nuo +5 iki +25\u00b0C temperat\u016broje, atokiau nuo tiesiogini\u0173 saul\u0117s spinduli\u0173. Laikyti bent 0,5 m atstumu nuo \u0161ildymo prietais\u0173.<\/p>\n<p>Geriausias: 24 m\u0117nesi\u0173 nuo pagaminimo datos.<\/p>\n","protected":false},"excerpt":{"rendered":"<p>\u0160amp\u016bn\u0105 specialiai suk\u016br\u0117 Pharma BIO Laboratory ekspertai \u0161velniam galvos odos ir plauk\u0173 valymui. Formul\u0117je yra vaistini\u0173 \u017eoleli\u0173 fito kolekcija ir papildomai praturtintas galingu kompleksu CAPAUXEIN (Pranc\u016bzija), kuris padeda pagerinti plauk\u0173 augim\u0105 reguliariai naudojant ir kartu su plauk\u0173 balzamu-kauke ir varnal\u0117\u0161\u0173 aliejumi i\u0161 Pharma BIO Laboratory. Naudojimas: u\u017etepkite \u0161amp\u016bn\u0105 ant dr\u0117gn\u0173 plauk\u0173, palikite 2-3 minutes ir [&#8230;]\n","protected":false},"featured_media":96874,"template":"","meta":[],"product_cat":[1251],"product_tag":[],"class_list":{"0":"post-67650","1":"product","2":"type-product","3":"status-publish","4":"has-post-thumbnail","6":"product_brand-aljans-krasoti_ua-lt","7":"product_cat-sampunai","9":"first","10":"instock","11":"taxable","12":"shipping-taxable","13":"product-type-simple"},"_links":{"self":[{"href":"https:\/\/e.kosmolat.eu\/lt\/wp-json\/wp\/v2\/product\/67650","targetHints":{"allow":["GET"]}}],"collection":[{"href":"https:\/\/e.kosmolat.eu\/lt\/wp-json\/wp\/v2\/product"}],"about":[{"href":"https:\/\/e.kosmolat.eu\/lt\/wp-json\/wp\/v2\/types\/product"}],"wp:featuredmedia":[{"embeddable":true,"href":"https:\/\/e.kosmolat.eu\/lt\/wp-json\/wp\/v2\/media\/96874"}],"wp:attachment":[{"href":"https:\/\/e.kosmolat.eu\/lt\/wp-json\/wp\/v2\/media?parent=67650"}],"wp:term":[{"taxonomy":"product_cat","embeddable":true,"href":"https:\/\/e.kosmolat.eu\/lt\/wp-json\/wp\/v2\/product_cat?post=67650"},{"taxonomy":"product_tag","embeddable":true,"href":"https:\/\/e.kosmolat.eu\/lt\/wp-json\/wp\/v2\/product_tag?post=67650"}],"curies":[{"name":"wp","href":"https:\/\/api.w.org\/{rel}","templated":true}]}}