{"id":67642,"date":"2025-04-28T05:49:16","date_gmt":"2025-04-28T05:49:16","guid":{"rendered":"https:\/\/e.kosmolat.eu\/product\/lk-iespaid-apjoms-un-matu-biezums-balzams-maska-ar-natru-un-medu-visiem-m-tip-370-ml\/"},"modified":"2026-04-23T06:13:31","modified_gmt":"2026-04-23T06:13:31","slug":"lk-iespaid-apjoms-un-matu-biezums-balzams-maska-ar-natru-un-medu-visiem-m-tip-370-ml","status":"publish","type":"product","link":"https:\/\/e.kosmolat.eu\/lt\/produktas\/lk-iespaid-apjoms-un-matu-biezums-balzams-maska-ar-natru-un-medu-visiem-m-tip-370-ml\/","title":{"rendered":"LINIJA KRASOTY \u012esp\u016bdingos apimties ir storio plaukai Balzamas-kauk\u0117 su dilg\u0117l\u0117mis ir medumi vis\u0173 tip"},"content":{"rendered":"<p>Balzamas-kauk\u0117, skirta i\u0161laikyti j\u016bs\u0173 plauk\u0173 gyvybingum\u0105, nat\u016brali\u0105 energij\u0105 ir sveik\u0105 blizges\u012f. Speciali formul\u0117 praturtinta dilg\u0117li\u0173, medetk\u0173, alavij\u0173 ir medaus ekstraktais. Gr\u0105\u017einkite plaukams \u0161ilkin\u012f blizges\u012f, i\u0161puosel\u0117t\u0105 i\u0161vaizd\u0105, nat\u016bral\u0173 blizges\u012f!<\/p>\n<p>Naudojimas: u\u017etepkite balzam\u0105-kauk\u0119 ant \u0161vari\u0173, dr\u0117gn\u0173 plauk\u0173, paskirstykite per vis\u0105 ilg\u012f, palikite 2-3 minutes ir nuplaukite \u0161iltu vandeniu.<\/p>\n<p>Atsargumo priemon\u0117s: Tik i\u0161oriniam naudojimui. Patekus \u012f akis, gerai nuplauti vandeniu ir, jei reikia, kreiptis \u012f gydytoj\u0105.<\/p>\n<p>\u012esp\u0117jimas: galimas individualus padid\u0117j\u0119s jautrumas komponentams.<br \/>\nSud\u0117tyje yra vitamino A. Prie\u0161 naudojant atsi\u017evelgti \u012f paros doz\u0119.<\/p>\n<p>Laikyti nuo +5 iki +25\u00b0C temperat\u016broje, atokiau nuo tiesiogini\u0173 saul\u0117s spinduli\u0173. Laikyti bent 0,5 m atstumu nuo \u0161ildymo prietais\u0173.<\/p>\n<p>Geriausias: 24 m\u0117nesi\u0173 nuo pagaminimo datos.<\/p>\n","protected":false},"excerpt":{"rendered":"<p>Balzamas-kauk\u0117, skirta i\u0161laikyti j\u016bs\u0173 plauk\u0173 gyvybingum\u0105, nat\u016brali\u0105 energij\u0105 ir sveik\u0105 blizges\u012f. Speciali formul\u0117 praturtinta dilg\u0117li\u0173, medetk\u0173, alavij\u0173 ir medaus ekstraktais. Gr\u0105\u017einkite plaukams \u0161ilkin\u012f blizges\u012f, i\u0161puosel\u0117t\u0105 i\u0161vaizd\u0105, nat\u016bral\u0173 blizges\u012f! Naudojimas: u\u017etepkite balzam\u0105-kauk\u0119 ant \u0161vari\u0173, dr\u0117gn\u0173 plauk\u0173, paskirstykite per vis\u0105 ilg\u012f, palikite 2-3 minutes ir nuplaukite \u0161iltu vandeniu. Atsargumo priemon\u0117s: Tik i\u0161oriniam naudojimui. Patekus \u012f akis, gerai [&#8230;]\n","protected":false},"featured_media":96870,"template":"","meta":[],"product_cat":[1640],"product_tag":[],"class_list":{"0":"post-67642","1":"product","2":"type-product","3":"status-publish","4":"has-post-thumbnail","6":"product_brand-aljans-krasoti_ua-lt","7":"product_cat-balzamai","9":"first","10":"instock","11":"taxable","12":"shipping-taxable","13":"product-type-simple"},"_links":{"self":[{"href":"https:\/\/e.kosmolat.eu\/lt\/wp-json\/wp\/v2\/product\/67642","targetHints":{"allow":["GET"]}}],"collection":[{"href":"https:\/\/e.kosmolat.eu\/lt\/wp-json\/wp\/v2\/product"}],"about":[{"href":"https:\/\/e.kosmolat.eu\/lt\/wp-json\/wp\/v2\/types\/product"}],"wp:featuredmedia":[{"embeddable":true,"href":"https:\/\/e.kosmolat.eu\/lt\/wp-json\/wp\/v2\/media\/96870"}],"wp:attachment":[{"href":"https:\/\/e.kosmolat.eu\/lt\/wp-json\/wp\/v2\/media?parent=67642"}],"wp:term":[{"taxonomy":"product_cat","embeddable":true,"href":"https:\/\/e.kosmolat.eu\/lt\/wp-json\/wp\/v2\/product_cat?post=67642"},{"taxonomy":"product_tag","embeddable":true,"href":"https:\/\/e.kosmolat.eu\/lt\/wp-json\/wp\/v2\/product_tag?post=67642"}],"curies":[{"name":"wp","href":"https:\/\/api.w.org\/{rel}","templated":true}]}}