{"id":67634,"date":"2025-04-28T05:48:46","date_gmt":"2025-04-28T05:48:46","guid":{"rendered":"https:\/\/e.kosmolat.eu\/product\/lk-atjaunos-un-speks-balzams-maska-ar-kumel-un-smiltserks-ellu-visiem-m-tip-370-ml\/"},"modified":"2026-04-10T07:48:31","modified_gmt":"2026-04-10T07:48:31","slug":"lk-atjaunos-un-speks-balzams-maska-ar-kumel-un-smiltserks-ellu-visiem-m-tip-370-ml","status":"publish","type":"product","link":"https:\/\/e.kosmolat.eu\/lt\/produktas\/lk-atjaunos-un-speks-balzams-maska-ar-kumel-un-smiltserks-ellu-visiem-m-tip-370-ml\/","title":{"rendered":"LINIJA KRASOTY Atstatomasis ir stiprinamasis balzamas-kauk\u0117 su ramun\u0117li\u0173 ir \u0161altalanki\u0173 aliejais vis"},"content":{"rendered":"<p>Atstatomasis ir stiprinamasis balzamas-kauk\u0117 tinka vis\u0173 tip\u0173 plaukams. Praturtintas keratinu, \u0161altalanki\u0173 aliejumi ir ramun\u0117li\u0173 ekstraktu. Kauk\u0117 puikiai pri\u017ei\u016bri per vis\u0105 plauk\u0173 ilg\u012f.<\/p>\n<p>Naudojimas: u\u017etepkite balzam\u0105-kauk\u0119 ant \u0161vari\u0173, dr\u0117gn\u0173 plauk\u0173, paskirstykite per vis\u0105 ilg\u012f, palikite 2-3 minutes ir nuplaukite \u0161iltu vandeniu.<\/p>\n<p>Atsargumo priemon\u0117s: Tik i\u0161oriniam naudojimui. Patekus \u012f akis, gerai nuplauti vandeniu ir, jei reikia, kreiptis \u012f gydytoj\u0105.<\/p>\n<p>\u012esp\u0117jimas: galimas individualus padid\u0117j\u0119s jautrumas komponentams.<\/p>\n<p>Laikyti nuo +5 iki +25\u00b0C temperat\u016broje, atokiau nuo tiesiogini\u0173 saul\u0117s spinduli\u0173. Laikyti bent 0,5 m atstumu nuo \u0161ildymo prietais\u0173.<\/p>\n<p>Geriausias: 24 m\u0117nesi\u0173 nuo pagaminimo datos.<\/p>\n","protected":false},"excerpt":{"rendered":"<p>Atstatomasis ir stiprinamasis balzamas-kauk\u0117 tinka vis\u0173 tip\u0173 plaukams. Praturtintas keratinu, \u0161altalanki\u0173 aliejumi ir ramun\u0117li\u0173 ekstraktu. Kauk\u0117 puikiai pri\u017ei\u016bri per vis\u0105 plauk\u0173 ilg\u012f. Naudojimas: u\u017etepkite balzam\u0105-kauk\u0119 ant \u0161vari\u0173, dr\u0117gn\u0173 plauk\u0173, paskirstykite per vis\u0105 ilg\u012f, palikite 2-3 minutes ir nuplaukite \u0161iltu vandeniu. Atsargumo priemon\u0117s: Tik i\u0161oriniam naudojimui. Patekus \u012f akis, gerai nuplauti vandeniu ir, jei reikia, kreiptis [&#8230;]\n","protected":false},"featured_media":96862,"template":"","meta":[],"product_cat":[1640],"product_tag":[],"class_list":{"0":"post-67634","1":"product","2":"type-product","3":"status-publish","4":"has-post-thumbnail","6":"product_brand-aljans-krasoti_ua-lt","7":"product_cat-balzamai","9":"first","10":"instock","11":"taxable","12":"shipping-taxable","13":"product-type-simple"},"_links":{"self":[{"href":"https:\/\/e.kosmolat.eu\/lt\/wp-json\/wp\/v2\/product\/67634","targetHints":{"allow":["GET"]}}],"collection":[{"href":"https:\/\/e.kosmolat.eu\/lt\/wp-json\/wp\/v2\/product"}],"about":[{"href":"https:\/\/e.kosmolat.eu\/lt\/wp-json\/wp\/v2\/types\/product"}],"wp:featuredmedia":[{"embeddable":true,"href":"https:\/\/e.kosmolat.eu\/lt\/wp-json\/wp\/v2\/media\/96862"}],"wp:attachment":[{"href":"https:\/\/e.kosmolat.eu\/lt\/wp-json\/wp\/v2\/media?parent=67634"}],"wp:term":[{"taxonomy":"product_cat","embeddable":true,"href":"https:\/\/e.kosmolat.eu\/lt\/wp-json\/wp\/v2\/product_cat?post=67634"},{"taxonomy":"product_tag","embeddable":true,"href":"https:\/\/e.kosmolat.eu\/lt\/wp-json\/wp\/v2\/product_tag?post=67634"}],"curies":[{"name":"wp","href":"https:\/\/api.w.org\/{rel}","templated":true}]}}