{"id":67626,"date":"2025-04-28T05:48:28","date_gmt":"2025-04-28T05:48:28","guid":{"rendered":"https:\/\/e.kosmolat.eu\/product\/lk-iespaidigs-apjoms-un-matu-biezums-samp-ar-natru-un-medu-visiem-m-tip-500-ml\/"},"modified":"2025-09-23T05:42:40","modified_gmt":"2025-09-23T05:42:40","slug":"lk-iespaidigs-apjoms-un-matu-biezums-samp-ar-natru-un-medu-visiem-m-tip-500-ml","status":"publish","type":"product","link":"https:\/\/e.kosmolat.eu\/lt\/produktas\/lk-iespaidigs-apjoms-un-matu-biezums-samp-ar-natru-un-medu-visiem-m-tip-500-ml\/","title":{"rendered":"LINIJA KRASOTY \u012esp\u016bdingos apimties ir storio plaukai \u0160amp\u016bnas su dilg\u0117l\u0117mis ir medumi vis\u0173 tip\u0173 plau"},"content":{"rendered":"<p>\u0160amp\u016bnas skirtas plaukams i\u0161valyti ir suteikti jiems gerai pri\u017ei\u016brim\u0105 i\u0161vaizd\u0105. Formul\u0117 praturtinta dilg\u0117li\u0173 ir medaus ekstraktais, taip pat kukur\u016bz\u0173 baltymais. Tinka kasdieniam naudojimui.<br \/>\nNaudojimas: paskirstykite ant dr\u0117gn\u0173 plauk\u0173, suputokite ir nuplaukite vandeniu.<\/p>\n<p>Atsargumo priemon\u0117s: Tik i\u0161oriniam naudojimui. Patekus \u012f akis, gerai nuplauti vandeniu ir, jei reikia, kreiptis \u012f gydytoj\u0105.<\/p>\n<p>\u012esp\u0117jimas: galimas individualus padid\u0117j\u0119s jautrumas komponentams.<br \/>\nSud\u0117tyje yra vitamino A. Prie\u0161 naudojant atsi\u017evelgti \u012f paros doz\u0119.<\/p>\n<p>Laikyti nuo +5 iki +25\u00b0C temperat\u016broje, atokiau nuo tiesiogini\u0173 saul\u0117s spinduli\u0173. Laikyti bent 0,5 m atstumu nuo \u0161ildymo prietais\u0173.<\/p>\n<p>Geriausias: 30 m\u0117nesi\u0173 nuo pagaminimo datos.<\/p>\n","protected":false},"excerpt":{"rendered":"<p>\u0160amp\u016bnas skirtas plaukams i\u0161valyti ir suteikti jiems gerai pri\u017ei\u016brim\u0105 i\u0161vaizd\u0105. Formul\u0117 praturtinta dilg\u0117li\u0173 ir medaus ekstraktais, taip pat kukur\u016bz\u0173 baltymais. Tinka kasdieniam naudojimui. Naudojimas: paskirstykite ant dr\u0117gn\u0173 plauk\u0173, suputokite ir nuplaukite vandeniu. Atsargumo priemon\u0117s: Tik i\u0161oriniam naudojimui. Patekus \u012f akis, gerai nuplauti vandeniu ir, jei reikia, kreiptis \u012f gydytoj\u0105. \u012esp\u0117jimas: galimas individualus padid\u0117j\u0119s jautrumas komponentams. [&#8230;]\n","protected":false},"featured_media":96505,"template":"","meta":[],"product_cat":[1251],"product_tag":[],"class_list":{"0":"post-67626","1":"product","2":"type-product","3":"status-publish","4":"has-post-thumbnail","6":"product_brand-aljans-krasoti_ua-lt","7":"product_cat-sampunai","9":"first","10":"outofstock","11":"taxable","12":"shipping-taxable","13":"product-type-simple"},"_links":{"self":[{"href":"https:\/\/e.kosmolat.eu\/lt\/wp-json\/wp\/v2\/product\/67626","targetHints":{"allow":["GET"]}}],"collection":[{"href":"https:\/\/e.kosmolat.eu\/lt\/wp-json\/wp\/v2\/product"}],"about":[{"href":"https:\/\/e.kosmolat.eu\/lt\/wp-json\/wp\/v2\/types\/product"}],"wp:featuredmedia":[{"embeddable":true,"href":"https:\/\/e.kosmolat.eu\/lt\/wp-json\/wp\/v2\/media\/96505"}],"wp:attachment":[{"href":"https:\/\/e.kosmolat.eu\/lt\/wp-json\/wp\/v2\/media?parent=67626"}],"wp:term":[{"taxonomy":"product_cat","embeddable":true,"href":"https:\/\/e.kosmolat.eu\/lt\/wp-json\/wp\/v2\/product_cat?post=67626"},{"taxonomy":"product_tag","embeddable":true,"href":"https:\/\/e.kosmolat.eu\/lt\/wp-json\/wp\/v2\/product_tag?post=67626"}],"curies":[{"name":"wp","href":"https:\/\/api.w.org\/{rel}","templated":true}]}}