{"id":67618,"date":"2025-04-28T05:48:09","date_gmt":"2025-04-28T05:48:09","guid":{"rendered":"https:\/\/e.kosmolat.eu\/product\/lk-sampuns-pret-matu-izkr-ar-olivellu-un-dizdadza-ellu-visiem-m-tip-500-ml\/"},"modified":"2026-04-02T06:44:43","modified_gmt":"2026-04-02T06:44:43","slug":"lk-sampuns-pret-matu-izkr-ar-olivellu-un-dizdadza-ellu-visiem-m-tip-500-ml","status":"publish","type":"product","link":"https:\/\/e.kosmolat.eu\/lt\/produktas\/lk-sampuns-pret-matu-izkr-ar-olivellu-un-dizdadza-ellu-visiem-m-tip-500-ml\/","title":{"rendered":"LINIJA KRASOTY \u0160amp\u016bnas nuo plauk\u0173 slinkimo su alyvuogi\u0173 ir varnal\u0117\u0161\u0173 aliejumi vis\u0173 tip\u0173 plaukams, 5"},"content":{"rendered":"<p>\u0160amp\u016bnas skirtas \u0161velniam plon\u0173, nusilpusi\u0173 plauk\u0173, linkusi\u0173 \u012f plauk\u0173 slinkim\u0105, valymui. Pri\u017ei\u016bri plaukus, suteikia jiems nat\u016bralios apimties ir spindesio. Tinka kasdieniam naudojimui.<\/p>\n<p>Naudojimas: paskirstykite ant dr\u0117gn\u0173 plauk\u0173, suputokite ir nuplaukite vandeniu.<\/p>\n<p>Atsargumo priemon\u0117s: Tik i\u0161oriniam naudojimui. Patekus \u012f akis, gerai nuplauti vandeniu ir, jei reikia, kreiptis \u012f gydytoj\u0105.<\/p>\n<p>\u012esp\u0117jimas: galimas individualus padid\u0117j\u0119s jautrumas komponentams.<\/p>\n<p>Laikyti nuo +5 iki +25\u00b0C temperat\u016broje, atokiau nuo tiesiogini\u0173 saul\u0117s spinduli\u0173. Laikyti bent 0,5 m atstumu nuo \u0161ildymo prietais\u0173.<\/p>\n<p>Geriausias: 30 m\u0117nesi\u0173 nuo pagaminimo datos.<\/p>\n","protected":false},"excerpt":{"rendered":"<p>\u0160amp\u016bnas skirtas \u0161velniam plon\u0173, nusilpusi\u0173 plauk\u0173, linkusi\u0173 \u012f plauk\u0173 slinkim\u0105, valymui. Pri\u017ei\u016bri plaukus, suteikia jiems nat\u016bralios apimties ir spindesio. Tinka kasdieniam naudojimui. Naudojimas: paskirstykite ant dr\u0117gn\u0173 plauk\u0173, suputokite ir nuplaukite vandeniu. Atsargumo priemon\u0117s: Tik i\u0161oriniam naudojimui. Patekus \u012f akis, gerai nuplauti vandeniu ir, jei reikia, kreiptis \u012f gydytoj\u0105. \u012esp\u0117jimas: galimas individualus padid\u0117j\u0119s jautrumas komponentams. Laikyti [&#8230;]\n","protected":false},"featured_media":96858,"template":"","meta":[],"product_cat":[1251],"product_tag":[],"class_list":{"0":"post-67618","1":"product","2":"type-product","3":"status-publish","4":"has-post-thumbnail","6":"product_brand-aljans-krasoti_ua-lt","7":"product_cat-sampunai","9":"first","10":"instock","11":"taxable","12":"shipping-taxable","13":"product-type-simple"},"_links":{"self":[{"href":"https:\/\/e.kosmolat.eu\/lt\/wp-json\/wp\/v2\/product\/67618","targetHints":{"allow":["GET"]}}],"collection":[{"href":"https:\/\/e.kosmolat.eu\/lt\/wp-json\/wp\/v2\/product"}],"about":[{"href":"https:\/\/e.kosmolat.eu\/lt\/wp-json\/wp\/v2\/types\/product"}],"wp:featuredmedia":[{"embeddable":true,"href":"https:\/\/e.kosmolat.eu\/lt\/wp-json\/wp\/v2\/media\/96858"}],"wp:attachment":[{"href":"https:\/\/e.kosmolat.eu\/lt\/wp-json\/wp\/v2\/media?parent=67618"}],"wp:term":[{"taxonomy":"product_cat","embeddable":true,"href":"https:\/\/e.kosmolat.eu\/lt\/wp-json\/wp\/v2\/product_cat?post=67618"},{"taxonomy":"product_tag","embeddable":true,"href":"https:\/\/e.kosmolat.eu\/lt\/wp-json\/wp\/v2\/product_tag?post=67618"}],"curies":[{"name":"wp","href":"https:\/\/api.w.org\/{rel}","templated":true}]}}