{"id":67594,"date":"2025-04-28T05:46:57","date_gmt":"2025-04-28T05:46:57","guid":{"rendered":"https:\/\/e.kosmolat.eu\/product\/family-doctor-fito-formula-sampuns-pret-matu-izkrisanu-500-ml\/"},"modified":"2026-03-30T16:46:11","modified_gmt":"2026-03-30T16:46:11","slug":"family-doctor-fito-formula-sampuns-pret-matu-izkrisanu-500-ml","status":"publish","type":"product","link":"https:\/\/e.kosmolat.eu\/lt\/produktas\/family-doctor-fito-formula-sampuns-pret-matu-izkrisanu-500-ml\/","title":{"rendered":"FAMILY DOCTOR Phyto-formula \u0160amp\u016bnas nuo plauk\u0173 slinkimo, 500 ml"},"content":{"rendered":"<p>\u0160amp\u016bnas skirtas \u0161velniam plauk\u0173 valymui. Fito formul\u0117 praturtinta \u0105\u017euol\u0173 \u017eiev\u0117s, dilg\u0117li\u0173, gyslo\u010di\u0173, sofor\u0173, \u0161alavij\u0173, ramun\u0117li\u0173 ir nyk\u0161tukini\u0173 palmi\u0173 ekstraktais.<\/p>\n<p>Naudojimas: paskirstykite ant dr\u0117gn\u0173 plauk\u0173, suputokite, po 2-3 minu\u010di\u0173 nuplaukite vandeniu.<\/p>\n<p>Atsargumo priemon\u0117s: Tik i\u0161oriniam naudojimui. Patekus \u012f akis, gerai nuplauti vandeniu ir, jei reikia, kreiptis \u012f gydytoj\u0105.<\/p>\n<p>\u012esp\u0117jimas: galimas individualus padid\u0117j\u0119s jautrumas komponentams.<\/p>\n<p>Laikyti nuo +5 iki +25\u00b0C temperat\u016broje, atokiau nuo tiesiogini\u0173 saul\u0117s spinduli\u0173. Laikyti bent 0,5 m atstumu nuo \u0161ildymo prietais\u0173.<\/p>\n<p>Geriausias: 30 m\u0117nesi\u0173 nuo pagaminimo datos.<\/p>\n","protected":false},"excerpt":{"rendered":"<p>\u0160amp\u016bnas skirtas \u0161velniam plauk\u0173 valymui. Fito formul\u0117 praturtinta \u0105\u017euol\u0173 \u017eiev\u0117s, dilg\u0117li\u0173, gyslo\u010di\u0173, sofor\u0173, \u0161alavij\u0173, ramun\u0117li\u0173 ir nyk\u0161tukini\u0173 palmi\u0173 ekstraktais. Naudojimas: paskirstykite ant dr\u0117gn\u0173 plauk\u0173, suputokite, po 2-3 minu\u010di\u0173 nuplaukite vandeniu. Atsargumo priemon\u0117s: Tik i\u0161oriniam naudojimui. Patekus \u012f akis, gerai nuplauti vandeniu ir, jei reikia, kreiptis \u012f gydytoj\u0105. \u012esp\u0117jimas: galimas individualus padid\u0117j\u0119s jautrumas komponentams. Laikyti nuo [&#8230;]\n","protected":false},"featured_media":96838,"template":"","meta":[],"product_cat":[1251],"product_tag":[],"class_list":{"0":"post-67594","1":"product","2":"type-product","3":"status-publish","4":"has-post-thumbnail","6":"product_brand-aljans-krasoti_ua-lt","7":"product_cat-sampunai","9":"first","10":"instock","11":"taxable","12":"shipping-taxable","13":"product-type-simple"},"_links":{"self":[{"href":"https:\/\/e.kosmolat.eu\/lt\/wp-json\/wp\/v2\/product\/67594","targetHints":{"allow":["GET"]}}],"collection":[{"href":"https:\/\/e.kosmolat.eu\/lt\/wp-json\/wp\/v2\/product"}],"about":[{"href":"https:\/\/e.kosmolat.eu\/lt\/wp-json\/wp\/v2\/types\/product"}],"wp:featuredmedia":[{"embeddable":true,"href":"https:\/\/e.kosmolat.eu\/lt\/wp-json\/wp\/v2\/media\/96838"}],"wp:attachment":[{"href":"https:\/\/e.kosmolat.eu\/lt\/wp-json\/wp\/v2\/media?parent=67594"}],"wp:term":[{"taxonomy":"product_cat","embeddable":true,"href":"https:\/\/e.kosmolat.eu\/lt\/wp-json\/wp\/v2\/product_cat?post=67594"},{"taxonomy":"product_tag","embeddable":true,"href":"https:\/\/e.kosmolat.eu\/lt\/wp-json\/wp\/v2\/product_tag?post=67594"}],"curies":[{"name":"wp","href":"https:\/\/api.w.org\/{rel}","templated":true}]}}