{"id":67570,"date":"2025-04-28T05:26:22","date_gmt":"2025-04-28T05:26:22","guid":{"rendered":"https:\/\/e.kosmolat.eu\/product\/eclp-deo-krems-kajam-100-ml\/"},"modified":"2026-02-13T11:39:49","modified_gmt":"2026-02-13T11:39:49","slug":"eclp-deo-krems-kajam-100-ml","status":"publish","type":"product","link":"https:\/\/e.kosmolat.eu\/lt\/produktas\/eclp-deo-krems-kajam-100-ml\/","title":{"rendered":"ECOLATIER POWER Deokremas p\u0117doms, 100 ml"},"content":{"rendered":"<p>ECOLATIER\u00ae POWER p\u0117das dezodoruojantis kremas gaivina ir saugo od\u0105 nuo nemalonaus kvapo, padeda suma\u017einti diskomfort\u0105 kojose. Greitai susigeria, efektyviai dr\u0117kina ir mink\u0161tina od\u0105, suteikia \u0161varos ir gaivos poj\u016bt\u012f vis\u0105 dien\u0105.<br \/>\nVeikliosios med\u017eiagos: Taukmed\u017ei\u0173 sviestas giliai dr\u0117kina ir maitina od\u0105, tod\u0117l ji tampa \u0161velni. Rozmarin\u0173 aliejus turi atkuriam\u0105j\u012f poveik\u012f. Pipirm\u0117\u010di\u0173 ekstraktas ramina ir v\u0117sina od\u0105, palikdamas j\u0105 gaiviai ir patogiai.<br \/>\nNaudojimas: tepkite ant \u0161varios, sausos p\u0117d\u0173 odos, kol visi\u0161kai \u012fsigers. Tik i\u0161oriniam naudojimui<\/p>\n","protected":false},"excerpt":{"rendered":"<p>ECOLATIER\u00ae POWER p\u0117das dezodoruojantis kremas gaivina ir saugo od\u0105 nuo nemalonaus kvapo, padeda suma\u017einti diskomfort\u0105 kojose. Greitai susigeria, efektyviai dr\u0117kina ir mink\u0161tina od\u0105, suteikia \u0161varos ir gaivos poj\u016bt\u012f vis\u0105 dien\u0105. Veikliosios med\u017eiagos: Taukmed\u017ei\u0173 sviestas giliai dr\u0117kina ir maitina od\u0105, tod\u0117l ji tampa \u0161velni. Rozmarin\u0173 aliejus turi atkuriam\u0105j\u012f poveik\u012f. Pipirm\u0117\u010di\u0173 ekstraktas ramina ir v\u0117sina od\u0105, palikdamas [&#8230;]\n","protected":false},"featured_media":98353,"template":"","meta":[],"product_cat":[1763],"product_tag":[],"class_list":{"0":"post-67570","1":"product","2":"type-product","3":"status-publish","4":"has-post-thumbnail","6":"product_brand-ecolab_cs-lt","7":"product_cat-koju-prieziuros-kosmetika","9":"first","10":"instock","11":"taxable","12":"shipping-taxable","13":"product-type-simple"},"_links":{"self":[{"href":"https:\/\/e.kosmolat.eu\/lt\/wp-json\/wp\/v2\/product\/67570","targetHints":{"allow":["GET"]}}],"collection":[{"href":"https:\/\/e.kosmolat.eu\/lt\/wp-json\/wp\/v2\/product"}],"about":[{"href":"https:\/\/e.kosmolat.eu\/lt\/wp-json\/wp\/v2\/types\/product"}],"wp:featuredmedia":[{"embeddable":true,"href":"https:\/\/e.kosmolat.eu\/lt\/wp-json\/wp\/v2\/media\/98353"}],"wp:attachment":[{"href":"https:\/\/e.kosmolat.eu\/lt\/wp-json\/wp\/v2\/media?parent=67570"}],"wp:term":[{"taxonomy":"product_cat","embeddable":true,"href":"https:\/\/e.kosmolat.eu\/lt\/wp-json\/wp\/v2\/product_cat?post=67570"},{"taxonomy":"product_tag","embeddable":true,"href":"https:\/\/e.kosmolat.eu\/lt\/wp-json\/wp\/v2\/product_tag?post=67570"}],"curies":[{"name":"wp","href":"https:\/\/api.w.org\/{rel}","templated":true}]}}