{"id":67562,"date":"2025-04-28T05:26:04","date_gmt":"2025-04-28T05:26:04","guid":{"rendered":"https:\/\/e.kosmolat.eu\/product\/ecl-organic-argana-eksfol-sejas-toniks-atjaunos-un-baros-150-ml\/"},"modified":"2026-04-15T09:59:48","modified_gmt":"2026-04-15T09:59:48","slug":"ecl-organic-argana-eksfol-sejas-toniks-atjaunos-un-baros-150-ml","status":"publish","type":"product","link":"https:\/\/e.kosmolat.eu\/lt\/produktas\/ecl-organic-argana-eksfol-sejas-toniks-atjaunos-un-baros-150-ml\/","title":{"rendered":"ECOLATIER Organic Argana \u0160vei\u010diamasis veido tonikas Atk\u016brimas ir maitinimas, 150 ml"},"content":{"rendered":"<p>\u0160vei\u010diamasis veido tonikas su \u0161velniu pilingo efektu i\u0161 nat\u016brali\u0173 ingredient\u0173. \u0160velniai valo ir atgaivina od\u0105, atlieka mikromasa\u017e\u0105, aktyvina kraujotak\u0105 ir skatina l\u0105steli\u0173 atsinaujinim\u0105.<br \/>\nArgan\u0173 aliejuje gausu vitamin\u0173 A ir E, taip pat antioksidant\u0173, omega-6 riebi\u0173j\u0173 r\u016bg\u0161\u010di\u0173 ir linolo r\u016bg\u0161ties.<br \/>\nKosmetikos naudojimas su argan\u0173 aliejumi pagerina odos b\u016bkl\u0119, padidina jos elastingum\u0105, ma\u017eina smulkias rauk\u0161leles ir padeda i\u0161laikyti dr\u0117gm\u0119 odoje.<br \/>\nPantenolis turi ry\u0161k\u0173 atkuriam\u0105j\u012f, dr\u0117kinam\u0105j\u012f ir mink\u0161tinam\u0105j\u012f poveik\u012f.<\/p>\n<p>Naudojimas: U\u017etepkite nedidel\u012f kiek\u012f toniko ant vatos diskelio ir \u0161velniai nuvalykite od\u0105. Nereikia nuplauti.<br \/>\nTik i\u0161oriniam naudojimui.<\/p>\n","protected":false},"excerpt":{"rendered":"<p>\u0160vei\u010diamasis veido tonikas su \u0161velniu pilingo efektu i\u0161 nat\u016brali\u0173 ingredient\u0173. \u0160velniai valo ir atgaivina od\u0105, atlieka mikromasa\u017e\u0105, aktyvina kraujotak\u0105 ir skatina l\u0105steli\u0173 atsinaujinim\u0105. Argan\u0173 aliejuje gausu vitamin\u0173 A ir E, taip pat antioksidant\u0173, omega-6 riebi\u0173j\u0173 r\u016bg\u0161\u010di\u0173 ir linolo r\u016bg\u0161ties. Kosmetikos naudojimas su argan\u0173 aliejumi pagerina odos b\u016bkl\u0119, padidina jos elastingum\u0105, ma\u017eina smulkias rauk\u0161leles ir padeda [&#8230;]\n","protected":false},"featured_media":93358,"template":"","meta":[],"product_cat":[2181],"product_tag":[],"class_list":{"0":"post-67562","1":"product","2":"type-product","3":"status-publish","4":"has-post-thumbnail","6":"product_brand-ecolab_cs-lt","7":"product_cat-bez-kategorijas-lt","9":"first","10":"instock","11":"taxable","12":"shipping-taxable","13":"product-type-simple"},"_links":{"self":[{"href":"https:\/\/e.kosmolat.eu\/lt\/wp-json\/wp\/v2\/product\/67562","targetHints":{"allow":["GET"]}}],"collection":[{"href":"https:\/\/e.kosmolat.eu\/lt\/wp-json\/wp\/v2\/product"}],"about":[{"href":"https:\/\/e.kosmolat.eu\/lt\/wp-json\/wp\/v2\/types\/product"}],"wp:featuredmedia":[{"embeddable":true,"href":"https:\/\/e.kosmolat.eu\/lt\/wp-json\/wp\/v2\/media\/93358"}],"wp:attachment":[{"href":"https:\/\/e.kosmolat.eu\/lt\/wp-json\/wp\/v2\/media?parent=67562"}],"wp:term":[{"taxonomy":"product_cat","embeddable":true,"href":"https:\/\/e.kosmolat.eu\/lt\/wp-json\/wp\/v2\/product_cat?post=67562"},{"taxonomy":"product_tag","embeddable":true,"href":"https:\/\/e.kosmolat.eu\/lt\/wp-json\/wp\/v2\/product_tag?post=67562"}],"curies":[{"name":"wp","href":"https:\/\/api.w.org\/{rel}","templated":true}]}}