{"id":67554,"date":"2025-04-28T05:25:44","date_gmt":"2025-04-28T05:25:44","guid":{"rendered":"https:\/\/e.kosmolat.eu\/product\/ecl-organic-argana-serums-sejai-un-dekolte-zonai-atjaun-un-baroj-50-ml\/"},"modified":"2026-04-22T09:37:22","modified_gmt":"2026-04-22T09:37:22","slug":"ecl-organic-argana-serums-sejai-un-dekolte-zonai-atjaun-un-baroj-50-ml","status":"publish","type":"product","link":"https:\/\/e.kosmolat.eu\/lt\/produktas\/ecl-organic-argana-serums-sejai-un-dekolte-zonai-atjaun-un-baroj-50-ml\/","title":{"rendered":"ECOLATIER Organic Argana Serumas veidui ir dekolt\u0117 zonai. Atkuriamasis ir maitinamasis, 50 ml"},"content":{"rendered":"<p>Aliejinis serumas veidui ir dekolt\u0117 zonai sukurtas nat\u016brali\u0173 ingredient\u0173 pagrindu. Sujungia lengv\u0105 tekst\u016br\u0105 su turtinga formule, atkuria odos dr\u0117gm\u0117s balans\u0105, maitina j\u0105, daro  \u0161velni\u0105 ir elasting\u0105.<br \/>\nEkologi\u0161kame \u0161alto spaudimo argan\u0173 aliejuje itin gausu omega riebi\u0173j\u0173 r\u016bg\u0161\u010di\u0173 ir vitamin\u0173. Lengva, neriebi formul\u0117 greitai \u012fsigeria \u012f od\u0105, neu\u017ekem\u0161a por\u0173, prisotina l\u0105steles naudingais elementais, palaiko sveik\u0105 odos barjer\u0105 ir gerina turgor\u0105.<\/p>\n<p>Vitamin\u0173 ir mineral\u0173 kompleksas stiprina ir atkuria odos ir lipid\u0173 sluoksn\u012f, pasi\u017eymi dideliu antioksidaciniu aktyvumu ir gerina odos barjerines funkcijas.<\/p>\n<p>Naudojimas: Prie\u0161 naudojim\u0105 suplakite, kad susimai\u0161yt\u0173 abi faz\u0117s. U\u017ela\u0161inkite kelis la\u0161us ant odos ir \u0161velniai masa\u017euokite.<br \/>\nTik i\u0161oriniam naudojimui.<\/p>\n","protected":false},"excerpt":{"rendered":"<p>Aliejinis serumas veidui ir dekolt\u0117 zonai sukurtas nat\u016brali\u0173 ingredient\u0173 pagrindu. Sujungia lengv\u0105 tekst\u016br\u0105 su turtinga formule, atkuria odos dr\u0117gm\u0117s balans\u0105, maitina j\u0105, daro \u0161velni\u0105 ir elasting\u0105. Ekologi\u0161kame \u0161alto spaudimo argan\u0173 aliejuje itin gausu omega riebi\u0173j\u0173 r\u016bg\u0161\u010di\u0173 ir vitamin\u0173. Lengva, neriebi formul\u0117 greitai \u012fsigeria \u012f od\u0105, neu\u017ekem\u0161a por\u0173, prisotina l\u0105steles naudingais elementais, palaiko sveik\u0105 odos barjer\u0105 [&#8230;]\n","protected":false},"featured_media":93354,"template":"","meta":[],"product_cat":[2181],"product_tag":[],"class_list":{"0":"post-67554","1":"product","2":"type-product","3":"status-publish","4":"has-post-thumbnail","6":"product_brand-ecolab_cs-lt","7":"product_cat-bez-kategorijas-lt","9":"first","10":"instock","11":"taxable","12":"shipping-taxable","13":"product-type-simple"},"_links":{"self":[{"href":"https:\/\/e.kosmolat.eu\/lt\/wp-json\/wp\/v2\/product\/67554","targetHints":{"allow":["GET"]}}],"collection":[{"href":"https:\/\/e.kosmolat.eu\/lt\/wp-json\/wp\/v2\/product"}],"about":[{"href":"https:\/\/e.kosmolat.eu\/lt\/wp-json\/wp\/v2\/types\/product"}],"wp:featuredmedia":[{"embeddable":true,"href":"https:\/\/e.kosmolat.eu\/lt\/wp-json\/wp\/v2\/media\/93354"}],"wp:attachment":[{"href":"https:\/\/e.kosmolat.eu\/lt\/wp-json\/wp\/v2\/media?parent=67554"}],"wp:term":[{"taxonomy":"product_cat","embeddable":true,"href":"https:\/\/e.kosmolat.eu\/lt\/wp-json\/wp\/v2\/product_cat?post=67554"},{"taxonomy":"product_tag","embeddable":true,"href":"https:\/\/e.kosmolat.eu\/lt\/wp-json\/wp\/v2\/product_tag?post=67554"}],"curies":[{"name":"wp","href":"https:\/\/api.w.org\/{rel}","templated":true}]}}