{"id":67546,"date":"2025-04-28T05:25:28","date_gmt":"2025-04-28T05:25:28","guid":{"rendered":"https:\/\/e.kosmolat.eu\/product\/ecl-organic-aloe-vera-serums-sejai-un-dekolte-zonai-jut-adai-intens-mitr-50-ml\/"},"modified":"2026-04-20T05:55:16","modified_gmt":"2026-04-20T05:55:16","slug":"ecl-organic-aloe-vera-serums-sejai-un-dekolte-zonai-jut-adai-intens-mitr-50-ml","status":"publish","type":"product","link":"https:\/\/e.kosmolat.eu\/lt\/produktas\/ecl-organic-aloe-vera-serums-sejai-un-dekolte-zonai-jut-adai-intens-mitr-50-ml\/","title":{"rendered":"ECOLATIER Organic Aloe Vera Kremas  veidui ir dekolt\u0117 zonai, jautriai odai Intensyvus dr\u0117kinimas, 50"},"content":{"rendered":"<p>Serumas veidui ir dekolt\u0117 odai i\u0161 nat\u016brali\u0173 ingredient\u0173 intensyviai dr\u0117kina od\u0105 ir \u0161alina i\u0161saus\u0117jim\u0105.<br \/>\nAktyv\u016bs komponentai prasiskverbia \u012f od\u0105, tonizuoja j\u0105 ir l\u0117tina sen\u0117jimo proces\u0105.<\/p>\n<p>Alavij\u0173 sultyse, gaunamose tiesiai i\u0161 augalo, gausu vitamin\u0173, amino r\u016bg\u0161\u010di\u0173, mineral\u0173, polisacharid\u0173 ir fitoncid\u0173, kurie skatina l\u0105steli\u0173 atsinaujinim\u0105 epidermio lygmenyje. Efektyviai dr\u0117kina ir mink\u0161tina od\u0105.<\/p>\n<p>Hialurono r\u016bg\u0161tis intensyviai dr\u0117kina ir tonizuoja od\u0105, suteikia aktyv\u0173 dr\u0117kinim\u0105 ir glotninam\u0105 poveik\u012f. Aminor\u016bg\u0161tys skatina l\u0105steli\u0173 atsinaujinim\u0105, dr\u0117kina od\u0105 ir suteikia antioksidacin\u0119 apsaug\u0105.<\/p>\n<p>Naudojimas: tepkite ant nuvalyto veido, kaklo ir dekolt\u0117 srities (vengiant aki\u0173 srities). Tik i\u0161oriniam naudojimui..<\/p>\n","protected":false},"excerpt":{"rendered":"<p>Serumas veidui ir dekolt\u0117 odai i\u0161 nat\u016brali\u0173 ingredient\u0173 intensyviai dr\u0117kina od\u0105 ir \u0161alina i\u0161saus\u0117jim\u0105. Aktyv\u016bs komponentai prasiskverbia \u012f od\u0105, tonizuoja j\u0105 ir l\u0117tina sen\u0117jimo proces\u0105. Alavij\u0173 sultyse, gaunamose tiesiai i\u0161 augalo, gausu vitamin\u0173, amino r\u016bg\u0161\u010di\u0173, mineral\u0173, polisacharid\u0173 ir fitoncid\u0173, kurie skatina l\u0105steli\u0173 atsinaujinim\u0105 epidermio lygmenyje. Efektyviai dr\u0117kina ir mink\u0161tina od\u0105. Hialurono r\u016bg\u0161tis intensyviai dr\u0117kina ir [&#8230;]\n","protected":false},"featured_media":93350,"template":"","meta":[],"product_cat":[1327],"product_tag":[],"class_list":{"0":"post-67546","1":"product","2":"type-product","3":"status-publish","4":"has-post-thumbnail","6":"product_brand-ecolab_cs-lt","7":"product_cat-serumai","9":"first","10":"instock","11":"taxable","12":"shipping-taxable","13":"product-type-simple"},"_links":{"self":[{"href":"https:\/\/e.kosmolat.eu\/lt\/wp-json\/wp\/v2\/product\/67546","targetHints":{"allow":["GET"]}}],"collection":[{"href":"https:\/\/e.kosmolat.eu\/lt\/wp-json\/wp\/v2\/product"}],"about":[{"href":"https:\/\/e.kosmolat.eu\/lt\/wp-json\/wp\/v2\/types\/product"}],"wp:featuredmedia":[{"embeddable":true,"href":"https:\/\/e.kosmolat.eu\/lt\/wp-json\/wp\/v2\/media\/93350"}],"wp:attachment":[{"href":"https:\/\/e.kosmolat.eu\/lt\/wp-json\/wp\/v2\/media?parent=67546"}],"wp:term":[{"taxonomy":"product_cat","embeddable":true,"href":"https:\/\/e.kosmolat.eu\/lt\/wp-json\/wp\/v2\/product_cat?post=67546"},{"taxonomy":"product_tag","embeddable":true,"href":"https:\/\/e.kosmolat.eu\/lt\/wp-json\/wp\/v2\/product_tag?post=67546"}],"curies":[{"name":"wp","href":"https:\/\/api.w.org\/{rel}","templated":true}]}}