{"id":67538,"date":"2025-04-28T05:25:01","date_gmt":"2025-04-28T05:25:01","guid":{"rendered":"https:\/\/e.kosmolat.eu\/product\/ecl-organic-aloe-vera-dienas-sejas-krems-jut-adai-intens-mitrin-50-ml\/"},"modified":"2026-05-08T20:57:11","modified_gmt":"2026-05-08T20:57:11","slug":"ecl-organic-aloe-vera-dienas-sejas-krems-jut-adai-intens-mitrin-50-ml","status":"publish","type":"product","link":"https:\/\/e.kosmolat.eu\/lt\/produktas\/ecl-organic-aloe-vera-dienas-sejas-krems-jut-adai-intens-mitrin-50-ml\/","title":{"rendered":"ECOLATIER Organic Aloe Vera Kremas  veidui, jautriai odai Intensyvus dr\u0117kinimas, 50 ml"},"content":{"rendered":"<p>Nat\u016brali\u0173 ingredient\u0173 pagrindu sukurtas veido kremas intensyviai dr\u0117kina saus\u0105 od\u0105, atkuria hidrolipid\u0173 balans\u0105 ir palaiko gaivumo poj\u016bt\u012f vis\u0105 dien\u0105.<\/p>\n<p>Alavij\u0173 sultyse, gaunamose tiesiai i\u0161 augalo, gausu vitamin\u0173, amino r\u016bg\u0161\u010di\u0173, mineral\u0173, polisacharid\u0173 ir fitoncid\u0173, kurie skatina l\u0105steli\u0173 atsinaujinim\u0105 epidermio lygmenyje. Efektyviai dr\u0117kina ir mink\u0161tina od\u0105.<\/p>\n<p>Taukmed\u017ei\u0173 sviestas puikiai maitina od\u0105 ir skatina kolageno gamyb\u0105, atnaujina od\u0105, suteikia ideali\u0105 prie\u017ei\u016br\u0105 ir apsaug\u0105. Vitaminas E stiprina odos l\u0105steles, dr\u0117kina j\u0105 ir padeda i\u0161laikyti nat\u016bral\u0173 elastingum\u0105, veikdamas kaip nat\u016bralus sen\u0117jim\u0105 stabdantis komponentas.<br \/>\nNaudojimas: tepti ant \u0161varios odos, vengiant aki\u0173 srities. Tik i\u0161oriniam naudojimui.<\/p>\n","protected":false},"excerpt":{"rendered":"<p>Nat\u016brali\u0173 ingredient\u0173 pagrindu sukurtas veido kremas intensyviai dr\u0117kina saus\u0105 od\u0105, atkuria hidrolipid\u0173 balans\u0105 ir palaiko gaivumo poj\u016bt\u012f vis\u0105 dien\u0105. Alavij\u0173 sultyse, gaunamose tiesiai i\u0161 augalo, gausu vitamin\u0173, amino r\u016bg\u0161\u010di\u0173, mineral\u0173, polisacharid\u0173 ir fitoncid\u0173, kurie skatina l\u0105steli\u0173 atsinaujinim\u0105 epidermio lygmenyje. Efektyviai dr\u0117kina ir mink\u0161tina od\u0105. Taukmed\u017ei\u0173 sviestas puikiai maitina od\u0105 ir skatina kolageno gamyb\u0105, atnaujina od\u0105, [&#8230;]\n","protected":false},"featured_media":93346,"template":"","meta":[],"product_cat":[1322],"product_tag":[],"class_list":{"0":"post-67538","1":"product","2":"type-product","3":"status-publish","4":"has-post-thumbnail","6":"product_brand-ecolab_cs-lt","7":"product_cat-veido-kremai","9":"first","10":"instock","11":"taxable","12":"shipping-taxable","13":"product-type-simple"},"_links":{"self":[{"href":"https:\/\/e.kosmolat.eu\/lt\/wp-json\/wp\/v2\/product\/67538","targetHints":{"allow":["GET"]}}],"collection":[{"href":"https:\/\/e.kosmolat.eu\/lt\/wp-json\/wp\/v2\/product"}],"about":[{"href":"https:\/\/e.kosmolat.eu\/lt\/wp-json\/wp\/v2\/types\/product"}],"wp:featuredmedia":[{"embeddable":true,"href":"https:\/\/e.kosmolat.eu\/lt\/wp-json\/wp\/v2\/media\/93346"}],"wp:attachment":[{"href":"https:\/\/e.kosmolat.eu\/lt\/wp-json\/wp\/v2\/media?parent=67538"}],"wp:term":[{"taxonomy":"product_cat","embeddable":true,"href":"https:\/\/e.kosmolat.eu\/lt\/wp-json\/wp\/v2\/product_cat?post=67538"},{"taxonomy":"product_tag","embeddable":true,"href":"https:\/\/e.kosmolat.eu\/lt\/wp-json\/wp\/v2\/product_tag?post=67538"}],"curies":[{"name":"wp","href":"https:\/\/api.w.org\/{rel}","templated":true}]}}