{"id":67530,"date":"2025-04-28T05:24:42","date_gmt":"2025-04-28T05:24:42","guid":{"rendered":"https:\/\/e.kosmolat.eu\/product\/eclp-sejas-krems-5-in-1-50-ml\/"},"modified":"2026-05-08T20:57:25","modified_gmt":"2026-05-08T20:57:25","slug":"eclp-sejas-krems-5-in-1-50-ml","status":"publish","type":"product","link":"https:\/\/e.kosmolat.eu\/lt\/produktas\/eclp-sejas-krems-5-in-1-50-ml\/","title":{"rendered":"ECOLATIER POWER veido kremas 5in1, 50 ml"},"content":{"rendered":"<p>\u0160velnios tekst\u016bros veido kremas ECOLATIER\u00ae POWER 5-in-1 greitai susigeria ir u\u017etikrina reikiam\u0105 odos prie\u017ei\u016br\u0105: dr\u0117kina, maitina, mink\u0161tina, saugo ir atstato.<\/p>\n<p>Veikliosios med\u017eiagos: Alavij\u0173 ir ramun\u0117li\u0173 ekstraktas dr\u0117kina ir ramina od\u0105. Taukmed\u017ei\u0173 sviestas atkuria, maitina ir mink\u0161tina od\u0105. D\u0117l turtingos biochemin\u0117s sud\u0117ties kremas skatina atsistatym\u0105 ir padidina apsaugines odos funkcijas. Migdol\u0173 aliejus dr\u0117kina, mink\u0161tina, lygina od\u0105 ir didina jos elastingum\u0105.<\/p>\n<p>Naudojimas: tepkite krem\u0105 ant \u0161varios, sausos odos ir masa\u017euokite, kol visi\u0161kai \u012fsigers. Tik i\u0161oriniam naudojimui.<\/p>\n","protected":false},"excerpt":{"rendered":"<p>\u0160velnios tekst\u016bros veido kremas ECOLATIER\u00ae POWER 5-in-1 greitai susigeria ir u\u017etikrina reikiam\u0105 odos prie\u017ei\u016br\u0105: dr\u0117kina, maitina, mink\u0161tina, saugo ir atstato. Veikliosios med\u017eiagos: Alavij\u0173 ir ramun\u0117li\u0173 ekstraktas dr\u0117kina ir ramina od\u0105. Taukmed\u017ei\u0173 sviestas atkuria, maitina ir mink\u0161tina od\u0105. D\u0117l turtingos biochemin\u0117s sud\u0117ties kremas skatina atsistatym\u0105 ir padidina apsaugines odos funkcijas. Migdol\u0173 aliejus dr\u0117kina, mink\u0161tina, lygina od\u0105 [&#8230;]\n","protected":false},"featured_media":93342,"template":"","meta":[],"product_cat":[1322],"product_tag":[],"class_list":{"0":"post-67530","1":"product","2":"type-product","3":"status-publish","4":"has-post-thumbnail","6":"product_brand-ecolab_cs-lt","7":"product_cat-veido-kremai","9":"first","10":"instock","11":"taxable","12":"shipping-taxable","13":"product-type-simple"},"_links":{"self":[{"href":"https:\/\/e.kosmolat.eu\/lt\/wp-json\/wp\/v2\/product\/67530","targetHints":{"allow":["GET"]}}],"collection":[{"href":"https:\/\/e.kosmolat.eu\/lt\/wp-json\/wp\/v2\/product"}],"about":[{"href":"https:\/\/e.kosmolat.eu\/lt\/wp-json\/wp\/v2\/types\/product"}],"wp:featuredmedia":[{"embeddable":true,"href":"https:\/\/e.kosmolat.eu\/lt\/wp-json\/wp\/v2\/media\/93342"}],"wp:attachment":[{"href":"https:\/\/e.kosmolat.eu\/lt\/wp-json\/wp\/v2\/media?parent=67530"}],"wp:term":[{"taxonomy":"product_cat","embeddable":true,"href":"https:\/\/e.kosmolat.eu\/lt\/wp-json\/wp\/v2\/product_cat?post=67530"},{"taxonomy":"product_tag","embeddable":true,"href":"https:\/\/e.kosmolat.eu\/lt\/wp-json\/wp\/v2\/product_tag?post=67530"}],"curies":[{"name":"wp","href":"https:\/\/api.w.org\/{rel}","templated":true}]}}