{"id":67522,"date":"2025-04-28T05:24:25","date_gmt":"2025-04-28T05:24:25","guid":{"rendered":"https:\/\/e.kosmolat.eu\/product\/ecl-organic-argana-dienas-sejas-kr-atjaunojoss-un-barojoss-50-ml\/"},"modified":"2026-05-08T20:56:57","modified_gmt":"2026-05-08T20:56:57","slug":"ecl-organic-argana-dienas-sejas-kr-atjaunojoss-un-barojoss-50-ml","status":"publish","type":"product","link":"https:\/\/e.kosmolat.eu\/lt\/produktas\/ecl-organic-argana-dienas-sejas-kr-atjaunojoss-un-barojoss-50-ml\/","title":{"rendered":"ECOLATIER Organic Argana Dieninis veido kremas Atkuriamasis ir maitinamasis, 50 ml"},"content":{"rendered":"<p>Dieninis atkuriamasis ir maitinamasis veido kremas kasdieniniam naudojimui sukurtas nat\u016brali\u0173 ingredient\u0173 pagrindu. Suteikia glotninam\u0105j\u012f ir jauninam\u0105j\u012f poveik\u012f, tod\u0117l oda pamaitinta, elastinga ir \u0161velni.<\/p>\n<p>Argan\u0173 aliejuje gausu vitamin\u0173 A ir E, taip pat antioksidant\u0173, omega-6 riebi\u0173j\u0173 r\u016bg\u0161\u010di\u0173 ir linolo r\u016bg\u0161ties.<br \/>\nKosmetikos naudojimas su argan\u0173 aliejumi pagerina odos b\u016bkl\u0119, padidina jos elastingum\u0105, ma\u017eina smulkias rauk\u0161leles ir padeda i\u0161laikyti dr\u0117gm\u0119 odoje. Peptidai padeda i\u0161laikyti dr\u0117gm\u0119 odos l\u0105stel\u0117se, turi lyginam\u0105j\u012f poveik\u012f ir atkuria odos elastingum\u0105. Hialurono r\u016bg\u0161tis intensyviai dr\u0117kina ir tonizuoja od\u0105, suteikdama aktyv\u0173 dr\u0117kinim\u0105 dr\u0117kina ir lygina.<\/p>\n<p>Naudojimas: tepti ant \u0161varios odos, vengiant aki\u0173 srities. Tik i\u0161oriniam naudojimui.<\/p>\n","protected":false},"excerpt":{"rendered":"<p>Dieninis atkuriamasis ir maitinamasis veido kremas kasdieniniam naudojimui sukurtas nat\u016brali\u0173 ingredient\u0173 pagrindu. Suteikia glotninam\u0105j\u012f ir jauninam\u0105j\u012f poveik\u012f, tod\u0117l oda pamaitinta, elastinga ir \u0161velni. Argan\u0173 aliejuje gausu vitamin\u0173 A ir E, taip pat antioksidant\u0173, omega-6 riebi\u0173j\u0173 r\u016bg\u0161\u010di\u0173 ir linolo r\u016bg\u0161ties. Kosmetikos naudojimas su argan\u0173 aliejumi pagerina odos b\u016bkl\u0119, padidina jos elastingum\u0105, ma\u017eina smulkias rauk\u0161leles ir padeda [&#8230;]\n","protected":false},"featured_media":93338,"template":"","meta":[],"product_cat":[1322],"product_tag":[],"class_list":{"0":"post-67522","1":"product","2":"type-product","3":"status-publish","4":"has-post-thumbnail","6":"product_brand-ecolab_cs-lt","7":"product_cat-veido-kremai","9":"first","10":"instock","11":"taxable","12":"shipping-taxable","13":"product-type-simple"},"_links":{"self":[{"href":"https:\/\/e.kosmolat.eu\/lt\/wp-json\/wp\/v2\/product\/67522","targetHints":{"allow":["GET"]}}],"collection":[{"href":"https:\/\/e.kosmolat.eu\/lt\/wp-json\/wp\/v2\/product"}],"about":[{"href":"https:\/\/e.kosmolat.eu\/lt\/wp-json\/wp\/v2\/types\/product"}],"wp:featuredmedia":[{"embeddable":true,"href":"https:\/\/e.kosmolat.eu\/lt\/wp-json\/wp\/v2\/media\/93338"}],"wp:attachment":[{"href":"https:\/\/e.kosmolat.eu\/lt\/wp-json\/wp\/v2\/media?parent=67522"}],"wp:term":[{"taxonomy":"product_cat","embeddable":true,"href":"https:\/\/e.kosmolat.eu\/lt\/wp-json\/wp\/v2\/product_cat?post=67522"},{"taxonomy":"product_tag","embeddable":true,"href":"https:\/\/e.kosmolat.eu\/lt\/wp-json\/wp\/v2\/product_tag?post=67522"}],"curies":[{"name":"wp","href":"https:\/\/api.w.org\/{rel}","templated":true}]}}