{"id":67514,"date":"2025-04-28T05:24:07","date_gmt":"2025-04-28T05:24:07","guid":{"rendered":"https:\/\/e.kosmolat.eu\/product\/ecl-organic-argana-nakts-sejas-kr-atjaunojoss-un-barojoss-50-ml\/"},"modified":"2026-05-08T20:56:42","modified_gmt":"2026-05-08T20:56:42","slug":"ecl-organic-argana-nakts-sejas-kr-atjaunojoss-un-barojoss-50-ml","status":"publish","type":"product","link":"https:\/\/e.kosmolat.eu\/lt\/produktas\/ecl-organic-argana-nakts-sejas-kr-atjaunojoss-un-barojoss-50-ml\/","title":{"rendered":"ECOLATIER Organic Argana Naktinis veido kremas Atkuriamasis ir maitinamasis, 50 ml"},"content":{"rendered":"<p>Naktinis veido kremas sukurtas nat\u016brali\u0173 ingredient\u0173 pagrindu, giliai maitina ir atkuria od\u0105 miego metu. Jo turtinga formul\u0117 skatina nat\u016bralius jauninimo procesus, ma\u017eina smulkias rauk\u0161leles ir tonizuoja od\u0105.<\/p>\n<p>Argan\u0173 aliejuje gausu vitamin\u0173 A ir E, taip pat antioksidant\u0173, omega-6 riebi\u0173j\u0173 r\u016bg\u0161\u010di\u0173 ir linolo r\u016bg\u0161ties.<br \/>\nKosmetikos naudojimas su argan\u0173 aliejumi pagerina odos b\u016bkl\u0119, padidina jos elastingum\u0105, ma\u017eina smulkias rauk\u0161leles ir padeda i\u0161laikyti dr\u0117gm\u0119 odoje.<\/p>\n<p> Vitaminas C pasi\u017eymi antioksidacin\u0117mis savyb\u0117mis, padeda atkurti odos l\u0105steles ir l\u0117tina prie\u0161laikin\u012f odos sen\u0117jim\u0105, suteikdamas jai spindin\u010di\u0105 ir sveik\u0105 i\u0161vaizd\u0105. Bisabololis padeda sumink\u0161tinti ir nuraminti od\u0105.<\/p>\n<p>Naudojimas: vakare tepkite ant \u0161varios odos, vengdami aki\u0173 srities. Nepa\u0161alinkite produkto pertekliaus. Ryte nuplaukite veid\u0105. Tik i\u0161oriniam naudojimui.<\/p>\n","protected":false},"excerpt":{"rendered":"<p>Naktinis veido kremas sukurtas nat\u016brali\u0173 ingredient\u0173 pagrindu, giliai maitina ir atkuria od\u0105 miego metu. Jo turtinga formul\u0117 skatina nat\u016bralius jauninimo procesus, ma\u017eina smulkias rauk\u0161leles ir tonizuoja od\u0105. Argan\u0173 aliejuje gausu vitamin\u0173 A ir E, taip pat antioksidant\u0173, omega-6 riebi\u0173j\u0173 r\u016bg\u0161\u010di\u0173 ir linolo r\u016bg\u0161ties. Kosmetikos naudojimas su argan\u0173 aliejumi pagerina odos b\u016bkl\u0119, padidina jos elastingum\u0105, ma\u017eina [&#8230;]\n","protected":false},"featured_media":93334,"template":"","meta":[],"product_cat":[1322],"product_tag":[],"class_list":{"0":"post-67514","1":"product","2":"type-product","3":"status-publish","4":"has-post-thumbnail","6":"product_brand-ecolab_cs-lt","7":"product_cat-veido-kremai","9":"first","10":"outofstock","11":"taxable","12":"shipping-taxable","13":"product-type-simple"},"_links":{"self":[{"href":"https:\/\/e.kosmolat.eu\/lt\/wp-json\/wp\/v2\/product\/67514","targetHints":{"allow":["GET"]}}],"collection":[{"href":"https:\/\/e.kosmolat.eu\/lt\/wp-json\/wp\/v2\/product"}],"about":[{"href":"https:\/\/e.kosmolat.eu\/lt\/wp-json\/wp\/v2\/types\/product"}],"wp:featuredmedia":[{"embeddable":true,"href":"https:\/\/e.kosmolat.eu\/lt\/wp-json\/wp\/v2\/media\/93334"}],"wp:attachment":[{"href":"https:\/\/e.kosmolat.eu\/lt\/wp-json\/wp\/v2\/media?parent=67514"}],"wp:term":[{"taxonomy":"product_cat","embeddable":true,"href":"https:\/\/e.kosmolat.eu\/lt\/wp-json\/wp\/v2\/product_cat?post=67514"},{"taxonomy":"product_tag","embeddable":true,"href":"https:\/\/e.kosmolat.eu\/lt\/wp-json\/wp\/v2\/product_tag?post=67514"}],"curies":[{"name":"wp","href":"https:\/\/api.w.org\/{rel}","templated":true}]}}