{"id":67506,"date":"2025-04-28T05:23:51","date_gmt":"2025-04-28T05:23:51","guid":{"rendered":"https:\/\/e.kosmolat.eu\/product\/ecl-organic-aloe-vera-micelar-udens-jut-adai-attir-un-mitr-250-ml\/"},"modified":"2026-04-10T10:40:00","modified_gmt":"2026-04-10T10:40:00","slug":"ecl-organic-aloe-vera-micelar-udens-jut-adai-attir-un-mitr-250-ml","status":"publish","type":"product","link":"https:\/\/e.kosmolat.eu\/lt\/produktas\/ecl-organic-aloe-vera-micelar-udens-jut-adai-attir-un-mitr-250-ml\/","title":{"rendered":"ECOLATIER Organic Aloe Vera Micelinis vanduo, jautriai odai Intensyvus dr\u0117kinimas, 50 ml"},"content":{"rendered":"<p>Nat\u016brali\u0173 komponent\u0173 micelinis vanduo tinkamas odos valymui, makia\u017eo \u0161alinimui, dr\u0117kinimui, maitinimui ir paruo\u0161imui tolesnei prie\u017ei\u016brai.<br \/>\nAlavij\u0173 sultyse, gaunamose tiesiai i\u0161 augalo, gausu vitamin\u0173, amino r\u016bg\u0161\u010di\u0173, mineral\u0173, polisacharid\u0173 ir fitoncid\u0173, kurie skatina l\u0105steli\u0173 atsinaujinim\u0105 epidermio lygmenyje. Efektyviai dr\u0117kina ir mink\u0161tina od\u0105.<\/p>\n<p>Betainas padeda i\u0161laikyti dr\u0117gm\u0119 odoje, i\u0161laikyti j\u0105 sveik\u0105 ir hidratuot\u0105. Dede\u0161v\u0173 ekstraktas \u0161velniai r\u016bpinasi jautria ir gle\u017ena veido oda, j\u0105 ramina ir mink\u0161tina.<\/p>\n<p>Naudojimas: U\u017etepkite micelinio vandens ant vatos diskelio ir kelet\u0105 sekund\u017ei\u0173 \u0161velniai valykite veid\u0105 ir akis, kad pa\u0161alintum\u0117te makia\u017e\u0105. Jei reikia, pakartokite. Jei norite, nuplaukite vandeniu.Tik i\u0161oriniam naudojimui<\/p>\n","protected":false},"excerpt":{"rendered":"<p>Nat\u016brali\u0173 komponent\u0173 micelinis vanduo tinkamas odos valymui, makia\u017eo \u0161alinimui, dr\u0117kinimui, maitinimui ir paruo\u0161imui tolesnei prie\u017ei\u016brai. Alavij\u0173 sultyse, gaunamose tiesiai i\u0161 augalo, gausu vitamin\u0173, amino r\u016bg\u0161\u010di\u0173, mineral\u0173, polisacharid\u0173 ir fitoncid\u0173, kurie skatina l\u0105steli\u0173 atsinaujinim\u0105 epidermio lygmenyje. Efektyviai dr\u0117kina ir mink\u0161tina od\u0105. Betainas padeda i\u0161laikyti dr\u0117gm\u0119 odoje, i\u0161laikyti j\u0105 sveik\u0105 ir hidratuot\u0105. Dede\u0161v\u0173 ekstraktas \u0161velniai r\u016bpinasi jautria [&#8230;]\n","protected":false},"featured_media":93330,"template":"","meta":[],"product_cat":[1570],"product_tag":[],"class_list":{"0":"post-67506","1":"product","2":"type-product","3":"status-publish","4":"has-post-thumbnail","6":"product_brand-ecolab_cs-lt","7":"product_cat-micelinis-vanduo","9":"first","10":"instock","11":"taxable","12":"shipping-taxable","13":"product-type-simple"},"_links":{"self":[{"href":"https:\/\/e.kosmolat.eu\/lt\/wp-json\/wp\/v2\/product\/67506","targetHints":{"allow":["GET"]}}],"collection":[{"href":"https:\/\/e.kosmolat.eu\/lt\/wp-json\/wp\/v2\/product"}],"about":[{"href":"https:\/\/e.kosmolat.eu\/lt\/wp-json\/wp\/v2\/types\/product"}],"wp:featuredmedia":[{"embeddable":true,"href":"https:\/\/e.kosmolat.eu\/lt\/wp-json\/wp\/v2\/media\/93330"}],"wp:attachment":[{"href":"https:\/\/e.kosmolat.eu\/lt\/wp-json\/wp\/v2\/media?parent=67506"}],"wp:term":[{"taxonomy":"product_cat","embeddable":true,"href":"https:\/\/e.kosmolat.eu\/lt\/wp-json\/wp\/v2\/product_cat?post=67506"},{"taxonomy":"product_tag","embeddable":true,"href":"https:\/\/e.kosmolat.eu\/lt\/wp-json\/wp\/v2\/product_tag?post=67506"}],"curies":[{"name":"wp","href":"https:\/\/api.w.org\/{rel}","templated":true}]}}