{"id":67498,"date":"2025-04-28T05:23:36","date_gmt":"2025-04-28T05:23:36","guid":{"rendered":"https:\/\/e.kosmolat.eu\/product\/eclu-nomier-micel-ud-kosm-nonems-jut-adai-zidkoks-un-alveja-400-ml\/"},"modified":"2026-04-15T07:32:08","modified_gmt":"2026-04-15T07:32:08","slug":"eclu-nomier-micel-ud-kosm-nonems-jut-adai-zidkoks-un-alveja-400-ml","status":"publish","type":"product","link":"https:\/\/e.kosmolat.eu\/lt\/produktas\/eclu-nomier-micel-ud-kosm-nonems-jut-adai-zidkoks-un-alveja-400-ml\/","title":{"rendered":"ECOLATIER URBAN Micelinis vanduo makia\u017eo valymui. Jautriai odai. \u0160ilkmedis ir alavijas, 400 ml"},"content":{"rendered":"<p>\u0160is produktas skirtas \u0161velniai ir efektyviai pa\u0161alinti makia\u017e\u0105 ir ne\u0161varumus nuo veido ir kaklo. Sud\u0117tyje esantys nat\u016bral\u016bs ingredientai dr\u0117kina ir maitina od\u0105, paruo\u0161dami veid\u0105 tolesnei prie\u017ei\u016brai ir sukurdami \u0161varos poj\u016bt\u012f, leisdami odai \u201ekv\u0117puoti\u201c.<\/p>\n<p>Aktyv\u016bs ingredientai:<br \/>\nAlavij\u0173 sultys \u0161velniai valo ir dr\u0117kina od\u0105, veikia raminamai.<br \/>\n\u0160ilkmed\u017eio ekstraktas puikiai maitina ir dr\u0117kina od\u0105, normalizuoja med\u017eiag\u0173 apykaitos procesus giliuose epidermio sluoksniuose. Padaro od\u0105 ne\u012ftik\u0117tinai lygi\u0105 ir \u0161velni\u0105.<br \/>\nDrakono kraujo dervos ekstraktas (Croton Lechleri derva), Moring\u0173 ekstraktas, vitaminai B5, B6, C, E skatina l\u0105steli\u0173 detoksikacij\u0105, atkuria od\u0105, pasi\u017eymi dideliu antioksidaciniu aktyvumu. ir pagerina odos barjerines funkcijas.<\/p>\n<p>Naudojimas: U\u017etepkite micelinio vandens ant vatos diskelio ir kelet\u0105 sekund\u017ei\u0173 \u0161velniai valykite veid\u0105 ir akis, kad pa\u0161alintum\u0117te makia\u017e\u0105. Patarimas: Kelias sekundes \u0161velniai prispauskite vatos diskel\u012f ant blakstien\u0173, kad blakstien\u0173 tu\u0161as i\u0161tirpt\u0173 ir b\u016bt\u0173 lengviau j\u012f pa\u0161alinti. Jei reikia, pakartokite. Jei norite, nuplaukite vandeniu. Tik i\u0161oriniam naudojimui.<\/p>\n","protected":false},"excerpt":{"rendered":"<p>\u0160is produktas skirtas \u0161velniai ir efektyviai pa\u0161alinti makia\u017e\u0105 ir ne\u0161varumus nuo veido ir kaklo. Sud\u0117tyje esantys nat\u016bral\u016bs ingredientai dr\u0117kina ir maitina od\u0105, paruo\u0161dami veid\u0105 tolesnei prie\u017ei\u016brai ir sukurdami \u0161varos poj\u016bt\u012f, leisdami odai \u201ekv\u0117puoti\u201c. Aktyv\u016bs ingredientai: Alavij\u0173 sultys \u0161velniai valo ir dr\u0117kina od\u0105, veikia raminamai. \u0160ilkmed\u017eio ekstraktas puikiai maitina ir dr\u0117kina od\u0105, normalizuoja med\u017eiag\u0173 apykaitos procesus [&#8230;]\n","protected":false},"featured_media":93326,"template":"","meta":[],"product_cat":[1570],"product_tag":[],"class_list":{"0":"post-67498","1":"product","2":"type-product","3":"status-publish","4":"has-post-thumbnail","6":"product_brand-ecolab_cs-lt","7":"product_cat-micelinis-vanduo","9":"first","10":"outofstock","11":"taxable","12":"shipping-taxable","13":"product-type-simple"},"_links":{"self":[{"href":"https:\/\/e.kosmolat.eu\/lt\/wp-json\/wp\/v2\/product\/67498","targetHints":{"allow":["GET"]}}],"collection":[{"href":"https:\/\/e.kosmolat.eu\/lt\/wp-json\/wp\/v2\/product"}],"about":[{"href":"https:\/\/e.kosmolat.eu\/lt\/wp-json\/wp\/v2\/types\/product"}],"wp:featuredmedia":[{"embeddable":true,"href":"https:\/\/e.kosmolat.eu\/lt\/wp-json\/wp\/v2\/media\/93326"}],"wp:attachment":[{"href":"https:\/\/e.kosmolat.eu\/lt\/wp-json\/wp\/v2\/media?parent=67498"}],"wp:term":[{"taxonomy":"product_cat","embeddable":true,"href":"https:\/\/e.kosmolat.eu\/lt\/wp-json\/wp\/v2\/product_cat?post=67498"},{"taxonomy":"product_tag","embeddable":true,"href":"https:\/\/e.kosmolat.eu\/lt\/wp-json\/wp\/v2\/product_tag?post=67498"}],"curies":[{"name":"wp","href":"https:\/\/api.w.org\/{rel}","templated":true}]}}