{"id":67490,"date":"2025-04-28T05:23:20","date_gmt":"2025-04-28T05:23:20","guid":{"rendered":"https:\/\/e.kosmolat.eu\/product\/eclp-mitrinosa-sejas-zeleja-50-ml\/"},"modified":"2026-01-13T16:38:43","modified_gmt":"2026-01-13T16:38:43","slug":"eclp-mitrinosa-sejas-zeleja-50-ml","status":"publish","type":"product","link":"https:\/\/e.kosmolat.eu\/lt\/produktas\/eclp-mitrinosa-sejas-zeleja-50-ml\/","title":{"rendered":"ECOLATIER POWER veido gelis Dr\u0117kinantis, 50 ml"},"content":{"rendered":"<p>ECOLATIER\u00ae POWER dr\u0117kinamasis veido gelis idealiai tinka intensyviam odos dr\u0117kinimui ir mink\u0161tinimui. Tonizuoja ir gaivina, neleid\u017eia i\u0161saus\u0117ti ir \u0161erpetoti, atkuria nat\u016bral\u0173 apsaugin\u012f barjer\u0105, daro od\u0105 elastingesn\u0119 ir lygesn\u0119. D\u0117l lengvos tekst\u016bros gelis greitai susigeria ir nepalieka lipnumo jausmo ant odos.<\/p>\n<p>Veikliosios med\u017eiagos: Alavij\u0173 sultys giliai dr\u0117kina od\u0105, palieka ilgalaik\u012f gaivumo ir komforto poj\u016bt\u012f. Ry\u017ei\u0173 baltymai dr\u0117kina ir saugo od\u0105 nuo i\u0161saus\u0117jimo. Avi\u017e\u0173 ekstraktas pasi\u017eymi raminamuoju ir mink\u0161tinamuoju poveikiu.<\/p>\n<p>Naudojimas: tepkite gel\u012f ant \u0161varios, sausos odos ir masa\u017euokite, kol visi\u0161kai \u012fsigers. Tik i\u0161oriniam naudojimui.<\/p>\n","protected":false},"excerpt":{"rendered":"<p>ECOLATIER\u00ae POWER dr\u0117kinamasis veido gelis idealiai tinka intensyviam odos dr\u0117kinimui ir mink\u0161tinimui. Tonizuoja ir gaivina, neleid\u017eia i\u0161saus\u0117ti ir \u0161erpetoti, atkuria nat\u016bral\u0173 apsaugin\u012f barjer\u0105, daro od\u0105 elastingesn\u0119 ir lygesn\u0119. D\u0117l lengvos tekst\u016bros gelis greitai susigeria ir nepalieka lipnumo jausmo ant odos. Veikliosios med\u017eiagos: Alavij\u0173 sultys giliai dr\u0117kina od\u0105, palieka ilgalaik\u012f gaivumo ir komforto poj\u016bt\u012f. Ry\u017ei\u0173 baltymai [&#8230;]\n","protected":false},"featured_media":98349,"template":"","meta":[],"product_cat":[2181],"product_tag":[],"class_list":{"0":"post-67490","1":"product","2":"type-product","3":"status-publish","4":"has-post-thumbnail","6":"product_brand-ecolab_cs-lt","7":"product_cat-bez-kategorijas-lt","9":"first","10":"instock","11":"taxable","12":"shipping-taxable","13":"product-type-simple"},"_links":{"self":[{"href":"https:\/\/e.kosmolat.eu\/lt\/wp-json\/wp\/v2\/product\/67490","targetHints":{"allow":["GET"]}}],"collection":[{"href":"https:\/\/e.kosmolat.eu\/lt\/wp-json\/wp\/v2\/product"}],"about":[{"href":"https:\/\/e.kosmolat.eu\/lt\/wp-json\/wp\/v2\/types\/product"}],"wp:featuredmedia":[{"embeddable":true,"href":"https:\/\/e.kosmolat.eu\/lt\/wp-json\/wp\/v2\/media\/98349"}],"wp:attachment":[{"href":"https:\/\/e.kosmolat.eu\/lt\/wp-json\/wp\/v2\/media?parent=67490"}],"wp:term":[{"taxonomy":"product_cat","embeddable":true,"href":"https:\/\/e.kosmolat.eu\/lt\/wp-json\/wp\/v2\/product_cat?post=67490"},{"taxonomy":"product_tag","embeddable":true,"href":"https:\/\/e.kosmolat.eu\/lt\/wp-json\/wp\/v2\/product_tag?post=67490"}],"curies":[{"name":"wp","href":"https:\/\/api.w.org\/{rel}","templated":true}]}}