{"id":67482,"date":"2025-04-28T05:23:03","date_gmt":"2025-04-28T05:23:03","guid":{"rendered":"https:\/\/e.kosmolat.eu\/product\/ecl-organic-aloe-vera-zeleja-jutigai-adai-ap-acim-30-ml\/"},"modified":"2026-04-22T05:54:51","modified_gmt":"2026-04-22T05:54:51","slug":"ecl-organic-aloe-vera-zeleja-jutigai-adai-ap-acim-30-ml","status":"publish","type":"product","link":"https:\/\/e.kosmolat.eu\/lt\/produktas\/ecl-organic-aloe-vera-zeleja-jutigai-adai-ap-acim-30-ml\/","title":{"rendered":"ECOLATIER Organic Aloe Vera Gelis odai aplink akis, jautriai odai Intensyvus dr\u0117kinimas, 30 ml"},"content":{"rendered":"<p>Gelis odai aplink akis, pagamintas i\u0161 nat\u016brali\u0173 ir organini\u0173 komponent\u0173. Lengva tekst\u016bra suteikia pleistr\u0173 efekt\u0105 \u2013 padeda suma\u017einti rauk\u0161les aplink akis, i\u0161lygina gle\u017en\u0105 od\u0105, dr\u0117kina ir atkuria hidrolipid\u0173 balans\u0105.<\/p>\n<p>Alavij\u0173 sultyse, gaunamose tiesiai i\u0161 augalo, gausu vitamin\u0173, amino r\u016bg\u0161\u010di\u0173, mineral\u0173, polisacharid\u0173 ir fitoncid\u0173, kurie skatina l\u0105steli\u0173 atsinaujinim\u0105 epidermio lygmenyje. Efektyviai dr\u0117kina ir mink\u0161tina od\u0105.<\/p>\n<p>Kolagenas gerina odos vandens balans\u0105, suteikia jai elastingumo, palaiko jos strukt\u016br\u0105 ir tonus\u0105. Niacinamidas (vitaminas B3) apsaugo nuo dr\u0117gm\u0117s praradimo, atkuria sveik\u0105 odos atspalv\u012f ir pagerina jos tekst\u016br\u0105. Taip pat stimuliuoja mikrocirkuliacij\u0105 ir padidina odos elastingum\u0105.<\/p>\n<p>Naudojimas: plonu sluoksniu tepkite saus\u0105, \u0161vari\u0105 od\u0105 aplink akis. Neb\u016btina nuplauti. Tik i\u0161oriniam naudojimui.<\/p>\n","protected":false},"excerpt":{"rendered":"<p>Gelis odai aplink akis, pagamintas i\u0161 nat\u016brali\u0173 ir organini\u0173 komponent\u0173. Lengva tekst\u016bra suteikia pleistr\u0173 efekt\u0105 \u2013 padeda suma\u017einti rauk\u0161les aplink akis, i\u0161lygina gle\u017en\u0105 od\u0105, dr\u0117kina ir atkuria hidrolipid\u0173 balans\u0105. Alavij\u0173 sultyse, gaunamose tiesiai i\u0161 augalo, gausu vitamin\u0173, amino r\u016bg\u0161\u010di\u0173, mineral\u0173, polisacharid\u0173 ir fitoncid\u0173, kurie skatina l\u0105steli\u0173 atsinaujinim\u0105 epidermio lygmenyje. Efektyviai dr\u0117kina ir mink\u0161tina od\u0105. Kolagenas [&#8230;]\n","protected":false},"featured_media":93322,"template":"","meta":[],"product_cat":[1590],"product_tag":[],"class_list":{"0":"post-67482","1":"product","2":"type-product","3":"status-publish","4":"has-post-thumbnail","6":"product_brand-ecolab_cs-lt","7":"product_cat-paakiu-kremai","9":"first","10":"instock","11":"taxable","12":"shipping-taxable","13":"product-type-simple"},"_links":{"self":[{"href":"https:\/\/e.kosmolat.eu\/lt\/wp-json\/wp\/v2\/product\/67482","targetHints":{"allow":["GET"]}}],"collection":[{"href":"https:\/\/e.kosmolat.eu\/lt\/wp-json\/wp\/v2\/product"}],"about":[{"href":"https:\/\/e.kosmolat.eu\/lt\/wp-json\/wp\/v2\/types\/product"}],"wp:featuredmedia":[{"embeddable":true,"href":"https:\/\/e.kosmolat.eu\/lt\/wp-json\/wp\/v2\/media\/93322"}],"wp:attachment":[{"href":"https:\/\/e.kosmolat.eu\/lt\/wp-json\/wp\/v2\/media?parent=67482"}],"wp:term":[{"taxonomy":"product_cat","embeddable":true,"href":"https:\/\/e.kosmolat.eu\/lt\/wp-json\/wp\/v2\/product_cat?post=67482"},{"taxonomy":"product_tag","embeddable":true,"href":"https:\/\/e.kosmolat.eu\/lt\/wp-json\/wp\/v2\/product_tag?post=67482"}],"curies":[{"name":"wp","href":"https:\/\/api.w.org\/{rel}","templated":true}]}}