{"id":67474,"date":"2025-04-28T05:22:46","date_gmt":"2025-04-28T05:22:46","guid":{"rendered":"https:\/\/e.kosmolat.eu\/product\/ecl-organic-argana-sejas-toniks-atjaun-un-baroj-250-ml\/"},"modified":"2026-04-22T05:54:35","modified_gmt":"2026-04-22T05:54:35","slug":"ecl-organic-argana-sejas-toniks-atjaun-un-baroj-250-ml","status":"publish","type":"product","link":"https:\/\/e.kosmolat.eu\/lt\/produktas\/ecl-organic-argana-sejas-toniks-atjaun-un-baroj-250-ml\/","title":{"rendered":"ECOLATIER Organic Argana Tonikas veidui Atk\u016brimas ir maitinimas, 250 ml"},"content":{"rendered":"<p>Veido tonikas pagamintas i\u0161 nat\u016brali\u0173  ingredient\u0173. Skatina odos atsistatym\u0105, maitina j\u0105, glotnina ir suteikia jaunatvi\u0161k\u0105 i\u0161vaizd\u0105.<\/p>\n<p>Argan\u0173 aliejuje gausu vitamin\u0173 A ir E, taip pat antioksidant\u0173, omega-6 riebi\u0173j\u0173 r\u016bg\u0161\u010di\u0173 ir linolo r\u016bg\u0161ties.<br \/>\nKosmetikos naudojimas su argan\u0173 aliejumi pagerina odos b\u016bkl\u0119, padidina jos elastingum\u0105, ma\u017eina smulkias rauk\u0161leles ir padeda i\u0161laikyti dr\u0117gm\u0119 odoje.<br \/>\nPantenolis turi ry\u0161k\u0173 atkuriam\u0105j\u012f, dr\u0117kinam\u0105j\u012f ir mink\u0161tinam\u0105j\u012f poveik\u012f.<br \/>\nMaka \u0161akn\u0173 ekstraktas daro od\u0105 elastingesn\u0119, skatina kolageno sintez\u0119 ir gerina epidermio strukt\u016br\u0105. Kolagenas padeda palaikyti odos vandens balans\u0105, stiprina jos strukt\u016br\u0105 ir daro od\u0105 elastingesn\u0119 ir tonizuota.<\/p>\n<p>Naudojimas: U\u017etepkite nedidel\u012f kiek\u012f toniko ant vatos diskelio ir \u0161velniai nuvalykite od\u0105. Nereikia nuplauti.<br \/>\nTik i\u0161oriniam naudojimui.<\/p>\n","protected":false},"excerpt":{"rendered":"<p>Veido tonikas pagamintas i\u0161 nat\u016brali\u0173 ingredient\u0173. Skatina odos atsistatym\u0105, maitina j\u0105, glotnina ir suteikia jaunatvi\u0161k\u0105 i\u0161vaizd\u0105. Argan\u0173 aliejuje gausu vitamin\u0173 A ir E, taip pat antioksidant\u0173, omega-6 riebi\u0173j\u0173 r\u016bg\u0161\u010di\u0173 ir linolo r\u016bg\u0161ties. Kosmetikos naudojimas su argan\u0173 aliejumi pagerina odos b\u016bkl\u0119, padidina jos elastingum\u0105, ma\u017eina smulkias rauk\u0161leles ir padeda i\u0161laikyti dr\u0117gm\u0119 odoje. Pantenolis turi ry\u0161k\u0173 atkuriam\u0105j\u012f, [&#8230;]\n","protected":false},"featured_media":93318,"template":"","meta":[],"product_cat":[1580],"product_tag":[],"class_list":{"0":"post-67474","1":"product","2":"type-product","3":"status-publish","4":"has-post-thumbnail","6":"product_brand-ecolab_cs-lt","7":"product_cat-losjonai-ir-tonikai","9":"first","10":"instock","11":"taxable","12":"shipping-taxable","13":"product-type-simple"},"_links":{"self":[{"href":"https:\/\/e.kosmolat.eu\/lt\/wp-json\/wp\/v2\/product\/67474","targetHints":{"allow":["GET"]}}],"collection":[{"href":"https:\/\/e.kosmolat.eu\/lt\/wp-json\/wp\/v2\/product"}],"about":[{"href":"https:\/\/e.kosmolat.eu\/lt\/wp-json\/wp\/v2\/types\/product"}],"wp:featuredmedia":[{"embeddable":true,"href":"https:\/\/e.kosmolat.eu\/lt\/wp-json\/wp\/v2\/media\/93318"}],"wp:attachment":[{"href":"https:\/\/e.kosmolat.eu\/lt\/wp-json\/wp\/v2\/media?parent=67474"}],"wp:term":[{"taxonomy":"product_cat","embeddable":true,"href":"https:\/\/e.kosmolat.eu\/lt\/wp-json\/wp\/v2\/product_cat?post=67474"},{"taxonomy":"product_tag","embeddable":true,"href":"https:\/\/e.kosmolat.eu\/lt\/wp-json\/wp\/v2\/product_tag?post=67474"}],"curies":[{"name":"wp","href":"https:\/\/api.w.org\/{rel}","templated":true}]}}