{"id":67466,"date":"2025-04-28T05:22:31","date_gmt":"2025-04-28T05:22:31","guid":{"rendered":"https:\/\/e.kosmolat.eu\/product\/ecl-organic-aloe-vera-sejas-toniks-jut-adai-intens-mitrin-250-ml\/"},"modified":"2026-04-14T06:11:59","modified_gmt":"2026-04-14T06:11:59","slug":"ecl-organic-aloe-vera-sejas-toniks-jut-adai-intens-mitrin-250-ml","status":"publish","type":"product","link":"https:\/\/e.kosmolat.eu\/lt\/produktas\/ecl-organic-aloe-vera-sejas-toniks-jut-adai-intens-mitrin-250-ml\/","title":{"rendered":"ECOLATIER Organic Aloe Vera Tonikas veidui, jautriai odai Intensyvus dr\u0117kinimas, 150 ml"},"content":{"rendered":"<p>Veido tonikas pagamintas i\u0161 nat\u016brali\u0173 ingredient\u0173. Jis padeda atkurti i\u0161saus\u0117jusi\u0105 od\u0105, pa\u0161alina sausum\u0105 ir suteikia odai nat\u016bral\u0173 \u0161vyt\u0117jim\u0105.<br \/>\nAlavij\u0173 sultyse, gaunamose tiesiai i\u0161 augalo, gausu vitamin\u0173, amino r\u016bg\u0161\u010di\u0173, mineral\u0173, polisacharid\u0173 ir fitoncid\u0173, kurie skatina l\u0105steli\u0173 atsinaujinim\u0105 epidermio lygmenyje. Efektyviai dr\u0117kina ir mink\u0161tina od\u0105.<br \/>\nHialurono r\u016bg\u0161tis intensyviai dr\u0117kina od\u0105, gerina jos tonus\u0105 ir suteikia glotnumo efekt\u0105.<\/p>\n<p>Naudojimas: U\u017etepkite nedidel\u012f kiek\u012f toniko ant vatos diskelio ir \u0161velniai nuvalykite od\u0105. Nereikalauja skalavimo. Tik i\u0161oriniam naudojimui.<\/p>\n","protected":false},"excerpt":{"rendered":"<p>Veido tonikas pagamintas i\u0161 nat\u016brali\u0173 ingredient\u0173. Jis padeda atkurti i\u0161saus\u0117jusi\u0105 od\u0105, pa\u0161alina sausum\u0105 ir suteikia odai nat\u016bral\u0173 \u0161vyt\u0117jim\u0105. Alavij\u0173 sultyse, gaunamose tiesiai i\u0161 augalo, gausu vitamin\u0173, amino r\u016bg\u0161\u010di\u0173, mineral\u0173, polisacharid\u0173 ir fitoncid\u0173, kurie skatina l\u0105steli\u0173 atsinaujinim\u0105 epidermio lygmenyje. Efektyviai dr\u0117kina ir mink\u0161tina od\u0105. Hialurono r\u016bg\u0161tis intensyviai dr\u0117kina od\u0105, gerina jos tonus\u0105 ir suteikia glotnumo efekt\u0105. [&#8230;]\n","protected":false},"featured_media":93314,"template":"","meta":[],"product_cat":[1580],"product_tag":[],"class_list":{"0":"post-67466","1":"product","2":"type-product","3":"status-publish","4":"has-post-thumbnail","6":"product_brand-ecolab_cs-lt","7":"product_cat-losjonai-ir-tonikai","9":"first","10":"instock","11":"taxable","12":"shipping-taxable","13":"product-type-simple"},"_links":{"self":[{"href":"https:\/\/e.kosmolat.eu\/lt\/wp-json\/wp\/v2\/product\/67466","targetHints":{"allow":["GET"]}}],"collection":[{"href":"https:\/\/e.kosmolat.eu\/lt\/wp-json\/wp\/v2\/product"}],"about":[{"href":"https:\/\/e.kosmolat.eu\/lt\/wp-json\/wp\/v2\/types\/product"}],"wp:featuredmedia":[{"embeddable":true,"href":"https:\/\/e.kosmolat.eu\/lt\/wp-json\/wp\/v2\/media\/93314"}],"wp:attachment":[{"href":"https:\/\/e.kosmolat.eu\/lt\/wp-json\/wp\/v2\/media?parent=67466"}],"wp:term":[{"taxonomy":"product_cat","embeddable":true,"href":"https:\/\/e.kosmolat.eu\/lt\/wp-json\/wp\/v2\/product_cat?post=67466"},{"taxonomy":"product_tag","embeddable":true,"href":"https:\/\/e.kosmolat.eu\/lt\/wp-json\/wp\/v2\/product_tag?post=67466"}],"curies":[{"name":"wp","href":"https:\/\/api.w.org\/{rel}","templated":true}]}}