{"id":67458,"date":"2025-04-28T05:22:13","date_gmt":"2025-04-28T05:22:13","guid":{"rendered":"https:\/\/e.kosmolat.eu\/product\/eclu-micel-ud-kosm-non-un-poru-attiris-taukain-adai-matca-un-bambuss-400-ml\/"},"modified":"2026-04-08T11:26:15","modified_gmt":"2026-04-08T11:26:15","slug":"eclu-micel-ud-kosm-non-un-poru-attiris-taukain-adai-matca-un-bambuss-400-ml","status":"publish","type":"product","link":"https:\/\/e.kosmolat.eu\/lt\/produktas\/eclu-micel-ud-kosm-non-un-poru-attiris-taukain-adai-matca-un-bambuss-400-ml\/","title":{"rendered":"ECOLATIER URBAN Micelinis vanduo makia\u017eo \u0161alinimui ir por\u0173 valymui riebiai odai Matcha ir bambukas,"},"content":{"rendered":"<p>\u0160is produktas skirtas \u0161velniai ir efektyviai pa\u0161alinti makia\u017e\u0105 ir ne\u0161varumus nuo veido ir kaklo. Sud\u0117tyje esantys nat\u016bral\u016bs ingredientai dr\u0117kina ir maitina od\u0105, paruo\u0161dami veid\u0105 tolesnei prie\u017ei\u016brai ir sukurdami \u0161varos poj\u016bt\u012f, leisdami odai \u201ekv\u0117puoti\u201c.<\/p>\n<p>Aktyv\u016bs ingredientai:<br \/>\nMatcha arbatos ekstraktas giliai valo, i\u0161lygina odos tekst\u016br\u0105 ir tonus\u0105. Tai stiprus antioksidantas, apsaugantis l\u0105steles nuo aplinkos poveikio. Bambuk\u0173 ekstraktas gerina odos tonus\u0105, stangrum\u0105 ir elastingum\u0105, j\u0105 ramina ir dr\u0117kina, turi atkuriam\u0173j\u0173 savybi\u0173. Drakono kraujo dervos ekstraktas (Croton Lechleri derva), Moring\u0173 ekstraktas, vitaminai B5, B6, C, E skatina l\u0105steli\u0173 detoksikacij\u0105, atkuria od\u0105, pasi\u017eymi dideliu antioksidaciniu aktyvumu. ir pagerina odos barjerines funkcijas.<\/p>\n<p>Naudojimas: U\u017etepkite micelinio vandens ant vatos diskelio ir kelet\u0105 sekund\u017ei\u0173 \u0161velniai valykite veid\u0105 ir akis, kad pa\u0161alintum\u0117te makia\u017e\u0105. Patarimas: Kelias sekundes \u0161velniai prispauskite vatos diskel\u012f ant blakstien\u0173, kad blakstien\u0173 tu\u0161as i\u0161tirpt\u0173 ir b\u016bt\u0173 lengviau j\u012f pa\u0161alinti. Jei reikia, pakartokite. Jei norite, nuplaukite vandeniu. Tik i\u0161oriniam naudojimui.<\/p>\n","protected":false},"excerpt":{"rendered":"<p>\u0160is produktas skirtas \u0161velniai ir efektyviai pa\u0161alinti makia\u017e\u0105 ir ne\u0161varumus nuo veido ir kaklo. Sud\u0117tyje esantys nat\u016bral\u016bs ingredientai dr\u0117kina ir maitina od\u0105, paruo\u0161dami veid\u0105 tolesnei prie\u017ei\u016brai ir sukurdami \u0161varos poj\u016bt\u012f, leisdami odai \u201ekv\u0117puoti\u201c. Aktyv\u016bs ingredientai: Matcha arbatos ekstraktas giliai valo, i\u0161lygina odos tekst\u016br\u0105 ir tonus\u0105. Tai stiprus antioksidantas, apsaugantis l\u0105steles nuo aplinkos poveikio. Bambuk\u0173 ekstraktas [&#8230;]\n","protected":false},"featured_media":93310,"template":"","meta":[],"product_cat":[2181],"product_tag":[],"class_list":{"0":"post-67458","1":"product","2":"type-product","3":"status-publish","4":"has-post-thumbnail","6":"product_brand-ecolab_cs-lt","7":"product_cat-bez-kategorijas-lt","9":"first","10":"instock","11":"taxable","12":"shipping-taxable","13":"product-type-simple"},"_links":{"self":[{"href":"https:\/\/e.kosmolat.eu\/lt\/wp-json\/wp\/v2\/product\/67458","targetHints":{"allow":["GET"]}}],"collection":[{"href":"https:\/\/e.kosmolat.eu\/lt\/wp-json\/wp\/v2\/product"}],"about":[{"href":"https:\/\/e.kosmolat.eu\/lt\/wp-json\/wp\/v2\/types\/product"}],"wp:featuredmedia":[{"embeddable":true,"href":"https:\/\/e.kosmolat.eu\/lt\/wp-json\/wp\/v2\/media\/93310"}],"wp:attachment":[{"href":"https:\/\/e.kosmolat.eu\/lt\/wp-json\/wp\/v2\/media?parent=67458"}],"wp:term":[{"taxonomy":"product_cat","embeddable":true,"href":"https:\/\/e.kosmolat.eu\/lt\/wp-json\/wp\/v2\/product_cat?post=67458"},{"taxonomy":"product_tag","embeddable":true,"href":"https:\/\/e.kosmolat.eu\/lt\/wp-json\/wp\/v2\/product_tag?post=67458"}],"curies":[{"name":"wp","href":"https:\/\/api.w.org\/{rel}","templated":true}]}}