{"id":67442,"date":"2025-04-28T05:21:41","date_gmt":"2025-04-28T05:21:41","guid":{"rendered":"https:\/\/e.kosmolat.eu\/product\/ecl-organic-argana-sejas-mazgas-putas-atjaun-un-baroj-150-ml\/"},"modified":"2026-04-20T11:16:46","modified_gmt":"2026-04-20T11:16:46","slug":"ecl-organic-argana-sejas-mazgas-putas-atjaun-un-baroj-150-ml","status":"publish","type":"product","link":"https:\/\/e.kosmolat.eu\/lt\/produktas\/ecl-organic-argana-sejas-mazgas-putas-atjaun-un-baroj-150-ml\/","title":{"rendered":"ECOLATIER Organic Argana Prausimosi putos veidui. Atkuriamosios ir maitinamosios, 150 ml"},"content":{"rendered":"<p>Valan\u010dios veido putos sukurtos nat\u016brali\u0173 ingredient\u0173 pagrindu. \u0160velniai nuvalo od\u0105 ir pa\u0161alina makia\u017e\u0105. D\u0117l \u0161velnios formul\u0117s oda tampa gerai pri\u017ei\u016brima, \u0161velni ir dr\u0117kinama.<\/p>\n<p>Argan\u0173 aliejuje gausu vitamin\u0173 A ir E, taip pat antioksidant\u0173, omega-6 riebi\u0173j\u0173 r\u016bg\u0161\u010di\u0173 ir linolo r\u016bg\u0161ties.<br \/>\nKosmetikos naudojimas su argan\u0173 aliejumi pagerina odos b\u016bkl\u0119, padidina jos elastingum\u0105, ma\u017eina smulkias rauk\u0161leles ir padeda i\u0161laikyti dr\u0117gm\u0119 odoje.<br \/>\nPantenolis turi ry\u0161k\u0173 atkuriam\u0105j\u012f, dr\u0117kinam\u0105j\u012f ir mink\u0161tinam\u0105j\u012f poveik\u012f.<br \/>\nNaudojimas: Tepkite ant dr\u0117gnos odos, suputokite ir nuplaukite \u0161iltu vandeniu.<br \/>\nTik i\u0161oriniam naudojimui.<\/p>\n","protected":false},"excerpt":{"rendered":"<p>Valan\u010dios veido putos sukurtos nat\u016brali\u0173 ingredient\u0173 pagrindu. \u0160velniai nuvalo od\u0105 ir pa\u0161alina makia\u017e\u0105. D\u0117l \u0161velnios formul\u0117s oda tampa gerai pri\u017ei\u016brima, \u0161velni ir dr\u0117kinama. Argan\u0173 aliejuje gausu vitamin\u0173 A ir E, taip pat antioksidant\u0173, omega-6 riebi\u0173j\u0173 r\u016bg\u0161\u010di\u0173 ir linolo r\u016bg\u0161ties. Kosmetikos naudojimas su argan\u0173 aliejumi pagerina odos b\u016bkl\u0119, padidina jos elastingum\u0105, ma\u017eina smulkias rauk\u0161leles ir padeda [&#8230;]\n","protected":false},"featured_media":93302,"template":"","meta":[],"product_cat":[1835],"product_tag":[],"class_list":{"0":"post-67442","1":"product","2":"type-product","3":"status-publish","4":"has-post-thumbnail","6":"product_brand-ecolab_cs-lt","7":"product_cat-prausimosi-putos","9":"first","10":"outofstock","11":"taxable","12":"shipping-taxable","13":"product-type-simple"},"_links":{"self":[{"href":"https:\/\/e.kosmolat.eu\/lt\/wp-json\/wp\/v2\/product\/67442","targetHints":{"allow":["GET"]}}],"collection":[{"href":"https:\/\/e.kosmolat.eu\/lt\/wp-json\/wp\/v2\/product"}],"about":[{"href":"https:\/\/e.kosmolat.eu\/lt\/wp-json\/wp\/v2\/types\/product"}],"wp:featuredmedia":[{"embeddable":true,"href":"https:\/\/e.kosmolat.eu\/lt\/wp-json\/wp\/v2\/media\/93302"}],"wp:attachment":[{"href":"https:\/\/e.kosmolat.eu\/lt\/wp-json\/wp\/v2\/media?parent=67442"}],"wp:term":[{"taxonomy":"product_cat","embeddable":true,"href":"https:\/\/e.kosmolat.eu\/lt\/wp-json\/wp\/v2\/product_cat?post=67442"},{"taxonomy":"product_tag","embeddable":true,"href":"https:\/\/e.kosmolat.eu\/lt\/wp-json\/wp\/v2\/product_tag?post=67442"}],"curies":[{"name":"wp","href":"https:\/\/api.w.org\/{rel}","templated":true}]}}