{"id":67434,"date":"2025-04-28T05:21:27","date_gmt":"2025-04-28T05:21:27","guid":{"rendered":"https:\/\/e.kosmolat.eu\/product\/ecl-organic-aloe-vera-sejas-mazg-putas-jut-adai-intens-mitrin-150-ml\/"},"modified":"2026-04-10T10:10:56","modified_gmt":"2026-04-10T10:10:56","slug":"ecl-organic-aloe-vera-sejas-mazg-putas-jut-adai-intens-mitrin-150-ml","status":"publish","type":"product","link":"https:\/\/e.kosmolat.eu\/lt\/produktas\/ecl-organic-aloe-vera-sejas-mazg-putas-jut-adai-intens-mitrin-150-ml\/","title":{"rendered":"ECOLATIER Organic Aloe Vera Prausimosi putos veidui, jautriai odai Intensyvus dr\u0117kinimas, 150 ml"},"content":{"rendered":"<p>Nat\u016brali\u0173 ingredient\u0173 putojantis prausiklis tinka jautriai odai valyti ir makia\u017eui nuvalyti, paliekant od\u0105 \u0161vari\u0105, \u0161velni\u0105 ir sudr\u0117kint\u0105.<\/p>\n<p>Alavij\u0173 sultyse, gaunamose tiesiai i\u0161 augalo, gausu vitamin\u0173, amino r\u016bg\u0161\u010di\u0173, mineral\u0173, polisacharid\u0173 ir fitoncid\u0173, kurie skatina l\u0105steli\u0173 atsinaujinim\u0105 epidermio lygmenyje. Efektyviai dr\u0117kina ir mink\u0161tina od\u0105.<\/p>\n<p>Specialus dr\u0117kinamasis kompleksas atkuria odos hidrobalans\u0105 ir pagerina jos elastingum\u0105.<\/p>\n<p>Naudojimas: tepkite ant dr\u0117gnos odos, suputokite, nuplaukite \u0161iltu vandeniu. Tik i\u0161oriniam naudojimui.<\/p>\n","protected":false},"excerpt":{"rendered":"<p>Nat\u016brali\u0173 ingredient\u0173 putojantis prausiklis tinka jautriai odai valyti ir makia\u017eui nuvalyti, paliekant od\u0105 \u0161vari\u0105, \u0161velni\u0105 ir sudr\u0117kint\u0105. Alavij\u0173 sultyse, gaunamose tiesiai i\u0161 augalo, gausu vitamin\u0173, amino r\u016bg\u0161\u010di\u0173, mineral\u0173, polisacharid\u0173 ir fitoncid\u0173, kurie skatina l\u0105steli\u0173 atsinaujinim\u0105 epidermio lygmenyje. Efektyviai dr\u0117kina ir mink\u0161tina od\u0105. Specialus dr\u0117kinamasis kompleksas atkuria odos hidrobalans\u0105 ir pagerina jos elastingum\u0105. Naudojimas: tepkite ant [&#8230;]\n","protected":false},"featured_media":93298,"template":"","meta":[],"product_cat":[1835],"product_tag":[],"class_list":{"0":"post-67434","1":"product","2":"type-product","3":"status-publish","4":"has-post-thumbnail","6":"product_brand-ecolab_cs-lt","7":"product_cat-prausimosi-putos","9":"first","10":"outofstock","11":"taxable","12":"shipping-taxable","13":"product-type-simple"},"_links":{"self":[{"href":"https:\/\/e.kosmolat.eu\/lt\/wp-json\/wp\/v2\/product\/67434","targetHints":{"allow":["GET"]}}],"collection":[{"href":"https:\/\/e.kosmolat.eu\/lt\/wp-json\/wp\/v2\/product"}],"about":[{"href":"https:\/\/e.kosmolat.eu\/lt\/wp-json\/wp\/v2\/types\/product"}],"wp:featuredmedia":[{"embeddable":true,"href":"https:\/\/e.kosmolat.eu\/lt\/wp-json\/wp\/v2\/media\/93298"}],"wp:attachment":[{"href":"https:\/\/e.kosmolat.eu\/lt\/wp-json\/wp\/v2\/media?parent=67434"}],"wp:term":[{"taxonomy":"product_cat","embeddable":true,"href":"https:\/\/e.kosmolat.eu\/lt\/wp-json\/wp\/v2\/product_cat?post=67434"},{"taxonomy":"product_tag","embeddable":true,"href":"https:\/\/e.kosmolat.eu\/lt\/wp-json\/wp\/v2\/product_tag?post=67434"}],"curies":[{"name":"wp","href":"https:\/\/api.w.org\/{rel}","templated":true}]}}