{"id":67426,"date":"2025-04-28T05:21:09","date_gmt":"2025-04-28T05:21:09","guid":{"rendered":"https:\/\/e.kosmolat.eu\/product\/ecl-organic-aloe-vera-sejas-pilinga-zeleja-intens-mitrin-100-ml\/"},"modified":"2026-04-16T10:30:23","modified_gmt":"2026-04-16T10:30:23","slug":"ecl-organic-aloe-vera-sejas-pilinga-zeleja-intens-mitrin-100-ml","status":"publish","type":"product","link":"https:\/\/e.kosmolat.eu\/lt\/produktas\/ecl-organic-aloe-vera-sejas-pilinga-zeleja-intens-mitrin-100-ml\/","title":{"rendered":"ECOLATIER Organic Aloe Vera \u0160vei\u010dimasisi gelis veidui, jautriai odai Intensyvus dr\u0117kinimas, 100 ml"},"content":{"rendered":"<p>Nat\u016brali\u0173 ingredient\u0173 pagrindu sukurtas veido gelis \u0161velniai valo ir \u0161velniai nu\u0161vei\u010dia, i\u0161lygina odos atspalv\u012f, tod\u0117l oda tampa lygesn\u0117 ir spindinti.<\/p>\n<p>Alavij\u0173 sultyse, gaunamose tiesiai i\u0161 augalo, gausu vitamin\u0173, amino r\u016bg\u0161\u010di\u0173, mineral\u0173, polisacharid\u0173 ir fitoncid\u0173, kurie skatina l\u0105steli\u0173 atsinaujinim\u0105 epidermio lygmenyje. Efektyviai dr\u0117kina ir mink\u0161tina od\u0105.<\/p>\n<p>Pieno r\u016bg\u0161tis nu\u0161vei\u010dia negyvas odos l\u0105steles, skatina atsinaujinim\u0105 ir padeda palaikyti optimal\u0173 dr\u0117gm\u0117s lyg\u012f, nepalikdama odos sausumo.<br \/>\nPantenolis gerina odos elastingum\u0105, dr\u0117kina ir daro j\u0105 lygi\u0105.<\/p>\n<p>Naudojimas: tepkite ant dr\u0117gnos odos, suputokite, nuplaukite \u0161iltu vandeniu. Tik i\u0161oriniam naudojimui.<\/p>\n","protected":false},"excerpt":{"rendered":"<p>Nat\u016brali\u0173 ingredient\u0173 pagrindu sukurtas veido gelis \u0161velniai valo ir \u0161velniai nu\u0161vei\u010dia, i\u0161lygina odos atspalv\u012f, tod\u0117l oda tampa lygesn\u0117 ir spindinti. Alavij\u0173 sultyse, gaunamose tiesiai i\u0161 augalo, gausu vitamin\u0173, amino r\u016bg\u0161\u010di\u0173, mineral\u0173, polisacharid\u0173 ir fitoncid\u0173, kurie skatina l\u0105steli\u0173 atsinaujinim\u0105 epidermio lygmenyje. Efektyviai dr\u0117kina ir mink\u0161tina od\u0105. Pieno r\u016bg\u0161tis nu\u0161vei\u010dia negyvas odos l\u0105steles, skatina atsinaujinim\u0105 ir padeda [&#8230;]\n","protected":false},"featured_media":93294,"template":"","meta":[],"product_cat":[1577],"product_tag":[],"class_list":{"0":"post-67426","1":"product","2":"type-product","3":"status-publish","4":"has-post-thumbnail","6":"product_brand-ecolab_cs-lt","7":"product_cat-gelis","9":"first","10":"instock","11":"taxable","12":"shipping-taxable","13":"product-type-simple"},"_links":{"self":[{"href":"https:\/\/e.kosmolat.eu\/lt\/wp-json\/wp\/v2\/product\/67426","targetHints":{"allow":["GET"]}}],"collection":[{"href":"https:\/\/e.kosmolat.eu\/lt\/wp-json\/wp\/v2\/product"}],"about":[{"href":"https:\/\/e.kosmolat.eu\/lt\/wp-json\/wp\/v2\/types\/product"}],"wp:featuredmedia":[{"embeddable":true,"href":"https:\/\/e.kosmolat.eu\/lt\/wp-json\/wp\/v2\/media\/93294"}],"wp:attachment":[{"href":"https:\/\/e.kosmolat.eu\/lt\/wp-json\/wp\/v2\/media?parent=67426"}],"wp:term":[{"taxonomy":"product_cat","embeddable":true,"href":"https:\/\/e.kosmolat.eu\/lt\/wp-json\/wp\/v2\/product_cat?post=67426"},{"taxonomy":"product_tag","embeddable":true,"href":"https:\/\/e.kosmolat.eu\/lt\/wp-json\/wp\/v2\/product_tag?post=67426"}],"curies":[{"name":"wp","href":"https:\/\/api.w.org\/{rel}","templated":true}]}}