{"id":67418,"date":"2025-04-28T05:20:53","date_gmt":"2025-04-28T05:20:53","guid":{"rendered":"https:\/\/e.kosmolat.eu\/product\/ecl-organic-argana-attir-sejas-pienins-atjaunosana-un-barosana-250-ml\/"},"modified":"2026-04-20T11:16:29","modified_gmt":"2026-04-20T11:16:29","slug":"ecl-organic-argana-attir-sejas-pienins-atjaunosana-un-barosana-250-ml","status":"publish","type":"product","link":"https:\/\/e.kosmolat.eu\/lt\/produktas\/ecl-organic-argana-attir-sejas-pienins-atjaunosana-un-barosana-250-ml\/","title":{"rendered":"ECOLATIER Organic Argana Pienelis veido valymui. Atkuriamasis ir maitinamasis, 250 ml"},"content":{"rendered":"<p>Nat\u016brali\u0173 ingredient\u0173 pagrindu sukurtas veido valomasis pienelis \u0161velniai valo od\u0105 ir pa\u0161alina makia\u017e\u0105. \u0160velni formul\u0117 palieka od\u0105 pamaitint\u0105 ir lygi\u0105.<br \/>\nArgan\u0173 aliejuje gausu vitamin\u0173 A ir E, taip pat antioksidant\u0173, omega-6 riebi\u0173j\u0173 r\u016bg\u0161\u010di\u0173 ir linolo r\u016bg\u0161ties.<br \/>\nKosmetikos naudojimas su argan\u0173 aliejumi pagerina odos b\u016bkl\u0119, padidina jos elastingum\u0105, ma\u017eina smulkias rauk\u0161leles ir padeda i\u0161laikyti dr\u0117gm\u0119 odoje.<br \/>\nAminor\u016bg\u0161tys skatina l\u0105steli\u0173 atsinaujinim\u0105, dr\u0117kina od\u0105 ir suteikia antioksidacin\u0119 apsaug\u0105.<br \/>\nNaudojimas: Tepkite ant dr\u0117gnos odos, suputokite ir nuplaukite \u0161iltu vandeniu.<\/p>\n","protected":false},"excerpt":{"rendered":"<p>Nat\u016brali\u0173 ingredient\u0173 pagrindu sukurtas veido valomasis pienelis \u0161velniai valo od\u0105 ir pa\u0161alina makia\u017e\u0105. \u0160velni formul\u0117 palieka od\u0105 pamaitint\u0105 ir lygi\u0105. Argan\u0173 aliejuje gausu vitamin\u0173 A ir E, taip pat antioksidant\u0173, omega-6 riebi\u0173j\u0173 r\u016bg\u0161\u010di\u0173 ir linolo r\u016bg\u0161ties. Kosmetikos naudojimas su argan\u0173 aliejumi pagerina odos b\u016bkl\u0119, padidina jos elastingum\u0105, ma\u017eina smulkias rauk\u0161leles ir padeda i\u0161laikyti dr\u0117gm\u0119 odoje. [&#8230;]\n","protected":false},"featured_media":93290,"template":"","meta":[],"product_cat":[1574],"product_tag":[],"class_list":{"0":"post-67418","1":"product","2":"type-product","3":"status-publish","4":"has-post-thumbnail","6":"product_brand-ecolab_cs-lt","7":"product_cat-pieneliai-ir-aliejai","9":"first","10":"outofstock","11":"taxable","12":"shipping-taxable","13":"product-type-simple"},"_links":{"self":[{"href":"https:\/\/e.kosmolat.eu\/lt\/wp-json\/wp\/v2\/product\/67418","targetHints":{"allow":["GET"]}}],"collection":[{"href":"https:\/\/e.kosmolat.eu\/lt\/wp-json\/wp\/v2\/product"}],"about":[{"href":"https:\/\/e.kosmolat.eu\/lt\/wp-json\/wp\/v2\/types\/product"}],"wp:featuredmedia":[{"embeddable":true,"href":"https:\/\/e.kosmolat.eu\/lt\/wp-json\/wp\/v2\/media\/93290"}],"wp:attachment":[{"href":"https:\/\/e.kosmolat.eu\/lt\/wp-json\/wp\/v2\/media?parent=67418"}],"wp:term":[{"taxonomy":"product_cat","embeddable":true,"href":"https:\/\/e.kosmolat.eu\/lt\/wp-json\/wp\/v2\/product_cat?post=67418"},{"taxonomy":"product_tag","embeddable":true,"href":"https:\/\/e.kosmolat.eu\/lt\/wp-json\/wp\/v2\/product_tag?post=67418"}],"curies":[{"name":"wp","href":"https:\/\/api.w.org\/{rel}","templated":true}]}}