{"id":67410,"date":"2025-04-28T05:20:37","date_gmt":"2025-04-28T05:20:37","guid":{"rendered":"https:\/\/e.kosmolat.eu\/product\/eclp-attirosa-sejas-zeleja-visiem-adas-tip-150-ml\/"},"modified":"2026-04-08T06:32:39","modified_gmt":"2026-04-08T06:32:39","slug":"eclp-attirosa-sejas-zeleja-visiem-adas-tip-150-ml","status":"publish","type":"product","link":"https:\/\/e.kosmolat.eu\/lt\/produktas\/eclp-attirosa-sejas-zeleja-visiem-adas-tip-150-ml\/","title":{"rendered":"ECOLATIER POWER Prausimosi gelis veidui. Visiems odos tipams, 150 ml"},"content":{"rendered":"<p>ECOLATIER\u00ae POWER veido prausimo gelis u\u017etikrina kruop\u0161t\u0173 ir \u0161veln\u0173 odos valym\u0105. Dr\u0117kina, mink\u0161tina ir tonizuoja od\u0105, suteikdama jai \u0161velnumo ir komforto jausm\u0105. Idealiai tinka kasdieniam naudojimui.<\/p>\n<p> Veikliosios med\u017eiagos: bazilik\u0173 ekstraktas turi prie\u0161u\u017edegimin\u012f, mink\u0161tinant\u012f ir tonizuojant\u012f poveik\u012f. Alyvuogi\u0173 aliejaus ir provitamino B5 derinys turi aktyv\u0173 raminam\u0105j\u012f ir dr\u0117kinamasis poveikis. Nat\u016bralus prebiotikas (inulinas) sustiprina nat\u016bralias odos apsaugines funkcijas ir atkuria nat\u016bral\u0173 pH lyg\u012f.<\/p>\n<p>Naudojimas: tepkite ant dr\u0117gnos odos, suputokite, nuplaukite \u0161iltu vandeniu. Tik i\u0161oriniam naudojimui.<\/p>\n","protected":false},"excerpt":{"rendered":"<p>ECOLATIER\u00ae POWER veido prausimo gelis u\u017etikrina kruop\u0161t\u0173 ir \u0161veln\u0173 odos valym\u0105. Dr\u0117kina, mink\u0161tina ir tonizuoja od\u0105, suteikdama jai \u0161velnumo ir komforto jausm\u0105. Idealiai tinka kasdieniam naudojimui. Veikliosios med\u017eiagos: bazilik\u0173 ekstraktas turi prie\u0161u\u017edegimin\u012f, mink\u0161tinant\u012f ir tonizuojant\u012f poveik\u012f. Alyvuogi\u0173 aliejaus ir provitamino B5 derinys turi aktyv\u0173 raminam\u0105j\u012f ir dr\u0117kinamasis poveikis. Nat\u016bralus prebiotikas (inulinas) sustiprina nat\u016bralias odos apsaugines [&#8230;]\n","protected":false},"featured_media":93286,"template":"","meta":[],"product_cat":[1577],"product_tag":[],"class_list":{"0":"post-67410","1":"product","2":"type-product","3":"status-publish","4":"has-post-thumbnail","6":"product_brand-ecolab_cs-lt","7":"product_cat-gelis","9":"first","10":"instock","11":"taxable","12":"shipping-taxable","13":"product-type-simple"},"_links":{"self":[{"href":"https:\/\/e.kosmolat.eu\/lt\/wp-json\/wp\/v2\/product\/67410","targetHints":{"allow":["GET"]}}],"collection":[{"href":"https:\/\/e.kosmolat.eu\/lt\/wp-json\/wp\/v2\/product"}],"about":[{"href":"https:\/\/e.kosmolat.eu\/lt\/wp-json\/wp\/v2\/types\/product"}],"wp:featuredmedia":[{"embeddable":true,"href":"https:\/\/e.kosmolat.eu\/lt\/wp-json\/wp\/v2\/media\/93286"}],"wp:attachment":[{"href":"https:\/\/e.kosmolat.eu\/lt\/wp-json\/wp\/v2\/media?parent=67410"}],"wp:term":[{"taxonomy":"product_cat","embeddable":true,"href":"https:\/\/e.kosmolat.eu\/lt\/wp-json\/wp\/v2\/product_cat?post=67410"},{"taxonomy":"product_tag","embeddable":true,"href":"https:\/\/e.kosmolat.eu\/lt\/wp-json\/wp\/v2\/product_tag?post=67410"}],"curies":[{"name":"wp","href":"https:\/\/api.w.org\/{rel}","templated":true}]}}