{"id":67402,"date":"2025-04-28T05:19:32","date_gmt":"2025-04-28T05:19:32","guid":{"rendered":"https:\/\/e.kosmolat.eu\/product\/eclp-putojoss-skus-krems-gludai-adai-150-ml\/"},"modified":"2026-01-14T13:19:13","modified_gmt":"2026-01-14T13:19:13","slug":"eclp-putojoss-skus-krems-gludai-adai-150-ml","status":"publish","type":"product","link":"https:\/\/e.kosmolat.eu\/lt\/produktas\/eclp-putojoss-skus-krems-gludai-adai-150-ml\/","title":{"rendered":"ECOLATIER POWER Skutimosi kremas-putos Lygi oda, 150 ml"},"content":{"rendered":"<p>ECOLATIER\u00ae POWER skutimosi kremas putos yra specialiai sukurtos skland\u017eiam ir patogiam skutimuisi. Sud\u0117tyje esantys komponentai efektyviai dr\u0117kina, maitina ir apsaugo nuo dirginimo, tod\u0117l oda tampa \u0161velni, elastinga ir lygi. D\u0117l kremin\u0117s tekst\u016bros putos lengvai tepamos, apsaugo od\u0105 ir u\u017etikrina nepriekai\u0161ting\u0105 skustuvo slydim\u0105.<\/p>\n<p>Aktyv\u016bs ingredientai:<br \/>\nAvokad\u0173 aliejus pasi\u017eymi mink\u0161tinamuoju ir maitinamuoju poveikiu, gerina odos barjerines funkcijas. Hamamelio ekstraktas pasi\u017eymi atkuriamuoju ir raminamuoju poveikiu, tod\u0117l oda tampa elastingesn\u0117.<br \/>\nVitaminas F maitina ir saugo od\u0105 nuo neigiam\u0173 i\u0161or\u0117s veiksni\u0173 poveikio, palaiko jos stangrum\u0105 ir elastingum\u0105.<\/p>\n<p>Naudojimas: tepkite krem\u0105- putas ant dr\u0117gnos odos, nuskuskite, tada nuplaukite \u0161iltu vandeniu. Tik i\u0161oriniam naudojimui.<\/p>\n","protected":false},"excerpt":{"rendered":"<p>ECOLATIER\u00ae POWER skutimosi kremas putos yra specialiai sukurtos skland\u017eiam ir patogiam skutimuisi. Sud\u0117tyje esantys komponentai efektyviai dr\u0117kina, maitina ir apsaugo nuo dirginimo, tod\u0117l oda tampa \u0161velni, elastinga ir lygi. D\u0117l kremin\u0117s tekst\u016bros putos lengvai tepamos, apsaugo od\u0105 ir u\u017etikrina nepriekai\u0161ting\u0105 skustuvo slydim\u0105. Aktyv\u016bs ingredientai: Avokad\u0173 aliejus pasi\u017eymi mink\u0161tinamuoju ir maitinamuoju poveikiu, gerina odos barjerines funkcijas. [&#8230;]\n","protected":false},"featured_media":93282,"template":"","meta":[],"product_cat":[1682],"product_tag":[],"class_list":{"0":"post-67402","1":"product","2":"type-product","3":"status-publish","4":"has-post-thumbnail","6":"product_brand-ecolab_cs-lt","7":"product_cat-kosmetika-skutimuisi","9":"first","10":"instock","11":"taxable","12":"shipping-taxable","13":"product-type-simple"},"_links":{"self":[{"href":"https:\/\/e.kosmolat.eu\/lt\/wp-json\/wp\/v2\/product\/67402","targetHints":{"allow":["GET"]}}],"collection":[{"href":"https:\/\/e.kosmolat.eu\/lt\/wp-json\/wp\/v2\/product"}],"about":[{"href":"https:\/\/e.kosmolat.eu\/lt\/wp-json\/wp\/v2\/types\/product"}],"wp:featuredmedia":[{"embeddable":true,"href":"https:\/\/e.kosmolat.eu\/lt\/wp-json\/wp\/v2\/media\/93282"}],"wp:attachment":[{"href":"https:\/\/e.kosmolat.eu\/lt\/wp-json\/wp\/v2\/media?parent=67402"}],"wp:term":[{"taxonomy":"product_cat","embeddable":true,"href":"https:\/\/e.kosmolat.eu\/lt\/wp-json\/wp\/v2\/product_cat?post=67402"},{"taxonomy":"product_tag","embeddable":true,"href":"https:\/\/e.kosmolat.eu\/lt\/wp-json\/wp\/v2\/product_tag?post=67402"}],"curies":[{"name":"wp","href":"https:\/\/api.w.org\/{rel}","templated":true}]}}