{"id":67394,"date":"2025-04-28T05:19:11","date_gmt":"2025-04-28T05:19:11","guid":{"rendered":"https:\/\/e.kosmolat.eu\/product\/eclp-skusanas-balz-perfect-glide-150-ml\/"},"modified":"2026-04-13T14:57:43","modified_gmt":"2026-04-13T14:57:43","slug":"eclp-skusanas-balz-perfect-glide-150-ml","status":"publish","type":"product","link":"https:\/\/e.kosmolat.eu\/lt\/produktas\/eclp-skusanas-balz-perfect-glide-150-ml\/","title":{"rendered":"ECOLATIER POWER Skutimosi balzamas Perfect Glide, 150 \u043c\u0117"},"content":{"rendered":"<p>Perfect Glide ECOLATIER\u00ae POWER skutimosi balzamas u\u017etikrina lengv\u0105 skustuvo slydim\u0105 per od\u0105, tod\u0117l skutimosi procesas tampa sklandus ir patogus. \u0160velniai pri\u017ei\u016bri od\u0105, apsaugo nuo sudirginimo ir paraudimo. Sud\u0117tyje yra taukmed\u017ei\u0173 sviesto ir argan\u0173 aliejaus. Balzamo formul\u0117 atkuria, ramina, mink\u0161tina ir dr\u0117kina od\u0105, tod\u0117l ji tampa lygi ir \u0161velni.<\/p>\n<p>Veikliosios med\u017eiagos: Taukmed\u017ei\u0173 sviestas atkuria ir mink\u0161tina od\u0105, gerina apsaugines funkcijas. Argan\u0173 aliejus pasi\u017eymi dr\u0117kinamuoju, apsauginiu ir raminamuoju poveikiu.<\/p>\n<p>Naudojimas: tepkite balzam\u0105 ant dr\u0117gnos odos. Nuskuskite, tada nuplaukite \u0161iltu vandeniu. Tik i\u0161oriniam naudojimui.<\/p>\n","protected":false},"excerpt":{"rendered":"<p>Perfect Glide ECOLATIER\u00ae POWER skutimosi balzamas u\u017etikrina lengv\u0105 skustuvo slydim\u0105 per od\u0105, tod\u0117l skutimosi procesas tampa sklandus ir patogus. \u0160velniai pri\u017ei\u016bri od\u0105, apsaugo nuo sudirginimo ir paraudimo. Sud\u0117tyje yra taukmed\u017ei\u0173 sviesto ir argan\u0173 aliejaus. Balzamo formul\u0117 atkuria, ramina, mink\u0161tina ir dr\u0117kina od\u0105, tod\u0117l ji tampa lygi ir \u0161velni. Veikliosios med\u017eiagos: Taukmed\u017ei\u0173 sviestas atkuria ir mink\u0161tina [&#8230;]\n","protected":false},"featured_media":93278,"template":"","meta":[],"product_cat":[1682],"product_tag":[],"class_list":{"0":"post-67394","1":"product","2":"type-product","3":"status-publish","4":"has-post-thumbnail","6":"product_brand-ecolab_cs-lt","7":"product_cat-kosmetika-skutimuisi","9":"first","10":"instock","11":"taxable","12":"shipping-taxable","13":"product-type-simple"},"_links":{"self":[{"href":"https:\/\/e.kosmolat.eu\/lt\/wp-json\/wp\/v2\/product\/67394","targetHints":{"allow":["GET"]}}],"collection":[{"href":"https:\/\/e.kosmolat.eu\/lt\/wp-json\/wp\/v2\/product"}],"about":[{"href":"https:\/\/e.kosmolat.eu\/lt\/wp-json\/wp\/v2\/types\/product"}],"wp:featuredmedia":[{"embeddable":true,"href":"https:\/\/e.kosmolat.eu\/lt\/wp-json\/wp\/v2\/media\/93278"}],"wp:attachment":[{"href":"https:\/\/e.kosmolat.eu\/lt\/wp-json\/wp\/v2\/media?parent=67394"}],"wp:term":[{"taxonomy":"product_cat","embeddable":true,"href":"https:\/\/e.kosmolat.eu\/lt\/wp-json\/wp\/v2\/product_cat?post=67394"},{"taxonomy":"product_tag","embeddable":true,"href":"https:\/\/e.kosmolat.eu\/lt\/wp-json\/wp\/v2\/product_tag?post=67394"}],"curies":[{"name":"wp","href":"https:\/\/api.w.org\/{rel}","templated":true}]}}