{"id":67386,"date":"2025-04-28T05:18:54","date_gmt":"2025-04-28T05:18:54","guid":{"rendered":"https:\/\/e.kosmolat.eu\/product\/eclp-mitrinoss-balz-pec-skus-100-ml\/"},"modified":"2026-04-14T15:58:07","modified_gmt":"2026-04-14T15:58:07","slug":"eclp-mitrinoss-balz-pec-skus-100-ml","status":"publish","type":"product","link":"https:\/\/e.kosmolat.eu\/lt\/produktas\/eclp-mitrinoss-balz-pec-skus-100-ml\/","title":{"rendered":"ECOLATIER POWER Balzamas po skutimosi Dr\u0117kinantis, 100 ml"},"content":{"rendered":"<p>ECOLATIER\u00ae POWER dr\u0117kinamasis balzamas po skutimosi akimirksniu nuramina ir atkuria od\u0105, pa\u0161alindamas sausumo ir tempimo jausm\u0105. Intensyviai dr\u0117kina ir mink\u0161tina. Lengvos tekst\u016bros balzamas greitai susigeria, palikdamas malon\u0173 aromat\u0105 ir gaivumo bei komforto poj\u016bt\u012f.<\/p>\n<p>Aktyv\u016bs ingredientai:<br \/>\nKiparis\u0173 aliejus turi raminam\u0105j\u012f ir atkuriam\u0105j\u012f poveik\u012f.<br \/>\nVitaminas E dr\u0117kina, mink\u0161tina ir maitina od\u0105.<br \/>\nBergamo\u010di\u0173 ekstraktas tonizuoja ir gaivina.<\/p>\n<p>Naudojimas: tepkite balzam\u0105 ant \u0161varios, sausos odos po skutimosi ir masa\u017euokite, kol visi\u0161kai \u012fsigers. Tik i\u0161oriniam naudojimui.<\/p>\n","protected":false},"excerpt":{"rendered":"<p>ECOLATIER\u00ae POWER dr\u0117kinamasis balzamas po skutimosi akimirksniu nuramina ir atkuria od\u0105, pa\u0161alindamas sausumo ir tempimo jausm\u0105. Intensyviai dr\u0117kina ir mink\u0161tina. Lengvos tekst\u016bros balzamas greitai susigeria, palikdamas malon\u0173 aromat\u0105 ir gaivumo bei komforto poj\u016bt\u012f. Aktyv\u016bs ingredientai: Kiparis\u0173 aliejus turi raminam\u0105j\u012f ir atkuriam\u0105j\u012f poveik\u012f. Vitaminas E dr\u0117kina, mink\u0161tina ir maitina od\u0105. Bergamo\u010di\u0173 ekstraktas tonizuoja ir gaivina. Naudojimas: [&#8230;]\n","protected":false},"featured_media":93274,"template":"","meta":[],"product_cat":[1682],"product_tag":[],"class_list":{"0":"post-67386","1":"product","2":"type-product","3":"status-publish","4":"has-post-thumbnail","6":"product_brand-ecolab_cs-lt","7":"product_cat-kosmetika-skutimuisi","9":"first","10":"instock","11":"taxable","12":"shipping-taxable","13":"product-type-simple"},"_links":{"self":[{"href":"https:\/\/e.kosmolat.eu\/lt\/wp-json\/wp\/v2\/product\/67386","targetHints":{"allow":["GET"]}}],"collection":[{"href":"https:\/\/e.kosmolat.eu\/lt\/wp-json\/wp\/v2\/product"}],"about":[{"href":"https:\/\/e.kosmolat.eu\/lt\/wp-json\/wp\/v2\/types\/product"}],"wp:featuredmedia":[{"embeddable":true,"href":"https:\/\/e.kosmolat.eu\/lt\/wp-json\/wp\/v2\/media\/93274"}],"wp:attachment":[{"href":"https:\/\/e.kosmolat.eu\/lt\/wp-json\/wp\/v2\/media?parent=67386"}],"wp:term":[{"taxonomy":"product_cat","embeddable":true,"href":"https:\/\/e.kosmolat.eu\/lt\/wp-json\/wp\/v2\/product_cat?post=67386"},{"taxonomy":"product_tag","embeddable":true,"href":"https:\/\/e.kosmolat.eu\/lt\/wp-json\/wp\/v2\/product_tag?post=67386"}],"curies":[{"name":"wp","href":"https:\/\/api.w.org\/{rel}","templated":true}]}}