{"id":67353,"date":"2025-04-25T11:10:57","date_gmt":"2025-04-25T11:10:57","guid":{"rendered":"https:\/\/e.kosmolat.eu\/product\/jigott-green-tea-auduma-sejas-maska-ar-zal-tej-ekstraktu-27-ml\/"},"modified":"2025-07-10T06:13:43","modified_gmt":"2025-07-10T06:13:43","slug":"jigott-green-tea-auduma-sejas-maska-ar-zal-tej-ekstraktu-27-ml","status":"publish","type":"product","link":"https:\/\/e.kosmolat.eu\/lt\/produktas\/jigott-green-tea-auduma-sejas-maska-ar-zal-tej-ekstraktu-27-ml\/","title":{"rendered":"JIGOTT Green Tea Lak\u0161tin\u0117 veido kauk\u0117 su \u017ealiosios arbatos ekstraktu, 27 ml"},"content":{"rendered":"<p>\u017daliosios arbatos kauk\u0117 efektyviai dr\u0117kina ir maitina od\u0105. Sud\u0117tyje yra \u017ealiosios arbatos ekstrakto (27 mg) ir oolong arbatos ekstrakto, kurie suteikia odai gaivumo ir dr\u0117kinimo poj\u016bt\u012f. Praturtinta Eucommia \u017eiev\u0117s ekstraktu, alavij\u0173 lap\u0173 ekstraktu, sraigi\u0173 sekreto filtratu ir kamelij\u0173 s\u0117kl\u0173 ekstraktu, kauk\u0117 \u0161velniai i\u0161lygina od\u0105 ir kuria skais\u010di\u0105, sveik\u0105 i\u0161vaizd\u0105.<\/p>\n<p>Naudojimas: naudokite ant \u0161varios ir sausos veido odos. Atidarykite pakuot\u0119 ir atsargiai u\u017ed\u0117kite kauk\u0119 ant veido. Palikite kauk\u0119 10-20 minu\u010di\u0173, tada atsargiai nuimkite. Likusi\u0105 kauk\u0119 lengvais judesiais \u012fmasa\u017euokite \u012f od\u0105. Kauk\u0117 skirta vienkartiniam naudojimui.<\/p>\n<p>Atsargumo priemon\u0117s: Jei atsiranda b\u0117rimas, patinimas, nie\u017eulys ar dirginimas, nustokite naudoti kauk\u0119 ir kreipkit\u0117s \u012f dermatolog\u0105. Patekus \u012f akis, kruop\u0161\u010diai nuplaukite vandeniu.<\/p>\n<p>Laikyti vaikams nepasiekiamoje vietoje, apsaugotoje nuo tiesiogini\u0173 saul\u0117s spinduli\u0173 ir \u0161ilumos \u0161altini\u0173, nuo +5 \u00b0C iki +25 \u00b0C temperat\u016broje.<\/p>\n","protected":false},"excerpt":{"rendered":"<p>\u017daliosios arbatos kauk\u0117 efektyviai dr\u0117kina ir maitina od\u0105. Sud\u0117tyje yra \u017ealiosios arbatos ekstrakto (27 mg) ir oolong arbatos ekstrakto, kurie suteikia odai gaivumo ir dr\u0117kinimo poj\u016bt\u012f. Praturtinta Eucommia \u017eiev\u0117s ekstraktu, alavij\u0173 lap\u0173 ekstraktu, sraigi\u0173 sekreto filtratu ir kamelij\u0173 s\u0117kl\u0173 ekstraktu, kauk\u0117 \u0161velniai i\u0161lygina od\u0105 ir kuria skais\u010di\u0105, sveik\u0105 i\u0161vaizd\u0105. Naudojimas: naudokite ant \u0161varios ir sausos [&#8230;]\n","protected":false},"featured_media":67355,"template":"","meta":[],"product_cat":[1369],"product_tag":[],"class_list":{"0":"post-67353","1":"product","2":"type-product","3":"status-publish","4":"has-post-thumbnail","6":"product_brand-replay_kr-lt","7":"product_cat-veido-kaukes","9":"first","10":"outofstock","11":"taxable","12":"shipping-taxable","13":"product-type-simple"},"_links":{"self":[{"href":"https:\/\/e.kosmolat.eu\/lt\/wp-json\/wp\/v2\/product\/67353","targetHints":{"allow":["GET"]}}],"collection":[{"href":"https:\/\/e.kosmolat.eu\/lt\/wp-json\/wp\/v2\/product"}],"about":[{"href":"https:\/\/e.kosmolat.eu\/lt\/wp-json\/wp\/v2\/types\/product"}],"wp:featuredmedia":[{"embeddable":true,"href":"https:\/\/e.kosmolat.eu\/lt\/wp-json\/wp\/v2\/media\/67355"}],"wp:attachment":[{"href":"https:\/\/e.kosmolat.eu\/lt\/wp-json\/wp\/v2\/media?parent=67353"}],"wp:term":[{"taxonomy":"product_cat","embeddable":true,"href":"https:\/\/e.kosmolat.eu\/lt\/wp-json\/wp\/v2\/product_cat?post=67353"},{"taxonomy":"product_tag","embeddable":true,"href":"https:\/\/e.kosmolat.eu\/lt\/wp-json\/wp\/v2\/product_tag?post=67353"}],"curies":[{"name":"wp","href":"https:\/\/api.w.org\/{rel}","templated":true}]}}