{"id":67333,"date":"2025-04-25T06:16:43","date_gmt":"2025-04-25T06:16:43","guid":{"rendered":"https:\/\/e.kosmolat.eu\/product\/viorica-vannas-perles-adas-mikstin-ar-urinvielu-525-g\/"},"modified":"2026-03-30T17:31:42","modified_gmt":"2026-03-30T17:31:42","slug":"viorica-vannas-perles-adas-mikstin-ar-urinvielu-525-g","status":"publish","type":"product","link":"https:\/\/e.kosmolat.eu\/lt\/produktas\/viorica-vannas-perles-adas-mikstin-ar-urinvielu-525-g\/","title":{"rendered":"VIORICA Vonios perlai su karbamidu (UREA), skirti odai mink\u0161tinti, 525 g"},"content":{"rendered":"<p>\u0160i koncentruota priemon\u0117 skirta visapusi\u0161kai rank\u0173, p\u0117d\u0173 ir k\u016bno odos prie\u017ei\u016brai. Galima naudoti ruo\u0161iant od\u0105 ir nagus maniki\u016brui ir\/ar pediki\u016brui, taip pat maudytis vonioje. Karbamidas, i\u0161tirpintas \u0161iltame vandenyje, aktyviai kovoja su sausumu ir pleiskanojimu, skatina gil\u0173 odos dr\u0117kinim\u0105. Vitaminas E ir avokad\u0173 aliejus gerina odos elastingum\u0105 ir \u0161velnum\u0105, o ramun\u0117li\u0173 ekstraktas prisideda prie raminamojo poveikio, ma\u017eina dirginim\u0105.<\/p>\n<p>Naudojimas: rank\u0173 ir koj\u0173 vonel\u0117ms pus\u0119 dangtelio (20-25 g) produkto i\u0161tirpinkite 3-4 litrais \u0161ilto vandens ir pamerkite 10-15 minu\u010di\u0173. Po proced\u016bros rankas ir kojas nuplaukite vandeniu, tada gerai i\u0161d\u017eiovinkite. Nor\u0117dami m\u0117gautis vonia, \u0161iltame vandenyje i\u0161tirpinkite vis\u0105 dangtel\u012f (50-70 g) produkto, skirto vidutinio dyd\u017eio voniai.<\/p>\n<p>Laikyti nuo +5\u00b0C iki +25\u00b0C temperat\u016broje, saugoti nuo tiesiogini\u0173 saul\u0117s spinduli\u0173. <\/p>\n<p>Geriausias: 36 m\u0117n.nuo pagaminimo datos<\/p>\n","protected":false},"excerpt":{"rendered":"<p>\u0160i koncentruota priemon\u0117 skirta visapusi\u0161kai rank\u0173, p\u0117d\u0173 ir k\u016bno odos prie\u017ei\u016brai. Galima naudoti ruo\u0161iant od\u0105 ir nagus maniki\u016brui ir\/ar pediki\u016brui, taip pat maudytis vonioje. Karbamidas, i\u0161tirpintas \u0161iltame vandenyje, aktyviai kovoja su sausumu ir pleiskanojimu, skatina gil\u0173 odos dr\u0117kinim\u0105. Vitaminas E ir avokad\u0173 aliejus gerina odos elastingum\u0105 ir \u0161velnum\u0105, o ramun\u0117li\u0173 ekstraktas prisideda prie raminamojo poveikio, [&#8230;]\n","protected":false},"featured_media":94070,"template":"","meta":[],"product_cat":[1612],"product_tag":[],"class_list":{"0":"post-67333","1":"product","2":"type-product","3":"status-publish","4":"has-post-thumbnail","6":"product_brand-viorica-cosmeplant_bg-lt","7":"product_cat-putos-druska-vonios-bombos","9":"first","10":"outofstock","11":"taxable","12":"shipping-taxable","13":"product-type-simple"},"_links":{"self":[{"href":"https:\/\/e.kosmolat.eu\/lt\/wp-json\/wp\/v2\/product\/67333","targetHints":{"allow":["GET"]}}],"collection":[{"href":"https:\/\/e.kosmolat.eu\/lt\/wp-json\/wp\/v2\/product"}],"about":[{"href":"https:\/\/e.kosmolat.eu\/lt\/wp-json\/wp\/v2\/types\/product"}],"wp:featuredmedia":[{"embeddable":true,"href":"https:\/\/e.kosmolat.eu\/lt\/wp-json\/wp\/v2\/media\/94070"}],"wp:attachment":[{"href":"https:\/\/e.kosmolat.eu\/lt\/wp-json\/wp\/v2\/media?parent=67333"}],"wp:term":[{"taxonomy":"product_cat","embeddable":true,"href":"https:\/\/e.kosmolat.eu\/lt\/wp-json\/wp\/v2\/product_cat?post=67333"},{"taxonomy":"product_tag","embeddable":true,"href":"https:\/\/e.kosmolat.eu\/lt\/wp-json\/wp\/v2\/product_tag?post=67333"}],"curies":[{"name":"wp","href":"https:\/\/api.w.org\/{rel}","templated":true}]}}