{"id":67325,"date":"2025-04-25T06:16:28","date_gmt":"2025-04-25T06:16:28","guid":{"rendered":"https:\/\/e.kosmolat.eu\/product\/viorica-eksfoliejosa-dusas-zel-krems-250-ml\/"},"modified":"2026-04-16T10:00:07","modified_gmt":"2026-04-16T10:00:07","slug":"viorica-eksfoliejosa-dusas-zel-krems-250-ml","status":"publish","type":"product","link":"https:\/\/e.kosmolat.eu\/lt\/produktas\/viorica-eksfoliejosa-dusas-zel-krems-250-ml\/","title":{"rendered":"VIORICA \u0160vei\u010diamoji du\u0161o \u017eel\u0117-kremas, 250 ml"},"content":{"rendered":"<p>Sukurta \u0161velniai odos prie\u017ei\u016brai. Tirpstanti kremin\u0117 tekst\u016bra virsta lengvomis putomis ir apgaubia subtiliu prinokusi\u0173 abrikos\u0173 aromatu. Abrikos\u0173 kauliuk\u0173 milteliai \u0161velniai valo ir nu\u0161vei\u010dia, o abrikos\u0173 aliejus dr\u0117kina, tod\u0117l oda tampa \u0161velni ir lygi.<\/p>\n<p>Naudojimas: tepkite ant dr\u0117gnos odos ir \u0161velniai masa\u017euokite, nuplaukite vandeniu. Naudokite 1-3 kartus per savait\u0119.<\/p>\n<p>Laikyti nuo +5\u00b0C iki +25\u00b0C temperat\u016broje, saugoti nuo tiesiogini\u0173 saul\u0117s spinduli\u0173. <\/p>\n<p>Geriausias: 36 m\u0117n.nuo pagaminimo datos.<\/p>\n","protected":false},"excerpt":{"rendered":"<p>Sukurta \u0161velniai odos prie\u017ei\u016brai. Tirpstanti kremin\u0117 tekst\u016bra virsta lengvomis putomis ir apgaubia subtiliu prinokusi\u0173 abrikos\u0173 aromatu. Abrikos\u0173 kauliuk\u0173 milteliai \u0161velniai valo ir nu\u0161vei\u010dia, o abrikos\u0173 aliejus dr\u0117kina, tod\u0117l oda tampa \u0161velni ir lygi. Naudojimas: tepkite ant dr\u0117gnos odos ir \u0161velniai masa\u017euokite, nuplaukite vandeniu. Naudokite 1-3 kartus per savait\u0119. Laikyti nuo +5\u00b0C iki +25\u00b0C temperat\u016broje, saugoti [&#8230;]\n","protected":false},"featured_media":94066,"template":"","meta":[],"product_cat":[2181],"product_tag":[],"class_list":{"0":"post-67325","1":"product","2":"type-product","3":"status-publish","4":"has-post-thumbnail","6":"product_brand-viorica-cosmeplant_bg-lt","7":"product_cat-bez-kategorijas-lt","9":"first","10":"instock","11":"taxable","12":"shipping-taxable","13":"product-type-simple"},"_links":{"self":[{"href":"https:\/\/e.kosmolat.eu\/lt\/wp-json\/wp\/v2\/product\/67325","targetHints":{"allow":["GET"]}}],"collection":[{"href":"https:\/\/e.kosmolat.eu\/lt\/wp-json\/wp\/v2\/product"}],"about":[{"href":"https:\/\/e.kosmolat.eu\/lt\/wp-json\/wp\/v2\/types\/product"}],"wp:featuredmedia":[{"embeddable":true,"href":"https:\/\/e.kosmolat.eu\/lt\/wp-json\/wp\/v2\/media\/94066"}],"wp:attachment":[{"href":"https:\/\/e.kosmolat.eu\/lt\/wp-json\/wp\/v2\/media?parent=67325"}],"wp:term":[{"taxonomy":"product_cat","embeddable":true,"href":"https:\/\/e.kosmolat.eu\/lt\/wp-json\/wp\/v2\/product_cat?post=67325"},{"taxonomy":"product_tag","embeddable":true,"href":"https:\/\/e.kosmolat.eu\/lt\/wp-json\/wp\/v2\/product_tag?post=67325"}],"curies":[{"name":"wp","href":"https:\/\/api.w.org\/{rel}","templated":true}]}}