{"id":67317,"date":"2025-04-24T13:52:42","date_gmt":"2025-04-24T13:52:42","guid":{"rendered":"https:\/\/e.kosmolat.eu\/product\/gc-kopjoss-samp-saus-matiem-dzila-atjaunos-un-ultra-mitrinas-500-ml\/"},"modified":"2026-04-17T06:13:14","modified_gmt":"2026-04-17T06:13:14","slug":"i_gc-kopjoss-samp-saus-matiem-dzila-atjaunos-un-ultra-mitrinas-500-ml","status":"publish","type":"product","link":"https:\/\/e.kosmolat.eu\/lt\/produktas\/i_gc-kopjoss-samp-saus-matiem-dzila-atjaunos-un-ultra-mitrinas-500-ml\/","title":{"rendered":"GREEN COLLECTION \u0160amp\u016bnas-prie\u017ei\u016bra sausiems plaukams Giliai atkuriantis ir itin dr\u0117kinantis, 500 ml"},"content":{"rendered":"<p>\u0160amp\u016bnas sausiems plaukams su 23 aktyvi\u0173 ingredient\u0173 deriniu, specialiai sukurtas kruop\u0161\u010diam problemini\u0173 plauk\u0173 valymui ir prie\u017ei\u016brai. Formul\u0117je yra 15 vaistini\u0173 \u017eoleli\u0173, 5 maitinamieji aliejai, \u012fskaitant mang\u0173, simondsij\u0173, migdol\u0173, alyvuogi\u0173, makadamij\u0173, taip pat praturtinta aktyviu kukur\u016bz\u0173 baltymu, argininu ir keratinu.<\/p>\n<p>Naudojimas: paskirstykite ant dr\u0117gn\u0173 plauk\u0173, suputokite ir nuplaukite vandeniu.<\/p>\n<p>Atsargumo priemon\u0117s: Tik i\u0161oriniam naudojimui. Patekus \u012f akis, gerai nuplauti vandeniu ir, jei reikia, kreiptis \u012f gydytoj\u0105.<\/p>\n<p>\u012esp\u0117jimas: galimas individualus padid\u0117j\u0119s jautrumas komponentams.<\/p>\n<p>Laikyti nuo +5 iki +25\u00b0C temperat\u016broje, atokiau nuo tiesiogini\u0173 saul\u0117s spinduli\u0173. Laikyti bent 0,5 m atstumu nuo \u0161ildymo prietais\u0173.<\/p>\n<p>Geriausias: 30 m\u0117nesi\u0173 nuo pagaminimo datos.<\/p>\n","protected":false},"excerpt":{"rendered":"<p>\u0160amp\u016bnas sausiems plaukams su 23 aktyvi\u0173 ingredient\u0173 deriniu, specialiai sukurtas kruop\u0161\u010diam problemini\u0173 plauk\u0173 valymui ir prie\u017ei\u016brai. Formul\u0117je yra 15 vaistini\u0173 \u017eoleli\u0173, 5 maitinamieji aliejai, \u012fskaitant mang\u0173, simondsij\u0173, migdol\u0173, alyvuogi\u0173, makadamij\u0173, taip pat praturtinta aktyviu kukur\u016bz\u0173 baltymu, argininu ir keratinu. Naudojimas: paskirstykite ant dr\u0117gn\u0173 plauk\u0173, suputokite ir nuplaukite vandeniu. Atsargumo priemon\u0117s: Tik i\u0161oriniam naudojimui. Patekus \u012f [&#8230;]\n","protected":false},"featured_media":96830,"template":"","meta":[],"product_cat":[2181],"product_tag":[],"class_list":{"0":"post-67317","1":"product","2":"type-product","3":"status-publish","4":"has-post-thumbnail","6":"product_brand-aljans-krasoti_ua-lt","7":"product_cat-bez-kategorijas-lt","9":"first","10":"instock","11":"taxable","12":"shipping-taxable","13":"product-type-simple"},"_links":{"self":[{"href":"https:\/\/e.kosmolat.eu\/lt\/wp-json\/wp\/v2\/product\/67317","targetHints":{"allow":["GET"]}}],"collection":[{"href":"https:\/\/e.kosmolat.eu\/lt\/wp-json\/wp\/v2\/product"}],"about":[{"href":"https:\/\/e.kosmolat.eu\/lt\/wp-json\/wp\/v2\/types\/product"}],"wp:featuredmedia":[{"embeddable":true,"href":"https:\/\/e.kosmolat.eu\/lt\/wp-json\/wp\/v2\/media\/96830"}],"wp:attachment":[{"href":"https:\/\/e.kosmolat.eu\/lt\/wp-json\/wp\/v2\/media?parent=67317"}],"wp:term":[{"taxonomy":"product_cat","embeddable":true,"href":"https:\/\/e.kosmolat.eu\/lt\/wp-json\/wp\/v2\/product_cat?post=67317"},{"taxonomy":"product_tag","embeddable":true,"href":"https:\/\/e.kosmolat.eu\/lt\/wp-json\/wp\/v2\/product_tag?post=67317"}],"curies":[{"name":"wp","href":"https:\/\/api.w.org\/{rel}","templated":true}]}}