{"id":67313,"date":"2025-04-24T13:20:59","date_gmt":"2025-04-24T13:20:59","guid":{"rendered":"https:\/\/e.kosmolat.eu\/product\/claire-collagen-active-pro-nakts-kr-65-visiem-ad-tip-50-ml-2\/"},"modified":"2026-05-09T05:58:41","modified_gmt":"2026-05-09T05:58:41","slug":"claire-collagen-active-pro-nakts-kr-65-visiem-ad-tip-50-ml-2","status":"publish","type":"product","link":"https:\/\/e.kosmolat.eu\/lt\/produktas\/claire-collagen-active-pro-nakts-kr-65-visiem-ad-tip-50-ml-2\/","title":{"rendered":"\u0421LAIRE Collagen Active Pro Naktinis kremas 65+ vis\u0173 tip\u0173 odai, 50 ml"},"content":{"rendered":"<p>Atstato veido kont\u016br\u0105, intensyviai dr\u0117kina, i\u0161lygina odos form\u0105, atstato spalv\u0105. <\/p>\n<p>Naudojimas: vakare tepkite krem\u0105 ant \u0161varios veido odos palei masa\u017eo linijas, taip pat kakl\u0105 ir dekolt\u0117 srit\u012f. Norint pasiekti maksimal\u0173 efekt\u0105, od\u0105 rekomenduojama i\u0161 anksto sudr\u0117kinti COLLAGEN ACTIVE PRO toniku.<\/p>\n<p>Laikymo s\u0105lygos: +5 \u00b0\u0421 &#8211; +25 \u00b0\u0421<\/p>\n","protected":false},"excerpt":{"rendered":"<p>Atstato veido kont\u016br\u0105, intensyviai dr\u0117kina, i\u0161lygina odos form\u0105, atstato spalv\u0105. Naudojimas: vakare tepkite krem\u0105 ant \u0161varios veido odos palei masa\u017eo linijas, taip pat kakl\u0105 ir dekolt\u0117 srit\u012f. Norint pasiekti maksimal\u0173 efekt\u0105, od\u0105 rekomenduojama i\u0161 anksto sudr\u0117kinti COLLAGEN ACTIVE PRO toniku. Laikymo s\u0105lygos: +5 \u00b0\u0421 &#8211; +25 \u00b0\u0421<\/p>\n","protected":false},"featured_media":94058,"template":"","meta":[],"product_cat":[1322],"product_tag":[],"class_list":{"0":"post-67313","1":"product","2":"type-product","3":"status-publish","4":"has-post-thumbnail","6":"product_brand-private-label-lt","7":"product_cat-veido-kremai","9":"first","10":"instock","11":"taxable","12":"shipping-taxable","13":"product-type-simple"},"_links":{"self":[{"href":"https:\/\/e.kosmolat.eu\/lt\/wp-json\/wp\/v2\/product\/67313","targetHints":{"allow":["GET"]}}],"collection":[{"href":"https:\/\/e.kosmolat.eu\/lt\/wp-json\/wp\/v2\/product"}],"about":[{"href":"https:\/\/e.kosmolat.eu\/lt\/wp-json\/wp\/v2\/types\/product"}],"wp:featuredmedia":[{"embeddable":true,"href":"https:\/\/e.kosmolat.eu\/lt\/wp-json\/wp\/v2\/media\/94058"}],"wp:attachment":[{"href":"https:\/\/e.kosmolat.eu\/lt\/wp-json\/wp\/v2\/media?parent=67313"}],"wp:term":[{"taxonomy":"product_cat","embeddable":true,"href":"https:\/\/e.kosmolat.eu\/lt\/wp-json\/wp\/v2\/product_cat?post=67313"},{"taxonomy":"product_tag","embeddable":true,"href":"https:\/\/e.kosmolat.eu\/lt\/wp-json\/wp\/v2\/product_tag?post=67313"}],"curies":[{"name":"wp","href":"https:\/\/api.w.org\/{rel}","templated":true}]}}