{"id":67301,"date":"2025-04-24T10:50:54","date_gmt":"2025-04-24T10:50:54","guid":{"rendered":"https:\/\/e.kosmolat.eu\/product\/for-men-anti-dandruff-ipasi-attir-samp-pret-blaugznam-200-ml\/"},"modified":"2026-04-24T05:25:41","modified_gmt":"2026-04-24T05:25:41","slug":"i_for-men-anti-dandruff-ipasi-attir-samp-pret-blaugznam-200-ml","status":"publish","type":"product","link":"https:\/\/e.kosmolat.eu\/lt\/produktas\/i_for-men-anti-dandruff-ipasi-attir-samp-pret-blaugznam-200-ml\/","title":{"rendered":"I_FOR MEN Anti-Danddruff Ultra-valantis \u0161amp\u016bnas nuo pleiskan\u0173, 200 ml"},"content":{"rendered":"<p>Ultra-valantis \u0161amp\u016bnas \u0161velniai valo galvos od\u0105 ir plaukus nuo ne\u0161varum\u0173. Tinka riebiems plaukams, linkusiems \u012f pleiskanas.<\/p>\n<p>Naudojimas: paskirstykite ant dr\u0117gn\u0173 plauk\u0173, suputokite ir nuplaukite vandeniu.<\/p>\n<p>Atsargumo priemon\u0117s: Tik i\u0161oriniam naudojimui. Patekus \u012f akis, gerai nuplauti vandeniu ir, jei reikia, kreiptis \u012f gydytoj\u0105.<\/p>\n<p>\u012esp\u0117jimas: galimas individualus padid\u0117j\u0119s jautrumas komponentams.<\/p>\n<p>Laikyti nuo +5 iki +25\u00b0C temperat\u016broje, atokiau nuo tiesiogini\u0173 saul\u0117s spinduli\u0173. Laikyti bent 0,5 m atstumu nuo \u0161ildymo prietais\u0173.<\/p>\n<p>Geriausias: 30 m\u0117nesi\u0173 nuo pagaminimo datos.<\/p>\n","protected":false},"excerpt":{"rendered":"<p>Ultra-valantis \u0161amp\u016bnas \u0161velniai valo galvos od\u0105 ir plaukus nuo ne\u0161varum\u0173. Tinka riebiems plaukams, linkusiems \u012f pleiskanas. Naudojimas: paskirstykite ant dr\u0117gn\u0173 plauk\u0173, suputokite ir nuplaukite vandeniu. Atsargumo priemon\u0117s: Tik i\u0161oriniam naudojimui. Patekus \u012f akis, gerai nuplauti vandeniu ir, jei reikia, kreiptis \u012f gydytoj\u0105. \u012esp\u0117jimas: galimas individualus padid\u0117j\u0119s jautrumas komponentams. Laikyti nuo +5 iki +25\u00b0C temperat\u016broje, atokiau [&#8230;]\n","protected":false},"featured_media":96846,"template":"","meta":[],"product_cat":[1251],"product_tag":[],"class_list":{"0":"post-67301","1":"product","2":"type-product","3":"status-publish","4":"has-post-thumbnail","6":"product_brand-aljans-krasoti_ua-lt","7":"product_cat-sampunai","9":"first","10":"instock","11":"taxable","12":"shipping-taxable","13":"product-type-simple"},"_links":{"self":[{"href":"https:\/\/e.kosmolat.eu\/lt\/wp-json\/wp\/v2\/product\/67301","targetHints":{"allow":["GET"]}}],"collection":[{"href":"https:\/\/e.kosmolat.eu\/lt\/wp-json\/wp\/v2\/product"}],"about":[{"href":"https:\/\/e.kosmolat.eu\/lt\/wp-json\/wp\/v2\/types\/product"}],"wp:featuredmedia":[{"embeddable":true,"href":"https:\/\/e.kosmolat.eu\/lt\/wp-json\/wp\/v2\/media\/96846"}],"wp:attachment":[{"href":"https:\/\/e.kosmolat.eu\/lt\/wp-json\/wp\/v2\/media?parent=67301"}],"wp:term":[{"taxonomy":"product_cat","embeddable":true,"href":"https:\/\/e.kosmolat.eu\/lt\/wp-json\/wp\/v2\/product_cat?post=67301"},{"taxonomy":"product_tag","embeddable":true,"href":"https:\/\/e.kosmolat.eu\/lt\/wp-json\/wp\/v2\/product_tag?post=67301"}],"curies":[{"name":"wp","href":"https:\/\/api.w.org\/{rel}","templated":true}]}}