{"id":67293,"date":"2025-04-24T10:50:39","date_gmt":"2025-04-24T10:50:39","guid":{"rendered":"https:\/\/e.kosmolat.eu\/product\/for-men-strongpower-stiprin-sampuns-aktivators-vesel-matu-augs-200-ml\/"},"modified":"2026-04-17T08:34:30","modified_gmt":"2026-04-17T08:34:30","slug":"i_for-men-strongpower-stiprin-sampuns-aktivators-vesel-matu-augs-200-ml","status":"publish","type":"product","link":"https:\/\/e.kosmolat.eu\/lt\/produktas\/i_for-men-strongpower-stiprin-sampuns-aktivators-vesel-matu-augs-200-ml\/","title":{"rendered":"I_FOR MEN Strong &#038; Power Stiprinantis \u0161amp\u016bnas-aktyvatorius sveikam plauk\u0173 augimui, 200 ml"},"content":{"rendered":"<p>\u0160amp\u016bnas \u0161velniai valo galvos od\u0105 ir plaukus nuo ne\u0161varum\u0173. Sukurta plaukams, linkusiems slinkti.<\/p>\n<p>Naudojimas: paskirstykite ant dr\u0117gn\u0173 plauk\u0173, suputokite ir nuplaukite vandeniu.<\/p>\n<p>Atsargumo priemon\u0117s: Tik i\u0161oriniam naudojimui. Patekus \u012f akis, gerai nuplauti vandeniu ir, jei reikia, kreiptis \u012f gydytoj\u0105.<\/p>\n<p>\u012esp\u0117jimas: galimas individualus padid\u0117j\u0119s jautrumas komponentams.<\/p>\n<p>Laikyti nuo +5 iki +25\u00b0C temperat\u016broje, atokiau nuo tiesiogini\u0173 saul\u0117s spinduli\u0173. Laikyti bent 0,5 m atstumu nuo \u0161ildymo prietais\u0173.<\/p>\n<p>Geriausias: 30 m\u0117nesi\u0173 nuo pagaminimo datos.<\/p>\n","protected":false},"excerpt":{"rendered":"<p>\u0160amp\u016bnas \u0161velniai valo galvos od\u0105 ir plaukus nuo ne\u0161varum\u0173. Sukurta plaukams, linkusiems slinkti. Naudojimas: paskirstykite ant dr\u0117gn\u0173 plauk\u0173, suputokite ir nuplaukite vandeniu. Atsargumo priemon\u0117s: Tik i\u0161oriniam naudojimui. Patekus \u012f akis, gerai nuplauti vandeniu ir, jei reikia, kreiptis \u012f gydytoj\u0105. \u012esp\u0117jimas: galimas individualus padid\u0117j\u0119s jautrumas komponentams. Laikyti nuo +5 iki +25\u00b0C temperat\u016broje, atokiau nuo tiesiogini\u0173 saul\u0117s [&#8230;]\n","protected":false},"featured_media":96842,"template":"","meta":[],"product_cat":[1251],"product_tag":[],"class_list":{"0":"post-67293","1":"product","2":"type-product","3":"status-publish","4":"has-post-thumbnail","6":"product_brand-aljans-krasoti_ua-lt","7":"product_cat-sampunai","9":"first","10":"instock","11":"taxable","12":"shipping-taxable","13":"product-type-simple"},"_links":{"self":[{"href":"https:\/\/e.kosmolat.eu\/lt\/wp-json\/wp\/v2\/product\/67293","targetHints":{"allow":["GET"]}}],"collection":[{"href":"https:\/\/e.kosmolat.eu\/lt\/wp-json\/wp\/v2\/product"}],"about":[{"href":"https:\/\/e.kosmolat.eu\/lt\/wp-json\/wp\/v2\/types\/product"}],"wp:featuredmedia":[{"embeddable":true,"href":"https:\/\/e.kosmolat.eu\/lt\/wp-json\/wp\/v2\/media\/96842"}],"wp:attachment":[{"href":"https:\/\/e.kosmolat.eu\/lt\/wp-json\/wp\/v2\/media?parent=67293"}],"wp:term":[{"taxonomy":"product_cat","embeddable":true,"href":"https:\/\/e.kosmolat.eu\/lt\/wp-json\/wp\/v2\/product_cat?post=67293"},{"taxonomy":"product_tag","embeddable":true,"href":"https:\/\/e.kosmolat.eu\/lt\/wp-json\/wp\/v2\/product_tag?post=67293"}],"curies":[{"name":"wp","href":"https:\/\/api.w.org\/{rel}","templated":true}]}}