{"id":66674,"date":"2025-03-28T09:37:08","date_gmt":"2025-03-28T09:37:08","guid":{"rendered":"https:\/\/e.kosmolat.eu\/product\/inopharm-renu-reconstructing-shampoo\/"},"modified":"2026-04-21T09:43:34","modified_gmt":"2026-04-21T09:43:34","slug":"ip-renu-atjaun-sampuns-bojatiem-matiem-250-ml","status":"publish","type":"product","link":"https:\/\/e.kosmolat.eu\/lt\/produktas\/ip-renu-atjaun-sampuns-bojatiem-matiem-250-ml\/","title":{"rendered":"INOPHARM Renu Atkuriantis \u0161amp\u016bnas pa\u017eeistiems plaukams, 250 ml"},"content":{"rendered":"<p>Novatori\u0161ka Bond Re-Plex technologija tiesiogiai veikia keratininius ry\u0161ius ir plauk\u0173 mikrostrukt\u016br\u0105. Suma\u017eina plauk\u0173 trapum\u0105 ir \u017eymiai padidina j\u0173 stiprum\u0105. Profesionalus sprendimas silpniems plaukams.<\/p>\n<p>Naudojimas: nedidel\u012f kiek\u012f \u0161amp\u016bno paskirstykite ant dr\u0117gn\u0173 plauk\u0173 ir galvos odos, masa\u017euokite, kol susidarys putos, tada kruop\u0161\u010diai i\u0161skalaukite. <\/p>\n<p>Atsargumo priemon\u0117s: Tik i\u0161oriniam naudojimui. Vengti patekimo \u012f akis. Patekus \u012f akis, kruop\u0161\u010diai nuplaukite vandeniu.<\/p>\n","protected":false},"excerpt":{"rendered":"<p>Novatori\u0161ka Bond Re-Plex technologija tiesiogiai veikia keratininius ry\u0161ius ir plauk\u0173 mikrostrukt\u016br\u0105. Suma\u017eina plauk\u0173 trapum\u0105 ir \u017eymiai padidina j\u0173 stiprum\u0105. Profesionalus sprendimas silpniems plaukams. Naudojimas: nedidel\u012f kiek\u012f \u0161amp\u016bno paskirstykite ant dr\u0117gn\u0173 plauk\u0173 ir galvos odos, masa\u017euokite, kol susidarys putos, tada kruop\u0161\u010diai i\u0161skalaukite. Atsargumo priemon\u0117s: Tik i\u0161oriniam naudojimui. Vengti patekimo \u012f akis. Patekus \u012f akis, kruop\u0161\u010diai nuplaukite [&#8230;]\n","protected":false},"featured_media":93986,"template":"","meta":[],"product_cat":[1251],"product_tag":[],"class_list":{"0":"post-66674","1":"product","2":"type-product","3":"status-publish","4":"has-post-thumbnail","6":"product_brand-rubella-bg-lt","7":"product_cat-sampunai","9":"first","10":"instock","11":"taxable","12":"shipping-taxable","13":"product-type-simple"},"_links":{"self":[{"href":"https:\/\/e.kosmolat.eu\/lt\/wp-json\/wp\/v2\/product\/66674","targetHints":{"allow":["GET"]}}],"collection":[{"href":"https:\/\/e.kosmolat.eu\/lt\/wp-json\/wp\/v2\/product"}],"about":[{"href":"https:\/\/e.kosmolat.eu\/lt\/wp-json\/wp\/v2\/types\/product"}],"wp:featuredmedia":[{"embeddable":true,"href":"https:\/\/e.kosmolat.eu\/lt\/wp-json\/wp\/v2\/media\/93986"}],"wp:attachment":[{"href":"https:\/\/e.kosmolat.eu\/lt\/wp-json\/wp\/v2\/media?parent=66674"}],"wp:term":[{"taxonomy":"product_cat","embeddable":true,"href":"https:\/\/e.kosmolat.eu\/lt\/wp-json\/wp\/v2\/product_cat?post=66674"},{"taxonomy":"product_tag","embeddable":true,"href":"https:\/\/e.kosmolat.eu\/lt\/wp-json\/wp\/v2\/product_tag?post=66674"}],"curies":[{"name":"wp","href":"https:\/\/api.w.org\/{rel}","templated":true}]}}