{"id":66670,"date":"2025-03-28T09:36:56","date_gmt":"2025-03-28T09:36:56","guid":{"rendered":"https:\/\/e.kosmolat.eu\/product\/inopharm-renu-reconstructing-conditioner\/"},"modified":"2026-04-21T09:43:21","modified_gmt":"2026-04-21T09:43:21","slug":"ip-renu-atjaun-kondic-bojatiem-matiem-250-ml","status":"publish","type":"product","link":"https:\/\/e.kosmolat.eu\/lt\/produktas\/ip-renu-atjaun-kondic-bojatiem-matiem-250-ml\/","title":{"rendered":"INOPHARM Renu Atkuriantis kondicionierius pa\u017eeistiems plaukams, 250 ml"},"content":{"rendered":"<p>Novatori\u0161ka Bond Re-Plex technologija tiesiogiai veikia keratininius ry\u0161ius ir plauk\u0173 mikrostrukt\u016br\u0105. Suma\u017eina plauk\u0173 trapum\u0105 ir \u017eymiai padidina j\u0173 stiprum\u0105. Profesionalus sprendimas silpniems plaukams.<\/p>\n<p>Naudojimas: I\u0161plov\u0119 plaukus \u0161amp\u016bnu, nedidel\u012f kiek\u012f kondicionieriaus u\u017etepkite ant dr\u0117gn\u0173 plauk\u0173 ilgio ir galiuk\u0173. Palikite 3 minutes, tada nuplaukite. Nor\u0117dami gauti geriausius rezultatus, naudokite kartu kitais InoPharm Renu serijos produktais.<\/p>\n<p>Atsargumo priemon\u0117s: Tik i\u0161oriniam naudojimui. Vengti patekimo \u012f akis. Patekus \u012f akis, kruop\u0161\u010diai nuplaukite vandeniu.<\/p>\n","protected":false},"excerpt":{"rendered":"<p>Novatori\u0161ka Bond Re-Plex technologija tiesiogiai veikia keratininius ry\u0161ius ir plauk\u0173 mikrostrukt\u016br\u0105. Suma\u017eina plauk\u0173 trapum\u0105 ir \u017eymiai padidina j\u0173 stiprum\u0105. Profesionalus sprendimas silpniems plaukams. Naudojimas: I\u0161plov\u0119 plaukus \u0161amp\u016bnu, nedidel\u012f kiek\u012f kondicionieriaus u\u017etepkite ant dr\u0117gn\u0173 plauk\u0173 ilgio ir galiuk\u0173. Palikite 3 minutes, tada nuplaukite. Nor\u0117dami gauti geriausius rezultatus, naudokite kartu kitais InoPharm Renu serijos produktais. Atsargumo priemon\u0117s: [&#8230;]\n","protected":false},"featured_media":93982,"template":"","meta":[],"product_cat":[1640],"product_tag":[],"class_list":{"0":"post-66670","1":"product","2":"type-product","3":"status-publish","4":"has-post-thumbnail","6":"product_brand-rubella-bg-lt","7":"product_cat-balzamai","9":"first","10":"instock","11":"taxable","12":"shipping-taxable","13":"product-type-simple"},"_links":{"self":[{"href":"https:\/\/e.kosmolat.eu\/lt\/wp-json\/wp\/v2\/product\/66670","targetHints":{"allow":["GET"]}}],"collection":[{"href":"https:\/\/e.kosmolat.eu\/lt\/wp-json\/wp\/v2\/product"}],"about":[{"href":"https:\/\/e.kosmolat.eu\/lt\/wp-json\/wp\/v2\/types\/product"}],"wp:featuredmedia":[{"embeddable":true,"href":"https:\/\/e.kosmolat.eu\/lt\/wp-json\/wp\/v2\/media\/93982"}],"wp:attachment":[{"href":"https:\/\/e.kosmolat.eu\/lt\/wp-json\/wp\/v2\/media?parent=66670"}],"wp:term":[{"taxonomy":"product_cat","embeddable":true,"href":"https:\/\/e.kosmolat.eu\/lt\/wp-json\/wp\/v2\/product_cat?post=66670"},{"taxonomy":"product_tag","embeddable":true,"href":"https:\/\/e.kosmolat.eu\/lt\/wp-json\/wp\/v2\/product_tag?post=66670"}],"curies":[{"name":"wp","href":"https:\/\/api.w.org\/{rel}","templated":true}]}}