{"id":66333,"date":"2025-03-25T05:25:25","date_gmt":"2025-03-25T05:25:25","guid":{"rendered":"https:\/\/e.kosmolat.eu\/product\/famirel-essence-no-5-kermena-sprejs-refreshing-mood-150-ml\/"},"modified":"2026-03-01T10:06:32","modified_gmt":"2026-03-01T10:06:32","slug":"famirel-essence-no-5-kermena-sprejs-refreshing-mood-150-ml","status":"publish","type":"product","link":"https:\/\/e.kosmolat.eu\/lt\/produktas\/famirel-essence-no-5-kermena-sprejs-refreshing-mood-150-ml\/","title":{"rendered":"FAMIREL Essence No 5 Silki Pur\u0161kiklis k\u016bnui Refresher Mood, 150 ml"},"content":{"rendered":"<p>Gaivinantis k\u016bno pur\u0161kiklis su ramun\u0117li\u0173, \u017ealiosios arbatos, vitamino B5, kivi\u0173 ir dumbli\u0173 ekstraktais, palaikantis nat\u016bral\u0173 odos dr\u0117kinim\u0105. Tik vienas \u017eingsnis \u2013 ir j\u016bs\u0173 oda, apgaubta ry\u0161kaus ir ilgai i\u0161liekan\u010dio aromato, \u0161vyt\u0117s.<br \/>\nNaudojimas: purk\u0161ti ant odos. Tinka kasdieniam naudojimui. Kad b\u016bt\u0173 u\u017etikrintas ilgalaikis aromatas, prie\u0161 naudojim\u0105 naudokite atitinkamo kvapo k\u016bno losjon\u0105.<\/p>\n<p>Atsargumo priemon\u0117s:<br \/>\n\u2022 Naudokite tik pagal paskirt\u012f.<br \/>\n\u2022 Neprarykite.<br \/>\n\u2022 Venkite patekimo \u012f akis.<br \/>\n\u2022 Laikyti vaikams nepasiekiamoje vietoje.<br \/>\n\u2022 Nenaudokite, jei yra individualus jautrumas komponentams.<br \/>\n\u2022 Jei atsiranda dirginimas, nedelsiant nutraukite naudojim\u0105.<br \/>\n\u2022 Tik i\u0161oriniam naudojimui<br \/>\n\u2022 Sud\u0117tyje n\u0117ra paraben\u0173.<\/p>\n<p>Laikymo s\u0105lygos: laikyti nuo +5 iki +39 \u00b0C temperat\u016broje, o santykin\u0117 oro dr\u0117gm\u0117 55-70%.<\/p>\n","protected":false},"excerpt":{"rendered":"<p>Gaivinantis k\u016bno pur\u0161kiklis su ramun\u0117li\u0173, \u017ealiosios arbatos, vitamino B5, kivi\u0173 ir dumbli\u0173 ekstraktais, palaikantis nat\u016bral\u0173 odos dr\u0117kinim\u0105. Tik vienas \u017eingsnis \u2013 ir j\u016bs\u0173 oda, apgaubta ry\u0161kaus ir ilgai i\u0161liekan\u010dio aromato, \u0161vyt\u0117s. Naudojimas: purk\u0161ti ant odos. Tinka kasdieniam naudojimui. Kad b\u016bt\u0173 u\u017etikrintas ilgalaikis aromatas, prie\u0161 naudojim\u0105 naudokite atitinkamo kvapo k\u016bno losjon\u0105. Atsargumo priemon\u0117s: \u2022 Naudokite tik [&#8230;]\n","protected":false},"featured_media":101486,"template":"","meta":[],"product_cat":[1378],"product_tag":[],"class_list":{"0":"post-66333","1":"product","2":"type-product","3":"status-publish","4":"has-post-thumbnail","6":"product_brand-famirel-il-lt","7":"product_cat-purskikliai-kunui","9":"first","10":"instock","11":"taxable","12":"shipping-taxable","13":"product-type-simple"},"_links":{"self":[{"href":"https:\/\/e.kosmolat.eu\/lt\/wp-json\/wp\/v2\/product\/66333","targetHints":{"allow":["GET"]}}],"collection":[{"href":"https:\/\/e.kosmolat.eu\/lt\/wp-json\/wp\/v2\/product"}],"about":[{"href":"https:\/\/e.kosmolat.eu\/lt\/wp-json\/wp\/v2\/types\/product"}],"wp:featuredmedia":[{"embeddable":true,"href":"https:\/\/e.kosmolat.eu\/lt\/wp-json\/wp\/v2\/media\/101486"}],"wp:attachment":[{"href":"https:\/\/e.kosmolat.eu\/lt\/wp-json\/wp\/v2\/media?parent=66333"}],"wp:term":[{"taxonomy":"product_cat","embeddable":true,"href":"https:\/\/e.kosmolat.eu\/lt\/wp-json\/wp\/v2\/product_cat?post=66333"},{"taxonomy":"product_tag","embeddable":true,"href":"https:\/\/e.kosmolat.eu\/lt\/wp-json\/wp\/v2\/product_tag?post=66333"}],"curies":[{"name":"wp","href":"https:\/\/api.w.org\/{rel}","templated":true}]}}