{"id":66317,"date":"2025-03-25T05:24:48","date_gmt":"2025-03-25T05:24:48","guid":{"rendered":"https:\/\/e.kosmolat.eu\/product\/famirel-essence-no-5-parf-kermena-dusas-zel-intens-mitrin-300-ml\/"},"modified":"2026-04-06T07:50:56","modified_gmt":"2026-04-06T07:50:56","slug":"famirel-essence-no-5-parf-kermena-dusas-zel-intens-mitrin-300-ml","status":"publish","type":"product","link":"https:\/\/e.kosmolat.eu\/lt\/produktas\/famirel-essence-no-5-parf-kermena-dusas-zel-intens-mitrin-300-ml\/","title":{"rendered":"FAMIREL Essence No 5 Parfumuota du\u0161o \u017eel\u0117 Intensyviai dr\u0117kinanti, 300 ml"},"content":{"rendered":"<p>Parfumuota dr\u0117kinamoji du\u0161o \u017eel\u0117 \u0161velniai valo ir maitina od\u0105. Unikalus aromatas jus lyd\u0117s vis\u0105 dien\u0105, suteiks pasitik\u0117jimo ir gaivumo.<\/p>\n<p>Atsargumo priemon\u0117s:<br \/>\n\u2022 Naudokite tik pagal paskirt\u012f.<br \/>\n\u2022 Neprarykite.<br \/>\n\u2022 Venkite patekimo \u012f akis.<br \/>\n\u2022 Laikyti vaikams nepasiekiamoje vietoje.<br \/>\n\u2022 Nenaudokite, jei yra individualus jautrumas komponentams.<br \/>\n\u2022 Jei atsiranda dirginimas, nedelsiant nutraukite naudojim\u0105.<br \/>\n\u2022 Tik i\u0161oriniam naudojimui<br \/>\n\u2022 Sud\u0117tyje n\u0117ra paraben\u0173.<br \/>\n\u2022 Sud\u0117tyje n\u0117ra SLS.<\/p>\n<p>Laikymo s\u0105lygos: laikyti nuo +5 iki +39 \u00b0C temperat\u016broje, o santykin\u0117 oro dr\u0117gm\u0117 55-70%.<\/p>\n","protected":false},"excerpt":{"rendered":"<p>Parfumuota dr\u0117kinamoji du\u0161o \u017eel\u0117 \u0161velniai valo ir maitina od\u0105. Unikalus aromatas jus lyd\u0117s vis\u0105 dien\u0105, suteiks pasitik\u0117jimo ir gaivumo. Atsargumo priemon\u0117s: \u2022 Naudokite tik pagal paskirt\u012f. \u2022 Neprarykite. \u2022 Venkite patekimo \u012f akis. \u2022 Laikyti vaikams nepasiekiamoje vietoje. \u2022 Nenaudokite, jei yra individualus jautrumas komponentams. \u2022 Jei atsiranda dirginimas, nedelsiant nutraukite naudojim\u0105. \u2022 Tik i\u0161oriniam [&#8230;]\n","protected":false},"featured_media":101250,"template":"","meta":[],"product_cat":[2181],"product_tag":[],"class_list":{"0":"post-66317","1":"product","2":"type-product","3":"status-publish","4":"has-post-thumbnail","6":"product_brand-famirel-il-lt","7":"product_cat-bez-kategorijas-lt","9":"first","10":"instock","11":"taxable","12":"shipping-taxable","13":"product-type-simple"},"_links":{"self":[{"href":"https:\/\/e.kosmolat.eu\/lt\/wp-json\/wp\/v2\/product\/66317","targetHints":{"allow":["GET"]}}],"collection":[{"href":"https:\/\/e.kosmolat.eu\/lt\/wp-json\/wp\/v2\/product"}],"about":[{"href":"https:\/\/e.kosmolat.eu\/lt\/wp-json\/wp\/v2\/types\/product"}],"wp:featuredmedia":[{"embeddable":true,"href":"https:\/\/e.kosmolat.eu\/lt\/wp-json\/wp\/v2\/media\/101250"}],"wp:attachment":[{"href":"https:\/\/e.kosmolat.eu\/lt\/wp-json\/wp\/v2\/media?parent=66317"}],"wp:term":[{"taxonomy":"product_cat","embeddable":true,"href":"https:\/\/e.kosmolat.eu\/lt\/wp-json\/wp\/v2\/product_cat?post=66317"},{"taxonomy":"product_tag","embeddable":true,"href":"https:\/\/e.kosmolat.eu\/lt\/wp-json\/wp\/v2\/product_tag?post=66317"}],"curies":[{"name":"wp","href":"https:\/\/api.w.org\/{rel}","templated":true}]}}