{"id":66293,"date":"2025-03-25T05:23:58","date_gmt":"2025-03-25T05:23:58","guid":{"rendered":"https:\/\/e.kosmolat.eu\/product\/famirel-essence-no-4-mikst-parf-kermena-krems-250-ml\/"},"modified":"2026-04-20T11:34:30","modified_gmt":"2026-04-20T11:34:30","slug":"famirel-essence-no-4-mikst-parf-kermena-krems-250-ml","status":"publish","type":"product","link":"https:\/\/e.kosmolat.eu\/lt\/produktas\/famirel-essence-no-4-mikst-parf-kermena-krems-250-ml\/","title":{"rendered":"FAMIREL Essence No 4 Mink\u0161tinantis parfumuotas k\u016bno kremas, 250 ml"},"content":{"rendered":"<p>Atraskite malonum\u0173 pasaul\u012f su \u0161iuo kvepian\u010diu k\u016bno kremu su vitaminu E ir raminan\u010diu alavij\u0173 ekstraktu. Gilus dr\u0117kinimas ir nepakartojamas aromatas yra j\u016bs\u0173 kasdienis gro\u017eio ritualas.<br \/>\nNaudojimas: u\u017etepkite pakankam\u0105 kiek\u012f kremo ir masa\u017euokite od\u0105, kol visi\u0161kai \u012fsigers. Rekomenduojamas kasdieniniam naudojimui.<\/p>\n<p>Atsargumo priemon\u0117s:<br \/>\n\u2022 Naudokite tik pagal paskirt\u012f.<br \/>\n\u2022 Neprarykite.<br \/>\n\u2022 Venkite patekimo \u012f akis.<br \/>\n\u2022 Laikyti vaikams nepasiekiamoje vietoje.<br \/>\n\u2022 Nenaudokite, jei yra individualus jautrumas komponentams.<br \/>\n\u2022 Jei atsiranda dirginimas, nedelsiant nutraukite naudojim\u0105.<br \/>\n\u2022 Tik i\u0161oriniam naudojimui<br \/>\n\u2022 Sud\u0117tyje n\u0117ra paraben\u0173.<\/p>\n<p>Laikymo s\u0105lygos: laikyti nuo +5 iki +39 \u00b0C temperat\u016broje, o santykin\u0117 oro dr\u0117gm\u0117 55-70%.<\/p>\n","protected":false},"excerpt":{"rendered":"<p>Atraskite malonum\u0173 pasaul\u012f su \u0161iuo kvepian\u010diu k\u016bno kremu su vitaminu E ir raminan\u010diu alavij\u0173 ekstraktu. Gilus dr\u0117kinimas ir nepakartojamas aromatas yra j\u016bs\u0173 kasdienis gro\u017eio ritualas. Naudojimas: u\u017etepkite pakankam\u0105 kiek\u012f kremo ir masa\u017euokite od\u0105, kol visi\u0161kai \u012fsigers. Rekomenduojamas kasdieniniam naudojimui. Atsargumo priemon\u0117s: \u2022 Naudokite tik pagal paskirt\u012f. \u2022 Neprarykite. \u2022 Venkite patekimo \u012f akis. \u2022 Laikyti [&#8230;]\n","protected":false},"featured_media":99092,"template":"","meta":[],"product_cat":[1390],"product_tag":[],"class_list":{"0":"post-66293","1":"product","2":"type-product","3":"status-publish","4":"has-post-thumbnail","6":"product_brand-famirel-il-lt","7":"product_cat-kremai-aliejai-kuno-pienelis","9":"first","10":"instock","11":"taxable","12":"shipping-taxable","13":"product-type-simple"},"_links":{"self":[{"href":"https:\/\/e.kosmolat.eu\/lt\/wp-json\/wp\/v2\/product\/66293","targetHints":{"allow":["GET"]}}],"collection":[{"href":"https:\/\/e.kosmolat.eu\/lt\/wp-json\/wp\/v2\/product"}],"about":[{"href":"https:\/\/e.kosmolat.eu\/lt\/wp-json\/wp\/v2\/types\/product"}],"wp:featuredmedia":[{"embeddable":true,"href":"https:\/\/e.kosmolat.eu\/lt\/wp-json\/wp\/v2\/media\/99092"}],"wp:attachment":[{"href":"https:\/\/e.kosmolat.eu\/lt\/wp-json\/wp\/v2\/media?parent=66293"}],"wp:term":[{"taxonomy":"product_cat","embeddable":true,"href":"https:\/\/e.kosmolat.eu\/lt\/wp-json\/wp\/v2\/product_cat?post=66293"},{"taxonomy":"product_tag","embeddable":true,"href":"https:\/\/e.kosmolat.eu\/lt\/wp-json\/wp\/v2\/product_tag?post=66293"}],"curies":[{"name":"wp","href":"https:\/\/api.w.org\/{rel}","templated":true}]}}