{"id":66245,"date":"2025-03-25T05:22:25","date_gmt":"2025-03-25T05:22:25","guid":{"rendered":"https:\/\/e.kosmolat.eu\/product\/famirel-marula-oil-matu-serums-ar-marulas-ellu-50-ml\/"},"modified":"2026-04-14T16:34:00","modified_gmt":"2026-04-14T16:34:00","slug":"famirel-marula-oil-matu-serums-ar-marulas-ellu-50-ml","status":"publish","type":"product","link":"https:\/\/e.kosmolat.eu\/lt\/produktas\/famirel-marula-oil-matu-serums-ar-marulas-ellu-50-ml\/","title":{"rendered":"FAMIREL Marula Oil Serumas plaukams su maruli\u0173 aliejumi, 50 ml"},"content":{"rendered":"<p>Marula aliejaus serumas suteikia gil\u0173 maitinim\u0105. Apsaugo nuo aplinkos poveikio, skatina sveik\u0105 plauk\u0173 augim\u0105 ir suteikia jiems sveik\u0105 blizges\u012f.<\/p>\n<p>Naudojimas: u\u017etepkite nedidel\u012f kiek\u012f serumo ant dr\u0117gn\u0173 plauk\u0173, tada i\u0161d\u017eiovinkite, formuokite ir su\u0161ukuokite, kad produktas tolygiai pasiskirstyt\u0173 ir suteiktum\u0117te plaukams nat\u016brali\u0105, sveik\u0105 i\u0161vaizd\u0105.<\/p>\n<p>Atsargumo priemon\u0117s:<br \/>\n\u2022 Naudokite tik pagal paskirt\u012f.<br \/>\n\u2022 Neprarykite.<br \/>\n\u2022 Venkite patekimo \u012f akis.<br \/>\n\u2022 Laikyti vaikams nepasiekiamoje vietoje.<br \/>\n\u2022 Nenaudokite, jei yra individualus jautrumas komponentams.<br \/>\n\u2022 Jei atsiranda dirginimas, nedelsiant nutraukite naudojim\u0105.<br \/>\n\u2022 Tik i\u0161oriniam naudojimui<br \/>\n\u2022 Sud\u0117tyje n\u0117ra paraben\u0173.<\/p>\n<p>Laikymo s\u0105lygos: laikyti nuo +5 iki +39 \u00b0C temperat\u016broje, o santykin\u0117 oro dr\u0117gm\u0117 55-70%.<\/p>\n","protected":false},"excerpt":{"rendered":"<p>Marula aliejaus serumas suteikia gil\u0173 maitinim\u0105. Apsaugo nuo aplinkos poveikio, skatina sveik\u0105 plauk\u0173 augim\u0105 ir suteikia jiems sveik\u0105 blizges\u012f. Naudojimas: u\u017etepkite nedidel\u012f kiek\u012f serumo ant dr\u0117gn\u0173 plauk\u0173, tada i\u0161d\u017eiovinkite, formuokite ir su\u0161ukuokite, kad produktas tolygiai pasiskirstyt\u0173 ir suteiktum\u0117te plaukams nat\u016brali\u0105, sveik\u0105 i\u0161vaizd\u0105. Atsargumo priemon\u0117s: \u2022 Naudokite tik pagal paskirt\u012f. \u2022 Neprarykite. \u2022 Venkite patekimo \u012f [&#8230;]\n","protected":false},"featured_media":102106,"template":"","meta":[],"product_cat":[1327],"product_tag":[],"class_list":{"0":"post-66245","1":"product","2":"type-product","3":"status-publish","4":"has-post-thumbnail","6":"product_brand-famirel-il-lt","7":"product_cat-serumai","9":"first","10":"instock","11":"taxable","12":"shipping-taxable","13":"product-type-simple"},"_links":{"self":[{"href":"https:\/\/e.kosmolat.eu\/lt\/wp-json\/wp\/v2\/product\/66245","targetHints":{"allow":["GET"]}}],"collection":[{"href":"https:\/\/e.kosmolat.eu\/lt\/wp-json\/wp\/v2\/product"}],"about":[{"href":"https:\/\/e.kosmolat.eu\/lt\/wp-json\/wp\/v2\/types\/product"}],"wp:featuredmedia":[{"embeddable":true,"href":"https:\/\/e.kosmolat.eu\/lt\/wp-json\/wp\/v2\/media\/102106"}],"wp:attachment":[{"href":"https:\/\/e.kosmolat.eu\/lt\/wp-json\/wp\/v2\/media?parent=66245"}],"wp:term":[{"taxonomy":"product_cat","embeddable":true,"href":"https:\/\/e.kosmolat.eu\/lt\/wp-json\/wp\/v2\/product_cat?post=66245"},{"taxonomy":"product_tag","embeddable":true,"href":"https:\/\/e.kosmolat.eu\/lt\/wp-json\/wp\/v2\/product_tag?post=66245"}],"curies":[{"name":"wp","href":"https:\/\/api.w.org\/{rel}","templated":true}]}}