{"id":66229,"date":"2025-03-25T05:21:48","date_gmt":"2025-03-25T05:21:48","guid":{"rendered":"https:\/\/e.kosmolat.eu\/product\/famirel-marula-oil-matu-kondic-ar-marulas-un-linseklu-ellam-500-ml\/"},"modified":"2026-04-20T11:34:13","modified_gmt":"2026-04-20T11:34:13","slug":"famirel-marula-oil-matu-kondic-ar-marulas-un-linseklu-ellam-500-ml","status":"publish","type":"product","link":"https:\/\/e.kosmolat.eu\/lt\/produktas\/famirel-marula-oil-matu-kondic-ar-marulas-un-linseklu-ellam-500-ml\/","title":{"rendered":"FAMIREL Marula Oil Kondicionierius plaukams su maruli\u0173 ir lin\u0173 aliejumi, 500 ml"},"content":{"rendered":"<p>Kondicionierius su marul\u0173 aliejumi atkuria pa\u017eeistus plaukus po cheminio su\u0161ukavimo, da\u017eymo ar terminio formavimo. Jis praturtintas lin\u0173 s\u0117men\u0173 aliejumi, vitaminu B5 ir keratinu, kurie skatina plauk\u0173 augim\u0105 ir ma\u017eina plauk\u0173 l\u016b\u017ein\u0117jim\u0105. Kondicionierius taip pat padeda ma\u017einti skilin\u0117jan\u010dius galiukus, tod\u0117l plaukai tampa glotn\u016bs, \u0161ilkiniai ir \u017evilgantys!<br \/>\nNaudojimas: Tepkite ant dr\u0117gn\u0173 plauk\u0173 po plovimo \u0161amp\u016bnu. Paskirstykite ant plauk\u0173 galiuk\u0173, palikite 3-5 minutes, tada kruop\u0161\u010diai i\u0161skalaukite..<br \/>\nAtsargumo priemon\u0117s:<br \/>\n\u2022 Naudokite tik pagal paskirt\u012f.<br \/>\n\u2022 Neprarykite.<br \/>\n\u2022 Venkite patekimo \u012f akis.<br \/>\n\u2022 Laikyti vaikams nepasiekiamoje vietoje.<br \/>\n\u2022 Nenaudokite, jei yra individualus jautrumas komponentams.<br \/>\n\u2022 Jei atsiranda dirginimas, nedelsiant nutraukite naudojim\u0105.<br \/>\n\u2022 Tik i\u0161oriniam naudojimui<br \/>\n\u2022 Sud\u0117tyje n\u0117ra paraben\u0173.<\/p>\n<p>Laikymo s\u0105lygos: laikyti nuo +5 iki +39 \u00b0C temperat\u016broje, o santykin\u0117 oro dr\u0117gm\u0117 55-70%.<\/p>\n","protected":false},"excerpt":{"rendered":"<p>Kondicionierius su marul\u0173 aliejumi atkuria pa\u017eeistus plaukus po cheminio su\u0161ukavimo, da\u017eymo ar terminio formavimo. Jis praturtintas lin\u0173 s\u0117men\u0173 aliejumi, vitaminu B5 ir keratinu, kurie skatina plauk\u0173 augim\u0105 ir ma\u017eina plauk\u0173 l\u016b\u017ein\u0117jim\u0105. Kondicionierius taip pat padeda ma\u017einti skilin\u0117jan\u010dius galiukus, tod\u0117l plaukai tampa glotn\u016bs, \u0161ilkiniai ir \u017evilgantys! Naudojimas: Tepkite ant dr\u0117gn\u0173 plauk\u0173 po plovimo \u0161amp\u016bnu. Paskirstykite ant [&#8230;]\n","protected":false},"featured_media":102239,"template":"","meta":[],"product_cat":[1640],"product_tag":[],"class_list":{"0":"post-66229","1":"product","2":"type-product","3":"status-publish","4":"has-post-thumbnail","6":"product_brand-famirel-il-lt","7":"product_cat-balzamai","9":"first","10":"instock","11":"taxable","12":"shipping-taxable","13":"product-type-simple"},"_links":{"self":[{"href":"https:\/\/e.kosmolat.eu\/lt\/wp-json\/wp\/v2\/product\/66229","targetHints":{"allow":["GET"]}}],"collection":[{"href":"https:\/\/e.kosmolat.eu\/lt\/wp-json\/wp\/v2\/product"}],"about":[{"href":"https:\/\/e.kosmolat.eu\/lt\/wp-json\/wp\/v2\/types\/product"}],"wp:featuredmedia":[{"embeddable":true,"href":"https:\/\/e.kosmolat.eu\/lt\/wp-json\/wp\/v2\/media\/102239"}],"wp:attachment":[{"href":"https:\/\/e.kosmolat.eu\/lt\/wp-json\/wp\/v2\/media?parent=66229"}],"wp:term":[{"taxonomy":"product_cat","embeddable":true,"href":"https:\/\/e.kosmolat.eu\/lt\/wp-json\/wp\/v2\/product_cat?post=66229"},{"taxonomy":"product_tag","embeddable":true,"href":"https:\/\/e.kosmolat.eu\/lt\/wp-json\/wp\/v2\/product_tag?post=66229"}],"curies":[{"name":"wp","href":"https:\/\/api.w.org\/{rel}","templated":true}]}}