{"id":66221,"date":"2025-03-25T05:21:30","date_gmt":"2025-03-25T05:21:30","guid":{"rendered":"https:\/\/e.kosmolat.eu\/product\/famirel-marula-oil-samp-normaiem-matiem-ar-marulas-ell-un-az-cent-ekst-500-ml\/"},"modified":"2026-03-04T14:41:30","modified_gmt":"2026-03-04T14:41:30","slug":"famirel-marula-oil-samp-normaiem-matiem-ar-marulas-ell-un-az-cent-ekst-500-ml","status":"publish","type":"product","link":"https:\/\/e.kosmolat.eu\/lt\/produktas\/famirel-marula-oil-samp-normaiem-matiem-ar-marulas-ell-un-az-cent-ekst-500-ml\/","title":{"rendered":"FAMIREL Marula Oil \u0160amp\u016bnas normaliems plaukams su maruli\u0173 aliejumi ir centel\u0117mis, 500 ml"},"content":{"rendered":"<p>Valo ir dr\u0117kina plaukus ir galvos od\u0105. Sud\u0117tyje yra marula ir centella asiatica ekstrakt\u0173, kurie papildomai dr\u0117kina ir apsaugo nuo i\u0161orini\u0173 aplinkos veiksni\u0173.<\/p>\n<p>Naudojimas: Paimkite nedidel\u012f kiek\u012f \u0161amp\u016bno ir \u0161velniai \u012fmasa\u017euokite \u012f dr\u0117gnus plaukus ir galvos od\u0105. Paskirstykite j\u012f per vis\u0105 plauk\u0173 ilg\u012f. Nuplaukite plaukus ir galvos od\u0105 tekan\u010diu vandeniu.<\/p>\n<p>Atsargumo priemon\u0117s:<br \/>\n\u2022 Naudokite tik pagal paskirt\u012f.<br \/>\n\u2022 Neprarykite.<br \/>\n\u2022 Venkite patekimo \u012f akis.<br \/>\n\u2022 Laikyti vaikams nepasiekiamoje vietoje.<br \/>\n\u2022 Nenaudokite, jei yra individualus jautrumas komponentams.<br \/>\n\u2022 Jei atsiranda dirginimas, nedelsiant nutraukite naudojim\u0105.<br \/>\n\u2022 Tik i\u0161oriniam naudojimui<br \/>\n\u2022 Sud\u0117tyje n\u0117ra paraben\u0173.<\/p>\n<p>Laikymo s\u0105lygos: laikyti nuo +5 iki +39 \u00b0C temperat\u016broje, o santykin\u0117 oro dr\u0117gm\u0117 55-70%.<\/p>\n","protected":false},"excerpt":{"rendered":"<p>Valo ir dr\u0117kina plaukus ir galvos od\u0105. Sud\u0117tyje yra marula ir centella asiatica ekstrakt\u0173, kurie papildomai dr\u0117kina ir apsaugo nuo i\u0161orini\u0173 aplinkos veiksni\u0173. Naudojimas: Paimkite nedidel\u012f kiek\u012f \u0161amp\u016bno ir \u0161velniai \u012fmasa\u017euokite \u012f dr\u0117gnus plaukus ir galvos od\u0105. Paskirstykite j\u012f per vis\u0105 plauk\u0173 ilg\u012f. Nuplaukite plaukus ir galvos od\u0105 tekan\u010diu vandeniu. Atsargumo priemon\u0117s: \u2022 Naudokite tik [&#8230;]\n","protected":false},"featured_media":101458,"template":"","meta":[],"product_cat":[1251],"product_tag":[],"class_list":{"0":"post-66221","1":"product","2":"type-product","3":"status-publish","4":"has-post-thumbnail","6":"product_brand-famirel-il-lt","7":"product_cat-sampunai","9":"first","10":"instock","11":"taxable","12":"shipping-taxable","13":"product-type-simple"},"_links":{"self":[{"href":"https:\/\/e.kosmolat.eu\/lt\/wp-json\/wp\/v2\/product\/66221","targetHints":{"allow":["GET"]}}],"collection":[{"href":"https:\/\/e.kosmolat.eu\/lt\/wp-json\/wp\/v2\/product"}],"about":[{"href":"https:\/\/e.kosmolat.eu\/lt\/wp-json\/wp\/v2\/types\/product"}],"wp:featuredmedia":[{"embeddable":true,"href":"https:\/\/e.kosmolat.eu\/lt\/wp-json\/wp\/v2\/media\/101458"}],"wp:attachment":[{"href":"https:\/\/e.kosmolat.eu\/lt\/wp-json\/wp\/v2\/media?parent=66221"}],"wp:term":[{"taxonomy":"product_cat","embeddable":true,"href":"https:\/\/e.kosmolat.eu\/lt\/wp-json\/wp\/v2\/product_cat?post=66221"},{"taxonomy":"product_tag","embeddable":true,"href":"https:\/\/e.kosmolat.eu\/lt\/wp-json\/wp\/v2\/product_tag?post=66221"}],"curies":[{"name":"wp","href":"https:\/\/api.w.org\/{rel}","templated":true}]}}