{"id":66213,"date":"2025-03-25T05:21:10","date_gmt":"2025-03-25T05:21:10","guid":{"rendered":"https:\/\/e.kosmolat.eu\/product\/famirel-marula-oil-sampuns-kras-un-sausi-matiem-ar-marulas-el-un-pitaijas-ekstr-500-ml\/"},"modified":"2026-04-16T13:34:38","modified_gmt":"2026-04-16T13:34:38","slug":"famirel-marula-oil-sampuns-kras-un-sausi-matiem-ar-marulas-el-un-pitaijas-ekstr-500-ml","status":"publish","type":"product","link":"https:\/\/e.kosmolat.eu\/lt\/produktas\/famirel-marula-oil-sampuns-kras-un-sausi-matiem-ar-marulas-el-un-pitaijas-ekstr-500-ml\/","title":{"rendered":"FAMIREL Marula Oil \u0160amp\u016bnas da\u017eytiems ir sausiems plaukams su marul\u0173 aliejumi ir kertuo\u010di\u0173 ekstraktu"},"content":{"rendered":"<p>Speciali formul\u0117 i\u0161saugo j\u016bs\u0173 plauk\u0173 spalv\u0105 ilgam, i\u0161laikant \u0161velnum\u0105 ir aksomi\u0161kum\u0105. Neleid\u017eia greitam plauk\u0173 odeli\u0173 atsiv\u0117rimui, leid\u017eia spalvai i\u0161likti viduje, \u0161velniai valo ir dr\u0117kina galvos od\u0105.<\/p>\n<p>Naudojimas: Paimkite nedidel\u012f kiek\u012f \u0161amp\u016bno ir \u0161velniai \u012fmasa\u017euokite \u012f dr\u0117gnus plaukus ir galvos od\u0105. Paskirstykite j\u012f per vis\u0105 plauk\u0173 ilg\u012f. Nuplaukite plaukus ir galvos od\u0105 tekan\u010diu vandeniu.<\/p>\n<p>Atsargumo priemon\u0117s:<br \/>\n\u2022 Naudokite tik pagal paskirt\u012f.<br \/>\n\u2022 Neprarykite.<br \/>\n\u2022 Venkite patekimo \u012f akis.<br \/>\n\u2022 Laikyti vaikams nepasiekiamoje vietoje.<br \/>\n\u2022 Nenaudokite, jei yra individualus jautrumas komponentams.<br \/>\n\u2022 Jei atsiranda dirginimas, nedelsiant nutraukite naudojim\u0105.<br \/>\n\u2022 Tik i\u0161oriniam naudojimui<br \/>\n\u2022 Sud\u0117tyje n\u0117ra paraben\u0173.<\/p>\n<p>Laikymo s\u0105lygos: laikyti nuo +5 iki +39 \u00b0C temperat\u016broje, o santykin\u0117 oro dr\u0117gm\u0117 55-70%.<\/p>\n","protected":false},"excerpt":{"rendered":"<p>Speciali formul\u0117 i\u0161saugo j\u016bs\u0173 plauk\u0173 spalv\u0105 ilgam, i\u0161laikant \u0161velnum\u0105 ir aksomi\u0161kum\u0105. Neleid\u017eia greitam plauk\u0173 odeli\u0173 atsiv\u0117rimui, leid\u017eia spalvai i\u0161likti viduje, \u0161velniai valo ir dr\u0117kina galvos od\u0105. Naudojimas: Paimkite nedidel\u012f kiek\u012f \u0161amp\u016bno ir \u0161velniai \u012fmasa\u017euokite \u012f dr\u0117gnus plaukus ir galvos od\u0105. Paskirstykite j\u012f per vis\u0105 plauk\u0173 ilg\u012f. Nuplaukite plaukus ir galvos od\u0105 tekan\u010diu vandeniu. Atsargumo priemon\u0117s: [&#8230;]\n","protected":false},"featured_media":101454,"template":"","meta":[],"product_cat":[1251],"product_tag":[],"class_list":{"0":"post-66213","1":"product","2":"type-product","3":"status-publish","4":"has-post-thumbnail","6":"product_brand-famirel-il-lt","7":"product_cat-sampunai","9":"first","10":"instock","11":"taxable","12":"shipping-taxable","13":"product-type-simple"},"_links":{"self":[{"href":"https:\/\/e.kosmolat.eu\/lt\/wp-json\/wp\/v2\/product\/66213","targetHints":{"allow":["GET"]}}],"collection":[{"href":"https:\/\/e.kosmolat.eu\/lt\/wp-json\/wp\/v2\/product"}],"about":[{"href":"https:\/\/e.kosmolat.eu\/lt\/wp-json\/wp\/v2\/types\/product"}],"wp:featuredmedia":[{"embeddable":true,"href":"https:\/\/e.kosmolat.eu\/lt\/wp-json\/wp\/v2\/media\/101454"}],"wp:attachment":[{"href":"https:\/\/e.kosmolat.eu\/lt\/wp-json\/wp\/v2\/media?parent=66213"}],"wp:term":[{"taxonomy":"product_cat","embeddable":true,"href":"https:\/\/e.kosmolat.eu\/lt\/wp-json\/wp\/v2\/product_cat?post=66213"},{"taxonomy":"product_tag","embeddable":true,"href":"https:\/\/e.kosmolat.eu\/lt\/wp-json\/wp\/v2\/product_tag?post=66213"}],"curies":[{"name":"wp","href":"https:\/\/api.w.org\/{rel}","templated":true}]}}