{"id":66205,"date":"2025-03-25T05:20:55","date_gmt":"2025-03-25T05:20:55","guid":{"rendered":"https:\/\/e.kosmolat.eu\/product\/famirel-marula-oil-sampuns-galvas-adas-attiris-ar-marulas-ellu-500-ml\/"},"modified":"2026-03-04T14:41:19","modified_gmt":"2026-03-04T14:41:19","slug":"famirel-marula-oil-sampuns-galvas-adas-attiris-ar-marulas-ellu-500-ml","status":"publish","type":"product","link":"https:\/\/e.kosmolat.eu\/lt\/produktas\/famirel-marula-oil-sampuns-galvas-adas-attiris-ar-marulas-ellu-500-ml\/","title":{"rendered":"FAMIREL Marula Oil galvos od\u0105 valantis \u0161amp\u016bnas su maruli\u0173 aliejumi, \u0161alavijais, rozmarinais ir leva"},"content":{"rendered":"<p>\u0160amp\u016bnas pa\u0161alina ne\u0161varumus, riebalus ir kit\u0173 ne\u0161varum\u0173 sankaupas, tod\u0117l palaiko optimali\u0105 galvos odos higien\u0105. Sukurtas su maruli\u0173 aliejumi ir galingais augaliniais ekstraktais, atgaivina galvos od\u0105 ir suteikia ideal\u0173 pagrind\u0105 sveikai galvos odai ir spindintiems plaukams.<\/p>\n<p>Naudojimas: Paimkite nedidel\u012f kiek\u012f \u0161amp\u016bno ir \u0161velniai \u012fmasa\u017euokite \u012f dr\u0117gnus plaukus ir galvos od\u0105. Paskirstykite j\u012f per vis\u0105 plauk\u0173 ilg\u012f. Nuplaukite plaukus ir galvos od\u0105 tekan\u010diu vandeniu.<\/p>\n<p>Atsargumo priemon\u0117s:<br \/>\n\u2022 Naudokite tik pagal paskirt\u012f.<br \/>\n\u2022 Neprarykite.<br \/>\n\u2022 Venkite patekimo \u012f akis.<br \/>\n\u2022 Laikyti vaikams nepasiekiamoje vietoje.<br \/>\n\u2022 Nenaudokite, jei yra individualus jautrumas komponentams.<br \/>\n\u2022 Jei atsiranda dirginimas, nedelsiant nutraukite naudojim\u0105.<br \/>\n\u2022 Tik i\u0161oriniam naudojimui<br \/>\n\u2022 Sud\u0117tyje n\u0117ra paraben\u0173.<\/p>\n<p>Laikymo s\u0105lygos: laikyti nuo +5 iki +39 \u00b0C temperat\u016broje, o santykin\u0117 oro dr\u0117gm\u0117 55-70%.<\/p>\n","protected":false},"excerpt":{"rendered":"<p>\u0160amp\u016bnas pa\u0161alina ne\u0161varumus, riebalus ir kit\u0173 ne\u0161varum\u0173 sankaupas, tod\u0117l palaiko optimali\u0105 galvos odos higien\u0105. Sukurtas su maruli\u0173 aliejumi ir galingais augaliniais ekstraktais, atgaivina galvos od\u0105 ir suteikia ideal\u0173 pagrind\u0105 sveikai galvos odai ir spindintiems plaukams. Naudojimas: Paimkite nedidel\u012f kiek\u012f \u0161amp\u016bno ir \u0161velniai \u012fmasa\u017euokite \u012f dr\u0117gnus plaukus ir galvos od\u0105. Paskirstykite j\u012f per vis\u0105 plauk\u0173 ilg\u012f. [&#8230;]\n","protected":false},"featured_media":102347,"template":"","meta":[],"product_cat":[1251],"product_tag":[],"class_list":{"0":"post-66205","1":"product","2":"type-product","3":"status-publish","4":"has-post-thumbnail","6":"product_brand-famirel-il-lt","7":"product_cat-sampunai","9":"first","10":"instock","11":"taxable","12":"shipping-taxable","13":"product-type-simple"},"_links":{"self":[{"href":"https:\/\/e.kosmolat.eu\/lt\/wp-json\/wp\/v2\/product\/66205","targetHints":{"allow":["GET"]}}],"collection":[{"href":"https:\/\/e.kosmolat.eu\/lt\/wp-json\/wp\/v2\/product"}],"about":[{"href":"https:\/\/e.kosmolat.eu\/lt\/wp-json\/wp\/v2\/types\/product"}],"wp:featuredmedia":[{"embeddable":true,"href":"https:\/\/e.kosmolat.eu\/lt\/wp-json\/wp\/v2\/media\/102347"}],"wp:attachment":[{"href":"https:\/\/e.kosmolat.eu\/lt\/wp-json\/wp\/v2\/media?parent=66205"}],"wp:term":[{"taxonomy":"product_cat","embeddable":true,"href":"https:\/\/e.kosmolat.eu\/lt\/wp-json\/wp\/v2\/product_cat?post=66205"},{"taxonomy":"product_tag","embeddable":true,"href":"https:\/\/e.kosmolat.eu\/lt\/wp-json\/wp\/v2\/product_tag?post=66205"}],"curies":[{"name":"wp","href":"https:\/\/api.w.org\/{rel}","templated":true}]}}