{"id":66197,"date":"2025-03-25T05:20:34","date_gmt":"2025-03-25T05:20:34","guid":{"rendered":"https:\/\/e.kosmolat.eu\/product\/famirel-marula-oil-samp-planiem-matiem-ar-marulas-un-kviesu-digstu-el-500-ml\/"},"modified":"2026-04-14T16:33:42","modified_gmt":"2026-04-14T16:33:42","slug":"famirel-marula-oil-samp-planiem-matiem-ar-marulas-un-kviesu-digstu-el-500-ml","status":"publish","type":"product","link":"https:\/\/e.kosmolat.eu\/lt\/produktas\/famirel-marula-oil-samp-planiem-matiem-ar-marulas-un-kviesu-digstu-el-500-ml\/","title":{"rendered":"FAMIREL Marula Oil \u0160amp\u016bnas ploniems plaukams su marul\u0173 ir kvie\u010di\u0173 gemal\u0173 aliejais, 500 ml"},"content":{"rendered":"<p>\u0160velniai valo plaukus ir atrodo sveikai j\u0173 neapsunkindamas. Formul\u0117 palieka juos dr\u0117kinamus ir mink\u0161tus.<\/p>\n<p>Naudojimas: Paimkite nedidel\u012f kiek\u012f \u0161amp\u016bno ir \u0161velniai \u012fmasa\u017euokite \u012f dr\u0117gnus plaukus ir galvos od\u0105. Paskirstykite j\u012f per vis\u0105 plauk\u0173 ilg\u012f. Nuplaukite plaukus ir galvos od\u0105 tekan\u010diu vandeniu.<\/p>\n<p>Atsargumo priemon\u0117s:<br \/>\n\u2022 Naudokite tik pagal paskirt\u012f.<br \/>\n\u2022 Neprarykite.<br \/>\n\u2022 Venkite patekimo \u012f akis.<br \/>\n\u2022 Laikyti vaikams nepasiekiamoje vietoje.<br \/>\n\u2022 Nenaudokite, jei yra individualus jautrumas komponentams.<br \/>\n\u2022 Jei atsiranda dirginimas, nedelsiant nutraukite naudojim\u0105.<br \/>\n\u2022 Tik i\u0161oriniam naudojimui<br \/>\n\u2022 Sud\u0117tyje n\u0117ra paraben\u0173.<\/p>\n<p>Laikymo s\u0105lygos: laikyti nuo +5 iki +39 \u00b0C temperat\u016broje, o santykin\u0117 oro dr\u0117gm\u0117 55-70%.<\/p>\n","protected":false},"excerpt":{"rendered":"<p>\u0160velniai valo plaukus ir atrodo sveikai j\u0173 neapsunkindamas. Formul\u0117 palieka juos dr\u0117kinamus ir mink\u0161tus. Naudojimas: Paimkite nedidel\u012f kiek\u012f \u0161amp\u016bno ir \u0161velniai \u012fmasa\u017euokite \u012f dr\u0117gnus plaukus ir galvos od\u0105. Paskirstykite j\u012f per vis\u0105 plauk\u0173 ilg\u012f. Nuplaukite plaukus ir galvos od\u0105 tekan\u010diu vandeniu. Atsargumo priemon\u0117s: \u2022 Naudokite tik pagal paskirt\u012f. \u2022 Neprarykite. \u2022 Venkite patekimo \u012f akis. [&#8230;]\n","protected":false},"featured_media":102102,"template":"","meta":[],"product_cat":[1251],"product_tag":[],"class_list":{"0":"post-66197","1":"product","2":"type-product","3":"status-publish","4":"has-post-thumbnail","6":"product_brand-famirel-il-lt","7":"product_cat-sampunai","9":"first","10":"instock","11":"taxable","12":"shipping-taxable","13":"product-type-simple"},"_links":{"self":[{"href":"https:\/\/e.kosmolat.eu\/lt\/wp-json\/wp\/v2\/product\/66197","targetHints":{"allow":["GET"]}}],"collection":[{"href":"https:\/\/e.kosmolat.eu\/lt\/wp-json\/wp\/v2\/product"}],"about":[{"href":"https:\/\/e.kosmolat.eu\/lt\/wp-json\/wp\/v2\/types\/product"}],"wp:featuredmedia":[{"embeddable":true,"href":"https:\/\/e.kosmolat.eu\/lt\/wp-json\/wp\/v2\/media\/102102"}],"wp:attachment":[{"href":"https:\/\/e.kosmolat.eu\/lt\/wp-json\/wp\/v2\/media?parent=66197"}],"wp:term":[{"taxonomy":"product_cat","embeddable":true,"href":"https:\/\/e.kosmolat.eu\/lt\/wp-json\/wp\/v2\/product_cat?post=66197"},{"taxonomy":"product_tag","embeddable":true,"href":"https:\/\/e.kosmolat.eu\/lt\/wp-json\/wp\/v2\/product_tag?post=66197"}],"curies":[{"name":"wp","href":"https:\/\/api.w.org\/{rel}","templated":true}]}}