{"id":66189,"date":"2025-03-25T05:20:16","date_gmt":"2025-03-25T05:20:16","guid":{"rendered":"https:\/\/e.kosmolat.eu\/product\/famirel-argan-oil-matu-serums-ar-argana-ellu-atjaunos-un-aizsardz-50-ml\/"},"modified":"2026-04-14T16:33:29","modified_gmt":"2026-04-14T16:33:29","slug":"famirel-argan-oil-matu-serums-ar-argana-ellu-atjaunos-un-aizsardz-50-ml","status":"publish","type":"product","link":"https:\/\/e.kosmolat.eu\/lt\/produktas\/famirel-argan-oil-matu-serums-ar-argana-ellu-atjaunos-un-aizsardz-50-ml\/","title":{"rendered":"FAMIREL Plauk\u0173 serumas su argan\u0173 aliejumi Atkuriantis ir apsaugantis, 50 ml"},"content":{"rendered":"<p>Serumas su argano aliejumi suteikia plaukams \u017evilgesio, maitina ir mink\u0161tina juos. Apsaugo nuo termin\u0117s \u017ealos ir padeda pa\u0161alinti statin\u012f kr\u016bv\u012f.<br \/>\nNaudojimas: u\u017etepkite nedidel\u012f kiek\u012f serumo ant dr\u0117gn\u0173 plauk\u0173, tada i\u0161d\u017eiovinkite, formuokite ir su\u0161ukuokite, kad produktas tolygiai pasiskirstyt\u0173 ir suteiktum\u0117te plaukams nat\u016bral\u0173, sveik\u0105 i\u0161vaizd\u0105.<\/p>\n<p>Atsargumo priemon\u0117s:<br \/>\n\u2022 Naudokite tik pagal paskirt\u012f.<br \/>\n\u2022 Neprarykite.<br \/>\n\u2022 Venkite patekimo \u012f akis.<br \/>\n\u2022 Laikyti vaikams nepasiekiamoje vietoje.<br \/>\n\u2022 Nenaudokite, jei yra individualus jautrumas komponentams.<br \/>\n\u2022 Jei atsiranda dirginimas, nedelsiant nutraukite naudojim\u0105.<br \/>\n\u2022 Tik i\u0161oriniam naudojimui<br \/>\n\u2022 Sud\u0117tyje n\u0117ra paraben\u0173.<\/p>\n<p>Laikymo s\u0105lygos: laikyti nuo +5 iki +39 \u00b0C temperat\u016broje, o santykin\u0117 oro dr\u0117gm\u0117 55-70%.<\/p>\n","protected":false},"excerpt":{"rendered":"<p>Serumas su argano aliejumi suteikia plaukams \u017evilgesio, maitina ir mink\u0161tina juos. Apsaugo nuo termin\u0117s \u017ealos ir padeda pa\u0161alinti statin\u012f kr\u016bv\u012f. Naudojimas: u\u017etepkite nedidel\u012f kiek\u012f serumo ant dr\u0117gn\u0173 plauk\u0173, tada i\u0161d\u017eiovinkite, formuokite ir su\u0161ukuokite, kad produktas tolygiai pasiskirstyt\u0173 ir suteiktum\u0117te plaukams nat\u016bral\u0173, sveik\u0105 i\u0161vaizd\u0105. Atsargumo priemon\u0117s: \u2022 Naudokite tik pagal paskirt\u012f. \u2022 Neprarykite. \u2022 Venkite patekimo [&#8230;]\n","protected":false},"featured_media":102098,"template":"","meta":[],"product_cat":[1345],"product_tag":[],"class_list":{"0":"post-66189","1":"product","2":"type-product","3":"status-publish","4":"has-post-thumbnail","6":"product_brand-famirel-il-lt","7":"product_cat-kitos-plauku-prieziuros-priemones","9":"first","10":"instock","11":"taxable","12":"shipping-taxable","13":"product-type-simple"},"_links":{"self":[{"href":"https:\/\/e.kosmolat.eu\/lt\/wp-json\/wp\/v2\/product\/66189","targetHints":{"allow":["GET"]}}],"collection":[{"href":"https:\/\/e.kosmolat.eu\/lt\/wp-json\/wp\/v2\/product"}],"about":[{"href":"https:\/\/e.kosmolat.eu\/lt\/wp-json\/wp\/v2\/types\/product"}],"wp:featuredmedia":[{"embeddable":true,"href":"https:\/\/e.kosmolat.eu\/lt\/wp-json\/wp\/v2\/media\/102098"}],"wp:attachment":[{"href":"https:\/\/e.kosmolat.eu\/lt\/wp-json\/wp\/v2\/media?parent=66189"}],"wp:term":[{"taxonomy":"product_cat","embeddable":true,"href":"https:\/\/e.kosmolat.eu\/lt\/wp-json\/wp\/v2\/product_cat?post=66189"},{"taxonomy":"product_tag","embeddable":true,"href":"https:\/\/e.kosmolat.eu\/lt\/wp-json\/wp\/v2\/product_tag?post=66189"}],"curies":[{"name":"wp","href":"https:\/\/api.w.org\/{rel}","templated":true}]}}