{"id":66181,"date":"2025-03-25T05:19:55","date_gmt":"2025-03-25T05:19:55","guid":{"rendered":"https:\/\/e.kosmolat.eu\/product\/famirel-argan-oil-matu-maska-ar-argana-ellu-atjaun-un-aizsardz-250-ml\/"},"modified":"2026-04-16T13:34:21","modified_gmt":"2026-04-16T13:34:21","slug":"famirel-argan-oil-matu-maska-ar-argana-ellu-atjaun-un-aizsardz-250-ml","status":"publish","type":"product","link":"https:\/\/e.kosmolat.eu\/lt\/produktas\/famirel-argan-oil-matu-maska-ar-argana-ellu-atjaun-un-aizsardz-250-ml\/","title":{"rendered":"FAMIREL Argan Oil Plauk\u0173 kauk\u0117 su argan\u0173 aliejumi Atkuriamoji ir apsauganti, 250 ml"},"content":{"rendered":"<p>Turtinga antioksidacini\u0173 savybi\u0173, argan\u0173 aliejaus plauk\u0173 kauk\u0117 padeda kovoti su pa\u017eeidimais, dr\u0117kina plaukus ir apsaugo nuo skilin\u0117jimo bei l\u016b\u017ein\u0117jimo.<\/p>\n<p>Naudojimas: Tepkite ant \u0161vari\u0173, dr\u0117gn\u0173 plauk\u0173. Palikite 3-5 minutes, tada kruop\u0161\u010diai nuplaukite. Naudokite 1-2 kartus per savait\u0119<br \/>\nAtsargumo priemon\u0117s:<br \/>\n\u2022 Naudokite tik pagal paskirt\u012f.<br \/>\n\u2022 Neprarykite.<br \/>\n\u2022 Venkite patekimo \u012f akis.<br \/>\n\u2022 Laikyti vaikams nepasiekiamoje vietoje.<br \/>\n\u2022 Nenaudokite, jei yra individualus jautrumas komponentams.<br \/>\n\u2022 Jei atsiranda dirginimas, nedelsiant nutraukite naudojim\u0105.<br \/>\n\u2022 Tik i\u0161oriniam naudojimui<br \/>\n\u2022 Sud\u0117tyje n\u0117ra paraben\u0173.<\/p>\n<p>Laikymo s\u0105lygos: laikyti nuo +5 iki +39 \u00b0C temperat\u016broje, o santykin\u0117 oro dr\u0117gm\u0117 55-70%.<\/p>\n","protected":false},"excerpt":{"rendered":"<p>Turtinga antioksidacini\u0173 savybi\u0173, argan\u0173 aliejaus plauk\u0173 kauk\u0117 padeda kovoti su pa\u017eeidimais, dr\u0117kina plaukus ir apsaugo nuo skilin\u0117jimo bei l\u016b\u017ein\u0117jimo. Naudojimas: Tepkite ant \u0161vari\u0173, dr\u0117gn\u0173 plauk\u0173. Palikite 3-5 minutes, tada kruop\u0161\u010diai nuplaukite. Naudokite 1-2 kartus per savait\u0119 Atsargumo priemon\u0117s: \u2022 Naudokite tik pagal paskirt\u012f. \u2022 Neprarykite. \u2022 Venkite patekimo \u012f akis. \u2022 Laikyti vaikams nepasiekiamoje vietoje. [&#8230;]\n","protected":false},"featured_media":101474,"template":"","meta":[],"product_cat":[1256],"product_tag":[],"class_list":{"0":"post-66181","1":"product","2":"type-product","3":"status-publish","4":"has-post-thumbnail","6":"product_brand-famirel-il-lt","7":"product_cat-plauku-kaukes","9":"first","10":"instock","11":"taxable","12":"shipping-taxable","13":"product-type-simple"},"_links":{"self":[{"href":"https:\/\/e.kosmolat.eu\/lt\/wp-json\/wp\/v2\/product\/66181","targetHints":{"allow":["GET"]}}],"collection":[{"href":"https:\/\/e.kosmolat.eu\/lt\/wp-json\/wp\/v2\/product"}],"about":[{"href":"https:\/\/e.kosmolat.eu\/lt\/wp-json\/wp\/v2\/types\/product"}],"wp:featuredmedia":[{"embeddable":true,"href":"https:\/\/e.kosmolat.eu\/lt\/wp-json\/wp\/v2\/media\/101474"}],"wp:attachment":[{"href":"https:\/\/e.kosmolat.eu\/lt\/wp-json\/wp\/v2\/media?parent=66181"}],"wp:term":[{"taxonomy":"product_cat","embeddable":true,"href":"https:\/\/e.kosmolat.eu\/lt\/wp-json\/wp\/v2\/product_cat?post=66181"},{"taxonomy":"product_tag","embeddable":true,"href":"https:\/\/e.kosmolat.eu\/lt\/wp-json\/wp\/v2\/product_tag?post=66181"}],"curies":[{"name":"wp","href":"https:\/\/api.w.org\/{rel}","templated":true}]}}